{"id":2121,"date":"2022-01-02T15:27:28","date_gmt":"2022-01-02T15:27:28","guid":{"rendered":"https:\/\/lovelybrows.ch\/produkt\/abonnement-de-10-au-traitement-lovely-brows\/"},"modified":"2025-12-02T00:06:13","modified_gmt":"2025-12-02T00:06:13","slug":"joli-sourcils-traitement-10-abonnement","status":"publish","type":"product","link":"https:\/\/lovelybrows.ch\/fr\/produkt\/joli-sourcils-traitement-10-abonnement\/","title":{"rendered":"Abonnement de 10 Lovely Brows Treatments"},"content":{"rendered":"<h2 style=\"text-align: left;\">1 x 10 abonnement \u00ab\u00a0LOVELY BROWS\u00a0\u00bb<\/h2>\n<p>&nbsp;<\/p>\n<p>L&rsquo;abonnement vous donne le droit d&rsquo;acheter 10 traitements Lovely Brows dans un d\u00e9lai d&rsquo;un an \u00e0 compter de la date d&rsquo;achat. L&rsquo;abonnement est personnel et incessible.<\/p>\n<p style=\"text-align: left;\">Des sourcils parfaitement coiff\u00e9s qui correspondent au visage avec le traitement Lovely Brows. Un traitement comprend les trois \u00e9tapes suivantes :<\/p>\n<p><strong>Conseils individuels<\/strong><br \/>\nNos sp\u00e9cialistes des sourcils d\u00e9finissent avec vous la forme id\u00e9ale en fonction de votre visage.<\/p>\n<p><strong>Technique du fil<\/strong><br \/>\nL\u2019\u00e9pilation des sourcils \u00e0 l\u2019aide de la technique du fil (Threading) permet de donner une forme \u00e9l\u00e9gante et parfaitement d\u00e9finie aux sourcils. M\u00eame les poils les plus fins sont \u00e9limin\u00e9s.<\/p>\n<p><strong>Finition<\/strong><br \/>\nLes derniers poils sont ensuite \u00e9pil\u00e9s \u00e0 la pince et les poils les plus longs sont raccourcis aux ciseaux.<\/p>\n<p><strong>massage<\/strong><br \/>\nNotre massage des sourcils avec un gel rafra\u00eechissant et apaisant assure une relaxation finale. Si n\u00e9cessaire, les sourcils seront ensuite maquill\u00e9s. L&rsquo;effet sourcil est maintenant parfait.<\/p>\n<p>&nbsp;<\/p>\n<p><strong>Options de paiement<\/strong><br \/>\nPr\u00e9paiement par carte de cr\u00e9dit, pas d&rsquo;exp\u00e9dition sur facture. L&rsquo;abonnement de 10 peut \u00e9galement \u00eatre obtenu chez nous dans tous les Brow Bars<\/p>\n<p><strong>Informations sur la livraison<\/strong><br \/>\nL&rsquo;abonnement sera envoy\u00e9 gratuitement par voie postale au plus tard 1 \u00e0 2 jours apr\u00e8s r\u00e9ception du paiement. En cas de commande en cadeau, merci d&rsquo;indiquer le nom du destinataire lors de la commande.<\/p>\n","protected":false},"excerpt":{"rendered":"<p>1 x 10 abonnement \u00ab\u00a0LOVELY BROWS\u00a0\u00bb &nbsp; L&rsquo;abonnement vous donne le droit d&rsquo;acheter 10 traitements Lovely Brows dans un d\u00e9lai d&rsquo;un an \u00e0 compter de la date d&rsquo;achat. L&rsquo;abonnement est personnel et incessible. Des sourcils parfaitement coiff\u00e9s qui correspondent au visage avec le traitement Lovely Brows. Un traitement comprend les trois \u00e9tapes suivantes : Conseils &#8230; <a title=\"Abonnement de 10 Lovely Brows Treatments\" class=\"read-more\" href=\"https:\/\/lovelybrows.ch\/fr\/produkt\/joli-sourcils-traitement-10-abonnement\/\" aria-label=\"Plus sur Abonnement de 10 Lovely Brows Treatments\">Lire plus<\/a><\/p>\n","protected":false},"featured_media":5326,"comment_status":"open","ping_status":"closed","template":"","meta":[],"product_brand":[],"product_cat":[42],"product_tag":[],"class_list":{"0":"post-2121","1":"product","2":"type-product","3":"status-publish","4":"has-post-thumbnail","6":"product_cat-bons-abonnements","7":"sales-flash-overlay","8":"woocommerce-text-align-center","9":"woocommerce-image-align-center","10":"do-quantity-buttons","12":"first","13":"instock","14":"taxable","15":"shipping-taxable","16":"purchasable","17":"product-type-simple"},"yoast_head":"<!-- This site is optimized with the Yoast SEO plugin v27.4 - https:\/\/yoast.com\/product\/yoast-seo-wordpress\/ -->\n<title>Abonnement de 10 Lovely Brows Treatments | Lovely Brows Shop<\/title>\n<meta name=\"description\" content=\"Achetez l&#039;abonnement 10 et ne payez que CHF 19.90 par traitement. L&#039;abonnement vous donne droit \u00e0 10 traitements Lovely Brows.\" \/>\n<meta name=\"robots\" content=\"index, follow, max-snippet:-1, max-image-preview:large, max-video-preview:-1\" \/>\n<link rel=\"canonical\" href=\"https:\/\/lovelybrows.ch\/fr\/produkt\/joli-sourcils-traitement-10-abonnement\/\" \/>\n<meta property=\"og:locale\" content=\"fr_FR\" \/>\n<meta property=\"og:type\" content=\"article\" \/>\n<meta property=\"og:title\" content=\"Abonnement de 10 Lovely Brows Treatments | Lovely Brows Shop\" \/>\n<meta property=\"og:description\" content=\"Achetez l&#039;abonnement 10 et ne payez que CHF 19.90 par traitement. L&#039;abonnement vous donne droit \u00e0 10 traitements Lovely Brows.\" \/>\n<meta property=\"og:url\" content=\"https:\/\/lovelybrows.ch\/fr\/produkt\/joli-sourcils-traitement-10-abonnement\/\" \/>\n<meta property=\"og:site_name\" content=\"Lovely Brows - perfekte Augenbrauen &amp; Wimpern\" \/>\n<meta property=\"article:publisher\" content=\"https:\/\/www.facebook.com\/lovelybrows\" \/>\n<meta property=\"article:modified_time\" content=\"2025-12-02T00:06:13+00:00\" \/>\n<meta property=\"og:image\" content=\"https:\/\/lovelybrows.ch\/wp-content\/uploads\/2022\/01\/10erAbo_Onlineshop.png\" \/>\n\t<meta property=\"og:image:width\" content=\"800\" \/>\n\t<meta property=\"og:image:height\" content=\"533\" \/>\n\t<meta property=\"og:image:type\" content=\"image\/png\" \/>\n<meta name=\"twitter:card\" content=\"summary_large_image\" \/>\n<meta name=\"twitter:label1\" content=\"Dur\u00e9e de lecture estim\u00e9e\" \/>\n\t<meta name=\"twitter:data1\" content=\"1 minute\" \/>\n<script type=\"application\/ld+json\" class=\"yoast-schema-graph\">{\"@context\":\"https:\\\/\\\/schema.org\",\"@graph\":[{\"@type\":\"WebPage\",\"@id\":\"https:\\\/\\\/lovelybrows.ch\\\/fr\\\/produkt\\\/joli-sourcils-traitement-10-abonnement\\\/\",\"url\":\"https:\\\/\\\/lovelybrows.ch\\\/fr\\\/produkt\\\/joli-sourcils-traitement-10-abonnement\\\/\",\"name\":\"Abonnement de 10 Lovely Brows Treatments | Lovely Brows Shop\",\"isPartOf\":{\"@id\":\"https:\\\/\\\/lovelybrows.ch\\\/#website\"},\"primaryImageOfPage\":{\"@id\":\"https:\\\/\\\/lovelybrows.ch\\\/fr\\\/produkt\\\/joli-sourcils-traitement-10-abonnement\\\/#primaryimage\"},\"image\":{\"@id\":\"https:\\\/\\\/lovelybrows.ch\\\/fr\\\/produkt\\\/joli-sourcils-traitement-10-abonnement\\\/#primaryimage\"},\"thumbnailUrl\":\"https:\\\/\\\/lovelybrows.ch\\\/wp-content\\\/uploads\\\/2025\\\/11\\\/10er_Abo.png\",\"datePublished\":\"2022-01-02T15:27:28+00:00\",\"dateModified\":\"2025-12-02T00:06:13+00:00\",\"description\":\"Achetez l'abonnement 10 et ne payez que CHF 19.90 par traitement. L'abonnement vous donne droit \u00e0 10 traitements Lovely Brows.\",\"breadcrumb\":{\"@id\":\"https:\\\/\\\/lovelybrows.ch\\\/fr\\\/produkt\\\/joli-sourcils-traitement-10-abonnement\\\/#breadcrumb\"},\"inLanguage\":\"fr-FR\",\"potentialAction\":[{\"@type\":\"ReadAction\",\"target\":[\"https:\\\/\\\/lovelybrows.ch\\\/fr\\\/produkt\\\/joli-sourcils-traitement-10-abonnement\\\/\"]}]},{\"@type\":\"ImageObject\",\"inLanguage\":\"fr-FR\",\"@id\":\"https:\\\/\\\/lovelybrows.ch\\\/fr\\\/produkt\\\/joli-sourcils-traitement-10-abonnement\\\/#primaryimage\",\"url\":\"https:\\\/\\\/lovelybrows.ch\\\/wp-content\\\/uploads\\\/2025\\\/11\\\/10er_Abo.png\",\"contentUrl\":\"https:\\\/\\\/lovelybrows.ch\\\/wp-content\\\/uploads\\\/2025\\\/11\\\/10er_Abo.png\",\"width\":800,\"height\":533},{\"@type\":\"BreadcrumbList\",\"@id\":\"https:\\\/\\\/lovelybrows.ch\\\/fr\\\/produkt\\\/joli-sourcils-traitement-10-abonnement\\\/#breadcrumb\",\"itemListElement\":[{\"@type\":\"ListItem\",\"position\":1,\"name\":\"Startseite\",\"item\":\"https:\\\/\\\/lovelybrows.ch\\\/fr\\\/\"},{\"@type\":\"ListItem\",\"position\":2,\"name\":\"Boutique\",\"item\":\"https:\\\/\\\/lovelybrows.ch\\\/fr\\\/boutique\\\/\"},{\"@type\":\"ListItem\",\"position\":3,\"name\":\"Abonnement de 10 Lovely Brows Treatments\"}]},{\"@type\":\"WebSite\",\"@id\":\"https:\\\/\\\/lovelybrows.ch\\\/#website\",\"url\":\"https:\\\/\\\/lovelybrows.ch\\\/\",\"name\":\"Lovely Brows - perfekte Augenbrauen &amp; Wimpern\",\"description\":\"Perfekte Wimpern und Augenbrauen ohne Termin.\",\"publisher\":{\"@id\":\"https:\\\/\\\/lovelybrows.ch\\\/#organization\"},\"potentialAction\":[{\"@type\":\"SearchAction\",\"target\":{\"@type\":\"EntryPoint\",\"urlTemplate\":\"https:\\\/\\\/lovelybrows.ch\\\/?s={search_term_string}\"},\"query-input\":{\"@type\":\"PropertyValueSpecification\",\"valueRequired\":true,\"valueName\":\"search_term_string\"}}],\"inLanguage\":\"fr-FR\"},{\"@type\":\"Organization\",\"@id\":\"https:\\\/\\\/lovelybrows.ch\\\/#organization\",\"name\":\"Lovely Brows GmbH\",\"url\":\"https:\\\/\\\/lovelybrows.ch\\\/\",\"logo\":{\"@type\":\"ImageObject\",\"inLanguage\":\"fr-FR\",\"@id\":\"https:\\\/\\\/lovelybrows.ch\\\/#\\\/schema\\\/logo\\\/image\\\/\",\"url\":\"https:\\\/\\\/neu.lovelybrows.cyon.site\\\/neu\\\/wp-content\\\/uploads\\\/2021\\\/12\\\/lovely-brows-Logo_rgb-1.png\",\"contentUrl\":\"https:\\\/\\\/neu.lovelybrows.cyon.site\\\/neu\\\/wp-content\\\/uploads\\\/2021\\\/12\\\/lovely-brows-Logo_rgb-1.png\",\"width\":1576,\"height\":222,\"caption\":\"Lovely Brows GmbH\"},\"image\":{\"@id\":\"https:\\\/\\\/lovelybrows.ch\\\/#\\\/schema\\\/logo\\\/image\\\/\"},\"sameAs\":[\"https:\\\/\\\/www.facebook.com\\\/lovelybrows\",\"https:\\\/\\\/www.instagram.com\\\/lovelybrows_eyebrowdesign\\\/\",\"https:\\\/\\\/www.youtube.com\\\/channel\\\/UCDgUTnGnEDmOrZiwBZS6zOQ\"]}]}<\/script>\n<!-- \/ Yoast SEO plugin. -->","yoast_head_json":{"title":"Abonnement de 10 Lovely Brows Treatments | Lovely Brows Shop","description":"Achetez l'abonnement 10 et ne payez que CHF 19.90 par traitement. L'abonnement vous donne droit \u00e0 10 traitements Lovely Brows.","robots":{"index":"index","follow":"follow","max-snippet":"max-snippet:-1","max-image-preview":"max-image-preview:large","max-video-preview":"max-video-preview:-1"},"canonical":"https:\/\/lovelybrows.ch\/fr\/produkt\/joli-sourcils-traitement-10-abonnement\/","og_locale":"fr_FR","og_type":"article","og_title":"Abonnement de 10 Lovely Brows Treatments | Lovely Brows Shop","og_description":"Achetez l'abonnement 10 et ne payez que CHF 19.90 par traitement. L'abonnement vous donne droit \u00e0 10 traitements Lovely Brows.","og_url":"https:\/\/lovelybrows.ch\/fr\/produkt\/joli-sourcils-traitement-10-abonnement\/","og_site_name":"Lovely Brows - perfekte Augenbrauen &amp; Wimpern","article_publisher":"https:\/\/www.facebook.com\/lovelybrows","article_modified_time":"2025-12-02T00:06:13+00:00","og_image":[{"width":800,"height":533,"url":"https:\/\/lovelybrows.ch\/wp-content\/uploads\/2022\/01\/10erAbo_Onlineshop.png","type":"image\/png"}],"twitter_card":"summary_large_image","twitter_misc":{"Dur\u00e9e de lecture estim\u00e9e":"1 minute"},"schema":{"@context":"https:\/\/schema.org","@graph":[{"@type":"WebPage","@id":"https:\/\/lovelybrows.ch\/fr\/produkt\/joli-sourcils-traitement-10-abonnement\/","url":"https:\/\/lovelybrows.ch\/fr\/produkt\/joli-sourcils-traitement-10-abonnement\/","name":"Abonnement de 10 Lovely Brows Treatments | Lovely Brows Shop","isPartOf":{"@id":"https:\/\/lovelybrows.ch\/#website"},"primaryImageOfPage":{"@id":"https:\/\/lovelybrows.ch\/fr\/produkt\/joli-sourcils-traitement-10-abonnement\/#primaryimage"},"image":{"@id":"https:\/\/lovelybrows.ch\/fr\/produkt\/joli-sourcils-traitement-10-abonnement\/#primaryimage"},"thumbnailUrl":"https:\/\/lovelybrows.ch\/wp-content\/uploads\/2025\/11\/10er_Abo.png","datePublished":"2022-01-02T15:27:28+00:00","dateModified":"2025-12-02T00:06:13+00:00","description":"Achetez l'abonnement 10 et ne payez que CHF 19.90 par traitement. L'abonnement vous donne droit \u00e0 10 traitements Lovely Brows.","breadcrumb":{"@id":"https:\/\/lovelybrows.ch\/fr\/produkt\/joli-sourcils-traitement-10-abonnement\/#breadcrumb"},"inLanguage":"fr-FR","potentialAction":[{"@type":"ReadAction","target":["https:\/\/lovelybrows.ch\/fr\/produkt\/joli-sourcils-traitement-10-abonnement\/"]}]},{"@type":"ImageObject","inLanguage":"fr-FR","@id":"https:\/\/lovelybrows.ch\/fr\/produkt\/joli-sourcils-traitement-10-abonnement\/#primaryimage","url":"https:\/\/lovelybrows.ch\/wp-content\/uploads\/2025\/11\/10er_Abo.png","contentUrl":"https:\/\/lovelybrows.ch\/wp-content\/uploads\/2025\/11\/10er_Abo.png","width":800,"height":533},{"@type":"BreadcrumbList","@id":"https:\/\/lovelybrows.ch\/fr\/produkt\/joli-sourcils-traitement-10-abonnement\/#breadcrumb","itemListElement":[{"@type":"ListItem","position":1,"name":"Startseite","item":"https:\/\/lovelybrows.ch\/fr\/"},{"@type":"ListItem","position":2,"name":"Boutique","item":"https:\/\/lovelybrows.ch\/fr\/boutique\/"},{"@type":"ListItem","position":3,"name":"Abonnement de 10 Lovely Brows Treatments"}]},{"@type":"WebSite","@id":"https:\/\/lovelybrows.ch\/#website","url":"https:\/\/lovelybrows.ch\/","name":"Lovely Brows - perfekte Augenbrauen &amp; Wimpern","description":"Perfekte Wimpern und Augenbrauen ohne Termin.","publisher":{"@id":"https:\/\/lovelybrows.ch\/#organization"},"potentialAction":[{"@type":"SearchAction","target":{"@type":"EntryPoint","urlTemplate":"https:\/\/lovelybrows.ch\/?s={search_term_string}"},"query-input":{"@type":"PropertyValueSpecification","valueRequired":true,"valueName":"search_term_string"}}],"inLanguage":"fr-FR"},{"@type":"Organization","@id":"https:\/\/lovelybrows.ch\/#organization","name":"Lovely Brows GmbH","url":"https:\/\/lovelybrows.ch\/","logo":{"@type":"ImageObject","inLanguage":"fr-FR","@id":"https:\/\/lovelybrows.ch\/#\/schema\/logo\/image\/","url":"https:\/\/neu.lovelybrows.cyon.site\/neu\/wp-content\/uploads\/2021\/12\/lovely-brows-Logo_rgb-1.png","contentUrl":"https:\/\/neu.lovelybrows.cyon.site\/neu\/wp-content\/uploads\/2021\/12\/lovely-brows-Logo_rgb-1.png","width":1576,"height":222,"caption":"Lovely Brows GmbH"},"image":{"@id":"https:\/\/lovelybrows.ch\/#\/schema\/logo\/image\/"},"sameAs":["https:\/\/www.facebook.com\/lovelybrows","https:\/\/www.instagram.com\/lovelybrows_eyebrowdesign\/","https:\/\/www.youtube.com\/channel\/UCDgUTnGnEDmOrZiwBZS6zOQ"]}]}},"jetpack_sharing_enabled":true,"_links":{"self":[{"href":"https:\/\/lovelybrows.ch\/fr\/wp-json\/wp\/v2\/product\/2121","targetHints":{"allow":["GET"]}}],"collection":[{"href":"https:\/\/lovelybrows.ch\/fr\/wp-json\/wp\/v2\/product"}],"about":[{"href":"https:\/\/lovelybrows.ch\/fr\/wp-json\/wp\/v2\/types\/product"}],"replies":[{"embeddable":true,"href":"https:\/\/lovelybrows.ch\/fr\/wp-json\/wp\/v2\/comments?post=2121"}],"wp:featuredmedia":[{"embeddable":true,"href":"https:\/\/lovelybrows.ch\/fr\/wp-json\/wp\/v2\/media\/5326"}],"wp:attachment":[{"href":"https:\/\/lovelybrows.ch\/fr\/wp-json\/wp\/v2\/media?parent=2121"}],"wp:term":[{"taxonomy":"product_brand","embeddable":true,"href":"https:\/\/lovelybrows.ch\/fr\/wp-json\/wp\/v2\/product_brand?post=2121"},{"taxonomy":"product_cat","embeddable":true,"href":"https:\/\/lovelybrows.ch\/fr\/wp-json\/wp\/v2\/product_cat?post=2121"},{"taxonomy":"product_tag","embeddable":true,"href":"https:\/\/lovelybrows.ch\/fr\/wp-json\/wp\/v2\/product_tag?post=2121"}],"curies":[{"name":"wp","href":"https:\/\/api.w.org\/{rel}","templated":true}]}}