{"id":2113,"date":"2022-01-02T18:00:52","date_gmt":"2022-01-02T18:00:52","guid":{"rendered":"https:\/\/lovelybrows.ch\/produkt\/bon-cadeau\/"},"modified":"2024-02-13T00:01:50","modified_gmt":"2024-02-13T00:01:50","slug":"bon-cadeau","status":"publish","type":"product","link":"https:\/\/lovelybrows.ch\/fr\/produkt\/bon-cadeau\/","title":{"rendered":"bon cadeau"},"content":{"rendered":"<p>Faites plaisir avec le bon cadeau Lovely Brows !<\/p>\n<p>Disponible dans la valeur de CHF 25 &#8211; CHF 200<\/p>\n<p>&nbsp;<\/p>\n<p><strong>conditions<\/strong><br \/>\nLe bon est valable deux ans \u00e0 compter de la date de vente. Si le montant total du bon n&rsquo;est pas utilis\u00e9, le montant restant sera rembours\u00e9 sous la forme d&rsquo;un nouveau bon d&rsquo;une valeur du montant correspondant.<\/p>\n<p><strong>Options de paiement<\/strong><br \/>\nPr\u00e9paiement par carte de cr\u00e9dit, pas d&rsquo;exp\u00e9dition sur facture. Vous pouvez \u00e9galement obtenir des ch\u00e8ques-cadeaux chez nous au Brow Bar du Schweizerhofpassage \u00e0 Berne.<\/p>\n<p><strong>Informations sur la livraison<\/strong><br \/>\nLe bon sera envoy\u00e9 gratuitement par voie postale au plus tard 1 \u00e0 2 jours apr\u00e8s r\u00e9ception du paiement. Sur demande, les bons peuvent \u00e9galement \u00eatre envoy\u00e9s par voie \u00e9lectronique. Dans ce cas, indiquez dans la caisse, sous \u00ab\u00a0Remarques sur la commande\u00a0\u00bb, que vous souhaitez une livraison par e-mail.<\/p>\n","protected":false},"excerpt":{"rendered":"<p>Faites plaisir avec le bon cadeau Lovely Brows ! Disponible dans la valeur de CHF 25 &#8211; CHF 200 &nbsp; conditions Le bon est valable deux ans \u00e0 compter de la date de vente. Si le montant total du bon n&rsquo;est pas utilis\u00e9, le montant restant sera rembours\u00e9 sous la forme d&rsquo;un nouveau bon d&rsquo;une &#8230; <a title=\"bon cadeau\" class=\"read-more\" href=\"https:\/\/lovelybrows.ch\/fr\/produkt\/bon-cadeau\/\" aria-label=\"Plus sur bon cadeau\">Lire plus<\/a><\/p>\n","protected":false},"featured_media":2017,"comment_status":"open","ping_status":"closed","template":"","meta":[],"product_brand":[],"product_cat":[42],"product_tag":[],"class_list":{"0":"post-2113","1":"product","2":"type-product","3":"status-publish","4":"has-post-thumbnail","6":"product_cat-bons-abonnements","7":"sales-flash-overlay","8":"woocommerce-text-align-center","9":"woocommerce-image-align-center","10":"do-quantity-buttons","12":"first","13":"instock","14":"taxable","15":"shipping-taxable","16":"purchasable","17":"product-type-variable"},"yoast_head":"<!-- This site is optimized with the Yoast SEO plugin v27.3 - https:\/\/yoast.com\/product\/yoast-seo-wordpress\/ -->\n<title>bon cadeau | Boutique en ligne Lovely Brows<\/title>\n<meta name=\"description\" content=\"Faites plaisir avec le bon cadeau Lovely Brows ! Disponible dans la valeur de CHF 25 - CHF 200\" \/>\n<meta name=\"robots\" content=\"index, follow, max-snippet:-1, max-image-preview:large, max-video-preview:-1\" \/>\n<link rel=\"canonical\" href=\"https:\/\/lovelybrows.ch\/fr\/produkt\/bon-cadeau\/\" \/>\n<meta property=\"og:locale\" content=\"fr_FR\" \/>\n<meta property=\"og:type\" content=\"article\" \/>\n<meta property=\"og:title\" content=\"bon cadeau | Boutique en ligne Lovely Brows\" \/>\n<meta property=\"og:description\" content=\"Faites plaisir avec le bon cadeau Lovely Brows ! Disponible dans la valeur de CHF 25 - CHF 200\" \/>\n<meta property=\"og:url\" content=\"https:\/\/lovelybrows.ch\/fr\/produkt\/bon-cadeau\/\" \/>\n<meta property=\"og:site_name\" content=\"Lovely Brows - perfekte Augenbrauen &amp; Wimpern\" \/>\n<meta property=\"article:publisher\" content=\"https:\/\/www.facebook.com\/lovelybrows\" \/>\n<meta property=\"article:modified_time\" content=\"2024-02-13T00:01:50+00:00\" \/>\n<meta property=\"og:image\" content=\"https:\/\/lovelybrows.ch\/wp-content\/uploads\/2022\/01\/gutschein_onlineshop.jpg\" \/>\n\t<meta property=\"og:image:width\" content=\"1920\" \/>\n\t<meta property=\"og:image:height\" content=\"1080\" \/>\n\t<meta property=\"og:image:type\" content=\"image\/jpeg\" \/>\n<meta name=\"twitter:card\" content=\"summary_large_image\" \/>\n<meta name=\"twitter:label1\" content=\"Dur\u00e9e de lecture estim\u00e9e\" \/>\n\t<meta name=\"twitter:data1\" content=\"1 minute\" \/>\n<script type=\"application\/ld+json\" class=\"yoast-schema-graph\">{\"@context\":\"https:\\\/\\\/schema.org\",\"@graph\":[{\"@type\":\"WebPage\",\"@id\":\"https:\\\/\\\/lovelybrows.ch\\\/fr\\\/produkt\\\/bon-cadeau\\\/\",\"url\":\"https:\\\/\\\/lovelybrows.ch\\\/fr\\\/produkt\\\/bon-cadeau\\\/\",\"name\":\"bon cadeau | Boutique en ligne Lovely Brows\",\"isPartOf\":{\"@id\":\"https:\\\/\\\/lovelybrows.ch\\\/#website\"},\"primaryImageOfPage\":{\"@id\":\"https:\\\/\\\/lovelybrows.ch\\\/fr\\\/produkt\\\/bon-cadeau\\\/#primaryimage\"},\"image\":{\"@id\":\"https:\\\/\\\/lovelybrows.ch\\\/fr\\\/produkt\\\/bon-cadeau\\\/#primaryimage\"},\"thumbnailUrl\":\"https:\\\/\\\/lovelybrows.ch\\\/wp-content\\\/uploads\\\/2022\\\/01\\\/gutschein_onlineshop.jpg\",\"datePublished\":\"2022-01-02T18:00:52+00:00\",\"dateModified\":\"2024-02-13T00:01:50+00:00\",\"description\":\"Faites plaisir avec le bon cadeau Lovely Brows ! Disponible dans la valeur de CHF 25 - CHF 200\",\"breadcrumb\":{\"@id\":\"https:\\\/\\\/lovelybrows.ch\\\/fr\\\/produkt\\\/bon-cadeau\\\/#breadcrumb\"},\"inLanguage\":\"fr-FR\",\"potentialAction\":[{\"@type\":\"ReadAction\",\"target\":[\"https:\\\/\\\/lovelybrows.ch\\\/fr\\\/produkt\\\/bon-cadeau\\\/\"]}]},{\"@type\":\"ImageObject\",\"inLanguage\":\"fr-FR\",\"@id\":\"https:\\\/\\\/lovelybrows.ch\\\/fr\\\/produkt\\\/bon-cadeau\\\/#primaryimage\",\"url\":\"https:\\\/\\\/lovelybrows.ch\\\/wp-content\\\/uploads\\\/2022\\\/01\\\/gutschein_onlineshop.jpg\",\"contentUrl\":\"https:\\\/\\\/lovelybrows.ch\\\/wp-content\\\/uploads\\\/2022\\\/01\\\/gutschein_onlineshop.jpg\",\"width\":1920,\"height\":1080,\"caption\":\"certificat cadeau photo du produit\"},{\"@type\":\"BreadcrumbList\",\"@id\":\"https:\\\/\\\/lovelybrows.ch\\\/fr\\\/produkt\\\/bon-cadeau\\\/#breadcrumb\",\"itemListElement\":[{\"@type\":\"ListItem\",\"position\":1,\"name\":\"Startseite\",\"item\":\"https:\\\/\\\/lovelybrows.ch\\\/fr\\\/\"},{\"@type\":\"ListItem\",\"position\":2,\"name\":\"Boutique\",\"item\":\"https:\\\/\\\/lovelybrows.ch\\\/fr\\\/boutique\\\/\"},{\"@type\":\"ListItem\",\"position\":3,\"name\":\"bon cadeau\"}]},{\"@type\":\"WebSite\",\"@id\":\"https:\\\/\\\/lovelybrows.ch\\\/#website\",\"url\":\"https:\\\/\\\/lovelybrows.ch\\\/\",\"name\":\"Lovely Brows - perfekte Augenbrauen &amp; Wimpern\",\"description\":\"Perfekte Wimpern und Augenbrauen ohne Termin.\",\"publisher\":{\"@id\":\"https:\\\/\\\/lovelybrows.ch\\\/#organization\"},\"potentialAction\":[{\"@type\":\"SearchAction\",\"target\":{\"@type\":\"EntryPoint\",\"urlTemplate\":\"https:\\\/\\\/lovelybrows.ch\\\/?s={search_term_string}\"},\"query-input\":{\"@type\":\"PropertyValueSpecification\",\"valueRequired\":true,\"valueName\":\"search_term_string\"}}],\"inLanguage\":\"fr-FR\"},{\"@type\":\"Organization\",\"@id\":\"https:\\\/\\\/lovelybrows.ch\\\/#organization\",\"name\":\"Lovely Brows GmbH\",\"url\":\"https:\\\/\\\/lovelybrows.ch\\\/\",\"logo\":{\"@type\":\"ImageObject\",\"inLanguage\":\"fr-FR\",\"@id\":\"https:\\\/\\\/lovelybrows.ch\\\/#\\\/schema\\\/logo\\\/image\\\/\",\"url\":\"https:\\\/\\\/neu.lovelybrows.cyon.site\\\/neu\\\/wp-content\\\/uploads\\\/2021\\\/12\\\/lovely-brows-Logo_rgb-1.png\",\"contentUrl\":\"https:\\\/\\\/neu.lovelybrows.cyon.site\\\/neu\\\/wp-content\\\/uploads\\\/2021\\\/12\\\/lovely-brows-Logo_rgb-1.png\",\"width\":1576,\"height\":222,\"caption\":\"Lovely Brows GmbH\"},\"image\":{\"@id\":\"https:\\\/\\\/lovelybrows.ch\\\/#\\\/schema\\\/logo\\\/image\\\/\"},\"sameAs\":[\"https:\\\/\\\/www.facebook.com\\\/lovelybrows\",\"https:\\\/\\\/www.instagram.com\\\/lovelybrows_eyebrowdesign\\\/\",\"https:\\\/\\\/www.youtube.com\\\/channel\\\/UCDgUTnGnEDmOrZiwBZS6zOQ\"]}]}<\/script>\n<!-- \/ Yoast SEO plugin. -->","yoast_head_json":{"title":"bon cadeau | Boutique en ligne Lovely Brows","description":"Faites plaisir avec le bon cadeau Lovely Brows ! Disponible dans la valeur de CHF 25 - CHF 200","robots":{"index":"index","follow":"follow","max-snippet":"max-snippet:-1","max-image-preview":"max-image-preview:large","max-video-preview":"max-video-preview:-1"},"canonical":"https:\/\/lovelybrows.ch\/fr\/produkt\/bon-cadeau\/","og_locale":"fr_FR","og_type":"article","og_title":"bon cadeau | Boutique en ligne Lovely Brows","og_description":"Faites plaisir avec le bon cadeau Lovely Brows ! Disponible dans la valeur de CHF 25 - CHF 200","og_url":"https:\/\/lovelybrows.ch\/fr\/produkt\/bon-cadeau\/","og_site_name":"Lovely Brows - perfekte Augenbrauen &amp; Wimpern","article_publisher":"https:\/\/www.facebook.com\/lovelybrows","article_modified_time":"2024-02-13T00:01:50+00:00","og_image":[{"width":1920,"height":1080,"url":"https:\/\/lovelybrows.ch\/wp-content\/uploads\/2022\/01\/gutschein_onlineshop.jpg","type":"image\/jpeg"}],"twitter_card":"summary_large_image","twitter_misc":{"Dur\u00e9e de lecture estim\u00e9e":"1 minute"},"schema":{"@context":"https:\/\/schema.org","@graph":[{"@type":"WebPage","@id":"https:\/\/lovelybrows.ch\/fr\/produkt\/bon-cadeau\/","url":"https:\/\/lovelybrows.ch\/fr\/produkt\/bon-cadeau\/","name":"bon cadeau | Boutique en ligne Lovely Brows","isPartOf":{"@id":"https:\/\/lovelybrows.ch\/#website"},"primaryImageOfPage":{"@id":"https:\/\/lovelybrows.ch\/fr\/produkt\/bon-cadeau\/#primaryimage"},"image":{"@id":"https:\/\/lovelybrows.ch\/fr\/produkt\/bon-cadeau\/#primaryimage"},"thumbnailUrl":"https:\/\/lovelybrows.ch\/wp-content\/uploads\/2022\/01\/gutschein_onlineshop.jpg","datePublished":"2022-01-02T18:00:52+00:00","dateModified":"2024-02-13T00:01:50+00:00","description":"Faites plaisir avec le bon cadeau Lovely Brows ! Disponible dans la valeur de CHF 25 - CHF 200","breadcrumb":{"@id":"https:\/\/lovelybrows.ch\/fr\/produkt\/bon-cadeau\/#breadcrumb"},"inLanguage":"fr-FR","potentialAction":[{"@type":"ReadAction","target":["https:\/\/lovelybrows.ch\/fr\/produkt\/bon-cadeau\/"]}]},{"@type":"ImageObject","inLanguage":"fr-FR","@id":"https:\/\/lovelybrows.ch\/fr\/produkt\/bon-cadeau\/#primaryimage","url":"https:\/\/lovelybrows.ch\/wp-content\/uploads\/2022\/01\/gutschein_onlineshop.jpg","contentUrl":"https:\/\/lovelybrows.ch\/wp-content\/uploads\/2022\/01\/gutschein_onlineshop.jpg","width":1920,"height":1080,"caption":"certificat cadeau photo du produit"},{"@type":"BreadcrumbList","@id":"https:\/\/lovelybrows.ch\/fr\/produkt\/bon-cadeau\/#breadcrumb","itemListElement":[{"@type":"ListItem","position":1,"name":"Startseite","item":"https:\/\/lovelybrows.ch\/fr\/"},{"@type":"ListItem","position":2,"name":"Boutique","item":"https:\/\/lovelybrows.ch\/fr\/boutique\/"},{"@type":"ListItem","position":3,"name":"bon cadeau"}]},{"@type":"WebSite","@id":"https:\/\/lovelybrows.ch\/#website","url":"https:\/\/lovelybrows.ch\/","name":"Lovely Brows - perfekte Augenbrauen &amp; Wimpern","description":"Perfekte Wimpern und Augenbrauen ohne Termin.","publisher":{"@id":"https:\/\/lovelybrows.ch\/#organization"},"potentialAction":[{"@type":"SearchAction","target":{"@type":"EntryPoint","urlTemplate":"https:\/\/lovelybrows.ch\/?s={search_term_string}"},"query-input":{"@type":"PropertyValueSpecification","valueRequired":true,"valueName":"search_term_string"}}],"inLanguage":"fr-FR"},{"@type":"Organization","@id":"https:\/\/lovelybrows.ch\/#organization","name":"Lovely Brows GmbH","url":"https:\/\/lovelybrows.ch\/","logo":{"@type":"ImageObject","inLanguage":"fr-FR","@id":"https:\/\/lovelybrows.ch\/#\/schema\/logo\/image\/","url":"https:\/\/neu.lovelybrows.cyon.site\/neu\/wp-content\/uploads\/2021\/12\/lovely-brows-Logo_rgb-1.png","contentUrl":"https:\/\/neu.lovelybrows.cyon.site\/neu\/wp-content\/uploads\/2021\/12\/lovely-brows-Logo_rgb-1.png","width":1576,"height":222,"caption":"Lovely Brows GmbH"},"image":{"@id":"https:\/\/lovelybrows.ch\/#\/schema\/logo\/image\/"},"sameAs":["https:\/\/www.facebook.com\/lovelybrows","https:\/\/www.instagram.com\/lovelybrows_eyebrowdesign\/","https:\/\/www.youtube.com\/channel\/UCDgUTnGnEDmOrZiwBZS6zOQ"]}]}},"jetpack_sharing_enabled":true,"_links":{"self":[{"href":"https:\/\/lovelybrows.ch\/fr\/wp-json\/wp\/v2\/product\/2113","targetHints":{"allow":["GET"]}}],"collection":[{"href":"https:\/\/lovelybrows.ch\/fr\/wp-json\/wp\/v2\/product"}],"about":[{"href":"https:\/\/lovelybrows.ch\/fr\/wp-json\/wp\/v2\/types\/product"}],"replies":[{"embeddable":true,"href":"https:\/\/lovelybrows.ch\/fr\/wp-json\/wp\/v2\/comments?post=2113"}],"wp:featuredmedia":[{"embeddable":true,"href":"https:\/\/lovelybrows.ch\/fr\/wp-json\/wp\/v2\/media\/2017"}],"wp:attachment":[{"href":"https:\/\/lovelybrows.ch\/fr\/wp-json\/wp\/v2\/media?parent=2113"}],"wp:term":[{"taxonomy":"product_brand","embeddable":true,"href":"https:\/\/lovelybrows.ch\/fr\/wp-json\/wp\/v2\/product_brand?post=2113"},{"taxonomy":"product_cat","embeddable":true,"href":"https:\/\/lovelybrows.ch\/fr\/wp-json\/wp\/v2\/product_cat?post=2113"},{"taxonomy":"product_tag","embeddable":true,"href":"https:\/\/lovelybrows.ch\/fr\/wp-json\/wp\/v2\/product_tag?post=2113"}],"curies":[{"name":"wp","href":"https:\/\/api.w.org\/{rel}","templated":true}]}}