{"id":4831,"date":"2024-05-13T05:03:07","date_gmt":"2024-05-13T05:03:07","guid":{"rendered":"https:\/\/lovelybrows.ch\/zurich\/"},"modified":"2026-03-11T06:53:17","modified_gmt":"2026-03-11T06:53:17","slug":"zurich","status":"publish","type":"page","link":"https:\/\/lovelybrows.ch\/fr\/zurich\/","title":{"rendered":"Zurich"},"content":{"rendered":"<div class=\"gb-grid-wrapper gb-grid-wrapper-eccd7633\">\n<div class=\"gb-grid-column gb-grid-column-ce6f7338\"><div class=\"gb-container gb-container-ce6f7338\"><div class=\"gb-inside-container\">\n\n<h2 class=\"gb-headline gb-headline-696fb03a gb-headline-text\">Bienvenue chez Lovely Brows Zurich<\/h2>\n\n\n\n<p>Stauffacherstrasse 98, 8004 Zurich<br><a href=\"mailto:welcome@lovelybrows.ch\" target=\"_blank\" rel=\"noreferrer noopener\">welcome(at)lovelybrows.ch<br><\/a>+41 77 447 09 90<br><br>Si possible, envoie un message WhatsApp, nous te contacterons imm\u00e9diatement. Nous ne pouvons malheureusement pas toujours r\u00e9pondre aux appels t\u00e9l\u00e9phoniques.<\/p>\n\n\n\n<p>Lundi &#8211; vendredi 10h &#8211; 20h<br>Samedi 9h &#8211; 18h<br>Ferm\u00e9 dimanche<\/p>\n\n\n\n<p>Ce sont nos heures d&rsquo;ouverture g\u00e9n\u00e9rales. Pour les jours f\u00e9ri\u00e9s, consultez <a href=\"https:\/\/maps.app.goo.gl\/xkbv8nGNq7xt1JtK8\">Google<\/a>.<\/p>\n\n\n\n<p><strong>Informations importantes sur le Brow Bar de Zurich<\/strong><\/p>\n\n\n\n<ul class=\"wp-block-list\">\n<li>Le Brow Bar se trouve \u00e0 une minute \u00e0 pied de Helvetiaplatz, \u00e0 environ 5 min de Stauffacher.<\/li>\n<\/ul>\n\n\n\n<ul class=\"wp-block-list\">\n<li>Le Brow Bar est sous vid\u00e9osurveillance<\/li>\n<\/ul>\n\n\n\n<ul class=\"wp-block-list\">\n<li>Venez pour Lash Lifting &amp; Brow Lifting si possible entre 11h et 16h.<br><br><\/li>\n\n\n\n<li>Le Brow Bar est partiellement accessible en fauteuil roulant (1 marche \u00e0 franchir). Nous demandons aux personnes en fauteuil roulant de nous contacter avant leur premi\u00e8re visite afin que nous puissions leur offrir la meilleure exp\u00e9rience possible.<br><\/li>\n<\/ul>\n\n\n<div class=\"gb-container gb-container-7b935af1\"><div class=\"gb-inside-container\">\n\n<h2 class=\"gb-headline gb-headline-13e2810f gb-headline-text\">Offre &amp; taux d&rsquo;occupation \u00e0 Zurich<\/h2>\n\n\n\n<hr class=\"wp-block-separator has-text-color has-contrast-color has-css-opacity has-contrast-background-color has-background\"\/>\n\n\n\n<p>Au Brow Bar de Zurich, nous proposons tous les traitements sauf le waxing.<\/p>\n\n\n\n<p>Nous avons \u00e0 chaque fois suffisamment de personnel sur place pour qu&rsquo;il n&rsquo;y ait pas ou peu de temps d&rsquo;attente. Si vous \u00eates flexible, nous vous conseillons de venir entre 11h et 16h, c&rsquo;est \u00e0 ce moment que le taux d&rsquo;occupation est le plus faible.<\/p>\n\n\n<div class=\"gb-button-wrapper gb-button-wrapper-c71ffa5a\">\n\n<a class=\"gb-button gb-button-cd09b1a4 gb-button-text\" href=\"https:\/\/lovelybrows.ch\/fr\/offrir\/\">DECOUVRIR<\/a>\n\n<\/div>\n<\/div><\/div>\n\n<div class=\"gb-button-wrapper gb-button-wrapper-0ff8e796\">\n\n<a class=\"gb-button gb-button-a58e70b7 gb-button-text\" href=\"https:\/\/maps.app.goo.gl\/xkbv8nGNq7xt1JtK8\" target=\"_blank\" rel=\"noopener noreferrer\">Voir sur Google Maps<\/a>\n\n<\/div>\n<\/div><\/div><\/div>\n\n<div class=\"gb-grid-column gb-grid-column-4a58feb7\"><div class=\"gb-container gb-container-4a58feb7\"><div class=\"gb-inside-container\">\n\n<div class=\"wp-block-jetpack-tiled-gallery aligncenter is-style-rectangular\"><div class=\"\"><div class=\"tiled-gallery__gallery\"><div class=\"tiled-gallery__row\"><div class=\"tiled-gallery__col\" style=\"flex-basis:33.33333%\"><figure class=\"tiled-gallery__item\"><img decoding=\"async\" srcset=\"https:\/\/i1.wp.com\/lovelybrows.ch\/wp-content\/uploads\/2024\/05\/1.png?strip=info&#038;w=533&#038;ssl=1 533w\" alt=\"\" data-height=\"800\" data-id=\"4913\" data-link=\"https:\/\/lovelybrows.ch\/zurich\/1-4\/#main\" data-url=\"https:\/\/lovelybrows.ch\/wp-content\/uploads\/2024\/05\/1.png\" data-width=\"533\" src=\"https:\/\/i1.wp.com\/lovelybrows.ch\/wp-content\/uploads\/2024\/05\/1.png?ssl=1\" data-amp-layout=\"responsive\"><\/figure><\/div><div class=\"tiled-gallery__col\" style=\"flex-basis:33.33333%\"><figure class=\"tiled-gallery__item\"><img decoding=\"async\" srcset=\"https:\/\/i1.wp.com\/lovelybrows.ch\/wp-content\/uploads\/2024\/05\/2.png?strip=info&#038;w=533&#038;ssl=1 533w\" alt=\"\" data-height=\"800\" data-id=\"4916\" data-link=\"https:\/\/lovelybrows.ch\/zurich\/2-3\/#main\" data-url=\"https:\/\/lovelybrows.ch\/wp-content\/uploads\/2024\/05\/2.png\" data-width=\"533\" src=\"https:\/\/i1.wp.com\/lovelybrows.ch\/wp-content\/uploads\/2024\/05\/2.png?ssl=1\" data-amp-layout=\"responsive\"><\/figure><\/div><div class=\"tiled-gallery__col\" style=\"flex-basis:33.33333%\"><figure class=\"tiled-gallery__item\"><img decoding=\"async\" srcset=\"https:\/\/i1.wp.com\/lovelybrows.ch\/wp-content\/uploads\/2024\/05\/3.png?strip=info&#038;w=533&#038;ssl=1 533w\" alt=\"\" data-height=\"800\" data-id=\"4919\" data-link=\"https:\/\/lovelybrows.ch\/zurich\/3-3\/#main\" data-url=\"https:\/\/lovelybrows.ch\/wp-content\/uploads\/2024\/05\/3.png\" data-width=\"533\" src=\"https:\/\/i1.wp.com\/lovelybrows.ch\/wp-content\/uploads\/2024\/05\/3.png?ssl=1\" data-amp-layout=\"responsive\"><\/figure><\/div><\/div><div class=\"tiled-gallery__row\"><div class=\"tiled-gallery__col\" style=\"flex-basis:30.81739%\"><figure class=\"tiled-gallery__item\"><img decoding=\"async\" srcset=\"https:\/\/i2.wp.com\/lovelybrows.ch\/wp-content\/uploads\/2024\/05\/4.png?strip=info&#038;w=533&#038;ssl=1 533w\" alt=\"\" data-height=\"800\" data-id=\"4922\" data-link=\"https:\/\/lovelybrows.ch\/zurich\/attachment\/4\/#main\" data-url=\"https:\/\/lovelybrows.ch\/wp-content\/uploads\/2024\/05\/4.png\" data-width=\"533\" src=\"https:\/\/i2.wp.com\/lovelybrows.ch\/wp-content\/uploads\/2024\/05\/4.png?ssl=1\" data-amp-layout=\"responsive\"><\/figure><\/div><div class=\"tiled-gallery__col\" style=\"flex-basis:69.18261%\"><figure class=\"tiled-gallery__item\"><img decoding=\"async\" srcset=\"https:\/\/i0.wp.com\/lovelybrows.ch\/wp-content\/uploads\/2024\/05\/5.png?strip=info&#038;w=600&#038;ssl=1 600w,https:\/\/i0.wp.com\/lovelybrows.ch\/wp-content\/uploads\/2024\/05\/5.png?strip=info&#038;w=800&#038;ssl=1 800w\" alt=\"\" data-height=\"533\" data-id=\"4925\" data-link=\"https:\/\/lovelybrows.ch\/zurich\/attachment\/5\/#main\" data-url=\"https:\/\/lovelybrows.ch\/wp-content\/uploads\/2024\/05\/5.png\" data-width=\"800\" src=\"https:\/\/i0.wp.com\/lovelybrows.ch\/wp-content\/uploads\/2024\/05\/5.png?ssl=1\" data-amp-layout=\"responsive\"><\/figure><\/div><\/div><\/div><\/div><\/div>\n\n\n\n<h2 class=\"gb-headline gb-headline-9df4fd81 gb-headline-text\"><\/h2>\n\n<\/div><\/div><\/div>\n<\/div>\n\n<div class=\"gb-grid-wrapper gb-grid-wrapper-cf745fc6\"><\/div>\n\n\n<p><\/p>\n","protected":false},"excerpt":{"rendered":"","protected":false},"author":1,"featured_media":0,"parent":0,"menu_order":0,"comment_status":"closed","ping_status":"closed","template":"","meta":{"footnotes":""},"class_list":["post-4831","page","type-page","status-publish"],"yoast_head":"<!-- This site is optimized with the Yoast SEO plugin v27.4 - https:\/\/yoast.com\/product\/yoast-seo-wordpress\/ -->\n<title>Zurich | Lovely Brows - perfekte Augenbrauen &amp; Wimpern<\/title>\n<meta name=\"description\" content=\"Lovely Brows Z\u00fcrich City est id\u00e9alement situ\u00e9 \u00e0 proximit\u00e9 de l&#039;Helvetiaplatz, au 98 de la Stauffacher Strasse, \u00e0 8004 Zurich.\" \/>\n<meta name=\"robots\" content=\"index, follow, max-snippet:-1, max-image-preview:large, max-video-preview:-1\" \/>\n<link rel=\"canonical\" href=\"https:\/\/lovelybrows.ch\/fr\/zurich\/\" \/>\n<meta property=\"og:locale\" content=\"fr_FR\" \/>\n<meta property=\"og:type\" content=\"article\" \/>\n<meta property=\"og:title\" content=\"Zurich | Lovely Brows - perfekte Augenbrauen &amp; Wimpern\" \/>\n<meta property=\"og:description\" content=\"Lovely Brows Z\u00fcrich City est id\u00e9alement situ\u00e9 \u00e0 proximit\u00e9 de l&#039;Helvetiaplatz, au 98 de la Stauffacher Strasse, \u00e0 8004 Zurich.\" \/>\n<meta property=\"og:url\" content=\"https:\/\/lovelybrows.ch\/fr\/zurich\/\" \/>\n<meta property=\"og:site_name\" content=\"Lovely Brows - perfekte Augenbrauen &amp; Wimpern\" \/>\n<meta property=\"article:publisher\" content=\"https:\/\/www.facebook.com\/lovelybrows\" \/>\n<meta property=\"article:modified_time\" content=\"2026-03-11T06:53:17+00:00\" \/>\n<meta property=\"og:image\" content=\"https:\/\/i1.wp.com\/lovelybrows.ch\/wp-content\/uploads\/2024\/05\/1.png?ssl=1\" \/>\n<meta name=\"twitter:card\" content=\"summary_large_image\" \/>\n<meta name=\"twitter:label1\" content=\"Dur\u00e9e de lecture estim\u00e9e\" \/>\n\t<meta name=\"twitter:data1\" content=\"3 minutes\" \/>\n<script type=\"application\/ld+json\" class=\"yoast-schema-graph\">{\"@context\":\"https:\\\/\\\/schema.org\",\"@graph\":[{\"@type\":\"WebPage\",\"@id\":\"https:\\\/\\\/lovelybrows.ch\\\/fr\\\/zurich\\\/\",\"url\":\"https:\\\/\\\/lovelybrows.ch\\\/fr\\\/zurich\\\/\",\"name\":\"Zurich | Lovely Brows - perfekte Augenbrauen &amp; Wimpern\",\"isPartOf\":{\"@id\":\"https:\\\/\\\/lovelybrows.ch\\\/#website\"},\"primaryImageOfPage\":{\"@id\":\"https:\\\/\\\/lovelybrows.ch\\\/fr\\\/zurich\\\/#primaryimage\"},\"image\":{\"@id\":\"https:\\\/\\\/lovelybrows.ch\\\/fr\\\/zurich\\\/#primaryimage\"},\"thumbnailUrl\":\"https:\\\/\\\/i1.wp.com\\\/lovelybrows.ch\\\/wp-content\\\/uploads\\\/2024\\\/05\\\/1.png?ssl=1\",\"datePublished\":\"2024-05-13T05:03:07+00:00\",\"dateModified\":\"2026-03-11T06:53:17+00:00\",\"description\":\"Lovely Brows Z\u00fcrich City est id\u00e9alement situ\u00e9 \u00e0 proximit\u00e9 de l'Helvetiaplatz, au 98 de la Stauffacher Strasse, \u00e0 8004 Zurich.\",\"breadcrumb\":{\"@id\":\"https:\\\/\\\/lovelybrows.ch\\\/fr\\\/zurich\\\/#breadcrumb\"},\"inLanguage\":\"fr-FR\",\"potentialAction\":[{\"@type\":\"ReadAction\",\"target\":[\"https:\\\/\\\/lovelybrows.ch\\\/fr\\\/zurich\\\/\"]}]},{\"@type\":\"ImageObject\",\"inLanguage\":\"fr-FR\",\"@id\":\"https:\\\/\\\/lovelybrows.ch\\\/fr\\\/zurich\\\/#primaryimage\",\"url\":\"https:\\\/\\\/i1.wp.com\\\/lovelybrows.ch\\\/wp-content\\\/uploads\\\/2024\\\/05\\\/1.png?ssl=1\",\"contentUrl\":\"https:\\\/\\\/i1.wp.com\\\/lovelybrows.ch\\\/wp-content\\\/uploads\\\/2024\\\/05\\\/1.png?ssl=1\"},{\"@type\":\"BreadcrumbList\",\"@id\":\"https:\\\/\\\/lovelybrows.ch\\\/fr\\\/zurich\\\/#breadcrumb\",\"itemListElement\":[{\"@type\":\"ListItem\",\"position\":1,\"name\":\"Startseite\",\"item\":\"https:\\\/\\\/lovelybrows.ch\\\/fr\\\/\"},{\"@type\":\"ListItem\",\"position\":2,\"name\":\"Zurich\"}]},{\"@type\":\"WebSite\",\"@id\":\"https:\\\/\\\/lovelybrows.ch\\\/#website\",\"url\":\"https:\\\/\\\/lovelybrows.ch\\\/\",\"name\":\"Lovely Brows - perfekte Augenbrauen &amp; Wimpern\",\"description\":\"Perfekte Wimpern und Augenbrauen ohne Termin.\",\"publisher\":{\"@id\":\"https:\\\/\\\/lovelybrows.ch\\\/#organization\"},\"potentialAction\":[{\"@type\":\"SearchAction\",\"target\":{\"@type\":\"EntryPoint\",\"urlTemplate\":\"https:\\\/\\\/lovelybrows.ch\\\/?s={search_term_string}\"},\"query-input\":{\"@type\":\"PropertyValueSpecification\",\"valueRequired\":true,\"valueName\":\"search_term_string\"}}],\"inLanguage\":\"fr-FR\"},{\"@type\":\"Organization\",\"@id\":\"https:\\\/\\\/lovelybrows.ch\\\/#organization\",\"name\":\"Lovely Brows GmbH\",\"url\":\"https:\\\/\\\/lovelybrows.ch\\\/\",\"logo\":{\"@type\":\"ImageObject\",\"inLanguage\":\"fr-FR\",\"@id\":\"https:\\\/\\\/lovelybrows.ch\\\/#\\\/schema\\\/logo\\\/image\\\/\",\"url\":\"https:\\\/\\\/neu.lovelybrows.cyon.site\\\/neu\\\/wp-content\\\/uploads\\\/2021\\\/12\\\/lovely-brows-Logo_rgb-1.png\",\"contentUrl\":\"https:\\\/\\\/neu.lovelybrows.cyon.site\\\/neu\\\/wp-content\\\/uploads\\\/2021\\\/12\\\/lovely-brows-Logo_rgb-1.png\",\"width\":1576,\"height\":222,\"caption\":\"Lovely Brows GmbH\"},\"image\":{\"@id\":\"https:\\\/\\\/lovelybrows.ch\\\/#\\\/schema\\\/logo\\\/image\\\/\"},\"sameAs\":[\"https:\\\/\\\/www.facebook.com\\\/lovelybrows\",\"https:\\\/\\\/www.instagram.com\\\/lovelybrows_eyebrowdesign\\\/\",\"https:\\\/\\\/www.youtube.com\\\/channel\\\/UCDgUTnGnEDmOrZiwBZS6zOQ\"]}]}<\/script>\n<!-- \/ Yoast SEO plugin. -->","yoast_head_json":{"title":"Zurich | Lovely Brows - perfekte Augenbrauen &amp; Wimpern","description":"Lovely Brows Z\u00fcrich City est id\u00e9alement situ\u00e9 \u00e0 proximit\u00e9 de l'Helvetiaplatz, au 98 de la Stauffacher Strasse, \u00e0 8004 Zurich.","robots":{"index":"index","follow":"follow","max-snippet":"max-snippet:-1","max-image-preview":"max-image-preview:large","max-video-preview":"max-video-preview:-1"},"canonical":"https:\/\/lovelybrows.ch\/fr\/zurich\/","og_locale":"fr_FR","og_type":"article","og_title":"Zurich | Lovely Brows - perfekte Augenbrauen &amp; Wimpern","og_description":"Lovely Brows Z\u00fcrich City est id\u00e9alement situ\u00e9 \u00e0 proximit\u00e9 de l'Helvetiaplatz, au 98 de la Stauffacher Strasse, \u00e0 8004 Zurich.","og_url":"https:\/\/lovelybrows.ch\/fr\/zurich\/","og_site_name":"Lovely Brows - perfekte Augenbrauen &amp; Wimpern","article_publisher":"https:\/\/www.facebook.com\/lovelybrows","article_modified_time":"2026-03-11T06:53:17+00:00","og_image":[{"url":"https:\/\/i1.wp.com\/lovelybrows.ch\/wp-content\/uploads\/2024\/05\/1.png?ssl=1","type":"","width":"","height":""}],"twitter_card":"summary_large_image","twitter_misc":{"Dur\u00e9e de lecture estim\u00e9e":"3 minutes"},"schema":{"@context":"https:\/\/schema.org","@graph":[{"@type":"WebPage","@id":"https:\/\/lovelybrows.ch\/fr\/zurich\/","url":"https:\/\/lovelybrows.ch\/fr\/zurich\/","name":"Zurich | Lovely Brows - perfekte Augenbrauen &amp; Wimpern","isPartOf":{"@id":"https:\/\/lovelybrows.ch\/#website"},"primaryImageOfPage":{"@id":"https:\/\/lovelybrows.ch\/fr\/zurich\/#primaryimage"},"image":{"@id":"https:\/\/lovelybrows.ch\/fr\/zurich\/#primaryimage"},"thumbnailUrl":"https:\/\/i1.wp.com\/lovelybrows.ch\/wp-content\/uploads\/2024\/05\/1.png?ssl=1","datePublished":"2024-05-13T05:03:07+00:00","dateModified":"2026-03-11T06:53:17+00:00","description":"Lovely Brows Z\u00fcrich City est id\u00e9alement situ\u00e9 \u00e0 proximit\u00e9 de l'Helvetiaplatz, au 98 de la Stauffacher Strasse, \u00e0 8004 Zurich.","breadcrumb":{"@id":"https:\/\/lovelybrows.ch\/fr\/zurich\/#breadcrumb"},"inLanguage":"fr-FR","potentialAction":[{"@type":"ReadAction","target":["https:\/\/lovelybrows.ch\/fr\/zurich\/"]}]},{"@type":"ImageObject","inLanguage":"fr-FR","@id":"https:\/\/lovelybrows.ch\/fr\/zurich\/#primaryimage","url":"https:\/\/i1.wp.com\/lovelybrows.ch\/wp-content\/uploads\/2024\/05\/1.png?ssl=1","contentUrl":"https:\/\/i1.wp.com\/lovelybrows.ch\/wp-content\/uploads\/2024\/05\/1.png?ssl=1"},{"@type":"BreadcrumbList","@id":"https:\/\/lovelybrows.ch\/fr\/zurich\/#breadcrumb","itemListElement":[{"@type":"ListItem","position":1,"name":"Startseite","item":"https:\/\/lovelybrows.ch\/fr\/"},{"@type":"ListItem","position":2,"name":"Zurich"}]},{"@type":"WebSite","@id":"https:\/\/lovelybrows.ch\/#website","url":"https:\/\/lovelybrows.ch\/","name":"Lovely Brows - perfekte Augenbrauen &amp; Wimpern","description":"Perfekte Wimpern und Augenbrauen ohne Termin.","publisher":{"@id":"https:\/\/lovelybrows.ch\/#organization"},"potentialAction":[{"@type":"SearchAction","target":{"@type":"EntryPoint","urlTemplate":"https:\/\/lovelybrows.ch\/?s={search_term_string}"},"query-input":{"@type":"PropertyValueSpecification","valueRequired":true,"valueName":"search_term_string"}}],"inLanguage":"fr-FR"},{"@type":"Organization","@id":"https:\/\/lovelybrows.ch\/#organization","name":"Lovely Brows GmbH","url":"https:\/\/lovelybrows.ch\/","logo":{"@type":"ImageObject","inLanguage":"fr-FR","@id":"https:\/\/lovelybrows.ch\/#\/schema\/logo\/image\/","url":"https:\/\/neu.lovelybrows.cyon.site\/neu\/wp-content\/uploads\/2021\/12\/lovely-brows-Logo_rgb-1.png","contentUrl":"https:\/\/neu.lovelybrows.cyon.site\/neu\/wp-content\/uploads\/2021\/12\/lovely-brows-Logo_rgb-1.png","width":1576,"height":222,"caption":"Lovely Brows GmbH"},"image":{"@id":"https:\/\/lovelybrows.ch\/#\/schema\/logo\/image\/"},"sameAs":["https:\/\/www.facebook.com\/lovelybrows","https:\/\/www.instagram.com\/lovelybrows_eyebrowdesign\/","https:\/\/www.youtube.com\/channel\/UCDgUTnGnEDmOrZiwBZS6zOQ"]}]}},"jetpack_sharing_enabled":true,"_links":{"self":[{"href":"https:\/\/lovelybrows.ch\/fr\/wp-json\/wp\/v2\/pages\/4831","targetHints":{"allow":["GET"]}}],"collection":[{"href":"https:\/\/lovelybrows.ch\/fr\/wp-json\/wp\/v2\/pages"}],"about":[{"href":"https:\/\/lovelybrows.ch\/fr\/wp-json\/wp\/v2\/types\/page"}],"author":[{"embeddable":true,"href":"https:\/\/lovelybrows.ch\/fr\/wp-json\/wp\/v2\/users\/1"}],"replies":[{"embeddable":true,"href":"https:\/\/lovelybrows.ch\/fr\/wp-json\/wp\/v2\/comments?post=4831"}],"version-history":[{"count":15,"href":"https:\/\/lovelybrows.ch\/fr\/wp-json\/wp\/v2\/pages\/4831\/revisions"}],"predecessor-version":[{"id":5461,"href":"https:\/\/lovelybrows.ch\/fr\/wp-json\/wp\/v2\/pages\/4831\/revisions\/5461"}],"wp:attachment":[{"href":"https:\/\/lovelybrows.ch\/fr\/wp-json\/wp\/v2\/media?parent=4831"}],"curies":[{"name":"wp","href":"https:\/\/api.w.org\/{rel}","templated":true}]}}