{"id":4726,"date":"2024-03-26T17:09:18","date_gmt":"2024-03-26T17:09:18","guid":{"rendered":"https:\/\/lovelybrows.ch\/zuerich\/"},"modified":"2024-03-27T17:21:16","modified_gmt":"2024-03-27T17:21:16","slug":"zuerich","status":"publish","type":"page","link":"https:\/\/lovelybrows.ch\/fr\/zuerich\/","title":{"rendered":"zuerich"},"content":{"rendered":"<div class=\"gb-grid-wrapper gb-grid-wrapper-e3de36ac\">\n<div class=\"gb-grid-wrapper gb-grid-wrapper-f226fddb\">\n<div class=\"gb-grid-column gb-grid-column-7947bc4b\"><div class=\"gb-container gb-container-7947bc4b\"><div class=\"gb-inside-container\">\n\n<h1 class=\"wp-block-heading has-text-align-center\">Lovely Brows nouveau \u00e0 Zurich City !<\/h1>\n\n\n\n<p class=\"has-text-align-center\">La plupart des salons de beaut\u00e9 fonctionnent avec des dates fixes, se faire \u00e9piler est difficile et avec les innombrables produits sur le march\u00e9, il est difficile de garder une trace des choses. C&rsquo;est fini maintenant : <strong>vous pouvez passer spontan\u00e9ment \u00e0 tout moment sans rendez-vous.<\/strong> Avec la technique du fil oriental, nous cr\u00e9ons les <strong>sourcils parfaits<\/strong> pour vous et enlevons les poils g\u00eanants sur votre visage. <strong>La coloration des sourcils et des cils<\/strong> ainsi que le <strong>lifting des sourcils et des cils<\/strong> compl\u00e8tent l&rsquo;offre.<\/p>\n\n\n\n<h2 class=\"gb-headline gb-headline-c0be39e9 gb-headline-text\">Ouverture en mai 2024 !<\/h2>\n\n\n<div class=\"gb-container gb-container-6c46d5ef\"><div class=\"gb-inside-container\">\n\n<h2 class=\"gb-headline gb-headline-4734e0db gb-headline-text\">Nous offrons 99 traitements<\/h2>\n\n\n\n<hr class=\"wp-block-separator has-css-opacity\"\/>\n\n\n\n<p class=\"has-text-align-center\">Nous offrons aux 99 premi\u00e8res personnes qui s&rsquo;inscrivent un traitement des sourcils avec la technique des fils.<br\/><br\/>Inscris ci-dessous ton adresse e-mail et ton nom, et nous t&rsquo;enverrons toutes les informations et le bon d&rsquo;achat par e-mail en temps voulu.<\/p>\n\n\n\n\t<div class=\"wp-block-jetpack-mailchimp\" data-blog-id=\"201312682\">\n\t\t<form\n\t\t\taria-describedby=\"wp-block-jetpack-mailchimp_consent-text\"\n\t\t\t\t\t>\n\t\t\t<p>\n\t\t\t\t<input\n\t\t\t\t\taria-label=\"E-Mail-Adresse eingeben\"\n\t\t\t\t\tplaceholder=\"E-Mail-Adresse eingeben\"\n\t\t\t\t\trequired\n\t\t\t\t\ttitle=\"E-Mail-Adresse eingeben\"\n\t\t\t\t\ttype=\"email\"\n\t\t\t\t\tname=\"email\"\n\t\t\t\t\/>\n\t\t\t<\/p>\n\t\t\t\t\t\t\t\t\t\n<div class=\"wp-block-jetpack-button wp-block-button\" style=\"\"><button class=\"wp-block-button__link\" style=\"\" data-id-attr=\"mailchimp-button-block-1\" id=\"mailchimp-button-block-1\" type=\"submit\" data-wp-class--is-submitting=\"state.isSubmitting\" data-wp-bind--aria-disabled=\"state.isAriaDisabled\">Soumettre<span class=\"spinner\" aria-hidden=\"true\"><svg width=\"24\" height=\"24\" viewBox=\"0 0 24 24\" xmlns=\"http:\/\/www.w3.org\/2000\/svg\"><path d=\"M12,1A11,11,0,1,0,23,12,11,11,0,0,0,12,1Zm0,19a8,8,0,1,1,8-8A8,8,0,0,1,12,20Z\" opacity=\".25\"\/><path d=\"M10.14,1.16a11,11,0,0,0-9,8.92A1.59,1.59,0,0,0,2.46,12,1.52,1.52,0,0,0,4.11,10.7a8,8,0,0,1,6.66-6.61A1.42,1.42,0,0,0,12,2.69h0A1.57,1.57,0,0,0,10.14,1.16Z\"><animateTransform attributeName=\"transform\" type=\"rotate\" dur=\"0.75s\" values=\"0 12 12;360 12 12\" repeatCount=\"indefinite\"\/><\/path><\/svg><span class=\"is-visually-hidden\">Envoi du formulaire<\/span><\/span><\/button><\/div>\n\t\t\t<p id=\"wp-block-jetpack-mailchimp_consent-text\">\n\t\t\t\tDeine Daten werden nach der Er\u00f6ffnung gel\u00f6scht, du wirst keine weiteren Nachrichten oder sonstige Werbung erhalten.\t\t\t<\/p>\n\n\t\t\t\n\t\t<\/form>\n\t\t\n\t\t\t<div class=\"wp-block-jetpack-mailchimp_notification wp-block-jetpack-mailchimp_processing\" role=\"status\">\n\t\t\t\tWird verarbeitet\u00a0\u2026\t\t\t<\/div>\n\t\t\t<div class=\"wp-block-jetpack-mailchimp_notification wp-block-jetpack-mailchimp_success\" role=\"status\">\n\t\t\t\tErledigt! Sie sind auf der Liste.\t\t\t<\/div>\n\t\t\t<div class=\"wp-block-jetpack-mailchimp_notification wp-block-jetpack-mailchimp_error\" role=\"alert\">\n\t\t\t\tUps! Es ist ein Fehler aufgetreten und deine Abonnement-Buchung konnte nicht bearbeitet werden. Bitte Seite neu laden und erneut versuchen.\t\t\t<\/div>\n\n\t\t\t<\/div>\n\t\n<\/div><\/div>\n\n\n<p class=\"has-text-align-center\"><br\/><\/p>\n\n\n<div class=\"gb-container gb-container-6a9525c8\"><div class=\"gb-inside-container\">\n\n<h2 class=\"gb-headline gb-headline-a1494ca4 gb-headline-text\">Infos &amp; offre<\/h2>\n\n\n\n<hr class=\"wp-block-separator has-css-opacity\"\/>\n\n\n\n<p class=\"has-text-align-center\">Jetez un coup d&rsquo;\u0153il \u00e0 notre offre en un coup d&rsquo;\u0153il. Tu trouveras des exemples de notre travail et des photos avant\/apr\u00e8s sur notre site web. <a href=\"https:\/\/instagram.com\/lovelybrows_eyebrowdesign\">\n  <strong>Profil Instagram<\/strong>\n<\/a><br\/><br\/>Vous pouvez faire tous les traitements avec nous spontan\u00e9ment et sans rendez-vous.<\/p>\n\n\n\n<p class=\"has-text-align-center\"><strong>\u00c9PILATION DES SOURCILS &amp; MISE EN FORME<\/strong><br\/><strong>COLORATION DES SOURCILS<br\/>TEINTURE DES CILS<br\/>BROW LIFTING<br\/>LASH LIFTING<\/strong><\/p>\n\n\n\n<p class=\"has-text-align-center\">Nous proposons \u00e9galement une s\u00e9lection de produits cosm\u00e9tiques exclusifs et de grande qualit\u00e9.<\/p>\n\n\n\n<p class=\"has-text-align-center\">Lovely Brows Zurich City<br\/>Stauffacherstrasse 98<br\/>8004 Zurich<br\/>+41 77 447 09 90<br\/>welcome@lovelybrows.ch<\/p>\n\n\n\n<figure class=\"wp-block-gallery has-nested-images columns-default is-cropped wp-block-gallery-2 is-layout-flex wp-block-gallery-is-layout-flex\">\n<figure class=\"wp-block-image size-large\"><img loading=\"lazy\" decoding=\"async\" width=\"2560\" height=\"1707\" data-id=\"1633\" src=\"https:\/\/lovelybrows.ch\/wp-content\/uploads\/2021\/12\/CAP_LovelyBrows-komp-24-scaled.jpg\" alt=\"La femme fait le traitement de teinture de sourcil\" class=\"wp-image-1633\" srcset=\"https:\/\/lovelybrows.ch\/wp-content\/uploads\/2021\/12\/CAP_LovelyBrows-komp-24-scaled.jpg 2560w, https:\/\/lovelybrows.ch\/wp-content\/uploads\/2021\/12\/CAP_LovelyBrows-komp-24-scaled-600x400.jpg 600w, https:\/\/lovelybrows.ch\/wp-content\/uploads\/2021\/12\/CAP_LovelyBrows-komp-24-300x200.jpg 300w, https:\/\/lovelybrows.ch\/wp-content\/uploads\/2021\/12\/CAP_LovelyBrows-komp-24-1024x683.jpg 1024w, https:\/\/lovelybrows.ch\/wp-content\/uploads\/2021\/12\/CAP_LovelyBrows-komp-24-768x512.jpg 768w, https:\/\/lovelybrows.ch\/wp-content\/uploads\/2021\/12\/CAP_LovelyBrows-komp-24-1536x1024.jpg 1536w, https:\/\/lovelybrows.ch\/wp-content\/uploads\/2021\/12\/CAP_LovelyBrows-komp-24-2048x1366.jpg 2048w\" sizes=\"auto, (max-width: 2560px) 100vw, 2560px\" \/><\/figure>\n\n\n\n<figure class=\"wp-block-image size-large\"><img loading=\"lazy\" decoding=\"async\" width=\"2560\" height=\"1707\" data-id=\"1631\" src=\"https:\/\/lovelybrows.ch\/wp-content\/uploads\/2021\/12\/CAP_LovelyBrows-komp-1-scaled.jpg\" alt=\"Les sourcils de la femme sont &#xE9;pil&#xE9;s avec du fil\" class=\"wp-image-1631\" srcset=\"https:\/\/lovelybrows.ch\/wp-content\/uploads\/2021\/12\/CAP_LovelyBrows-komp-1-scaled.jpg 2560w, https:\/\/lovelybrows.ch\/wp-content\/uploads\/2021\/12\/CAP_LovelyBrows-komp-1-scaled-600x400.jpg 600w, https:\/\/lovelybrows.ch\/wp-content\/uploads\/2021\/12\/CAP_LovelyBrows-komp-1-300x200.jpg 300w, https:\/\/lovelybrows.ch\/wp-content\/uploads\/2021\/12\/CAP_LovelyBrows-komp-1-1024x683.jpg 1024w, https:\/\/lovelybrows.ch\/wp-content\/uploads\/2021\/12\/CAP_LovelyBrows-komp-1-768x512.jpg 768w, https:\/\/lovelybrows.ch\/wp-content\/uploads\/2021\/12\/CAP_LovelyBrows-komp-1-1536x1024.jpg 1536w, https:\/\/lovelybrows.ch\/wp-content\/uploads\/2021\/12\/CAP_LovelyBrows-komp-1-2048x1366.jpg 2048w\" sizes=\"auto, (max-width: 2560px) 100vw, 2560px\" \/><\/figure>\n\n\n\n<figure class=\"wp-block-image size-large\"><img loading=\"lazy\" decoding=\"async\" width=\"2560\" height=\"1707\" data-id=\"1143\" src=\"https:\/\/lovelybrows.ch\/wp-content\/uploads\/2021\/12\/CAP_LovelyBrows-komp-34-scaled.jpg\" alt=\"Une femme re&#xE7;oit un lifting des sourcils\" class=\"wp-image-1143\" srcset=\"https:\/\/lovelybrows.ch\/wp-content\/uploads\/2021\/12\/CAP_LovelyBrows-komp-34-scaled.jpg 2560w, https:\/\/lovelybrows.ch\/wp-content\/uploads\/2021\/12\/CAP_LovelyBrows-komp-34-scaled-300x200.jpg 300w, https:\/\/lovelybrows.ch\/wp-content\/uploads\/2021\/12\/CAP_LovelyBrows-komp-34-scaled-1024x683.jpg 1024w, https:\/\/lovelybrows.ch\/wp-content\/uploads\/2021\/12\/CAP_LovelyBrows-komp-34-scaled-768x512.jpg 768w, https:\/\/lovelybrows.ch\/wp-content\/uploads\/2021\/12\/CAP_LovelyBrows-komp-34-scaled-1536x1024.jpg 1536w, https:\/\/lovelybrows.ch\/wp-content\/uploads\/2021\/12\/CAP_LovelyBrows-komp-34-scaled-2048x1366.jpg 2048w, https:\/\/lovelybrows.ch\/wp-content\/uploads\/2021\/12\/CAP_LovelyBrows-komp-34-scaled-600x400.jpg 600w\" sizes=\"auto, (max-width: 2560px) 100vw, 2560px\" \/><\/figure>\n\n\n\n<figure class=\"wp-block-image size-large\"><img loading=\"lazy\" decoding=\"async\" width=\"1000\" height=\"667\" data-id=\"1654\" src=\"https:\/\/lovelybrows.ch\/wp-content\/uploads\/2021\/12\/CAP_LovelyBrows-komp-9.png\" alt=\"Une femme se fait &#xE9;piler avec un fil sur la l&#xE8;vre sup&#xE9;rieure\" class=\"wp-image-1654\" srcset=\"https:\/\/lovelybrows.ch\/wp-content\/uploads\/2021\/12\/CAP_LovelyBrows-komp-9.png 1000w, https:\/\/lovelybrows.ch\/wp-content\/uploads\/2021\/12\/CAP_LovelyBrows-komp-9-600x400.png 600w, https:\/\/lovelybrows.ch\/wp-content\/uploads\/2021\/12\/CAP_LovelyBrows-komp-9-300x200.png 300w, https:\/\/lovelybrows.ch\/wp-content\/uploads\/2021\/12\/CAP_LovelyBrows-komp-9-768x512.png 768w\" sizes=\"auto, (max-width: 1000px) 100vw, 1000px\" \/><\/figure>\n<\/figure>\n\n<\/div><\/div>\n\n<div class=\"gb-container gb-container-4726986f\"><div class=\"gb-inside-container\">\n\n<h2 class=\"gb-headline gb-headline-8ddfa3f7 gb-headline-text\">Les avantages de Lovely Brows <\/h2>\n\n\n\n<hr class=\"wp-block-separator has-css-opacity\"\/>\n\n\n\n<h3 class=\"gb-headline gb-headline-3c5026e5 gb-headline-text\"> Sans rendez-vous<\/h3>\n\n\n\n<p class=\"has-text-align-center\">Venez spontan\u00e9ment sans rendez-vous, nous sommes un bar \u00e0 sourcils sans rendez-vous.<\/p>\n\n\n\n<h3 class=\"gb-headline gb-headline-9a831b0c gb-headline-text\"> Conseils gratuits<\/h3>\n\n\n\n<p class=\"has-text-align-center\">Nous vous conseillons gratuitement et sans engagement en boutique ou par chat et t\u00e9l\u00e9phone.<\/p>\n\n\n\n<h3 class=\"gb-headline gb-headline-30c98d21 gb-headline-text\">Satisfaction garantie<\/h3>\n\n\n\n<p class=\"has-text-align-center\">Si vous n&rsquo;\u00eates pas satisfait, nous apporterons des am\u00e9liorations gratuitement ou vous serez rembours\u00e9.<\/p>\n\n<\/div><\/div>\n<\/div><\/div><\/div>\n<\/div>\n<\/div><div class=\"gb-container gb-container-40652571\"><div class=\"gb-inside-container\">\n<div class=\"gb-container gb-container-db9cf21d\"><div class=\"gb-inside-container\">\n<div class=\"gb-grid-wrapper gb-grid-wrapper-02086872\">\n<div class=\"gb-grid-column gb-grid-column-b861e5e9\"><div class=\"gb-container gb-container-b861e5e9\"><div class=\"gb-inside-container\">\n\n<h3 class=\"gb-headline gb-headline-88b74200\"><span class=\"gb-icon\"><svg xmlns=\"http:\/\/www.w3.org\/2000\/svg\" aria-hidden=\"true\" role=\"img\" height=\"1em\" width=\"1em\" viewbox=\"0 0 384 512\"><path fill=\"currentColor\" d=\"M97.12 362.63c-8.69-8.69-4.16-6.24-25.12-11.85-9.51-2.55-17.87-7.45-25.43-13.32L1.2 448.7c-4.39 10.77 3.81 22.47 15.43 22.03l52.69-2.01L105.56 507c8 8.44 22.04 5.81 26.43-4.96l52.05-127.62c-10.84 6.04-22.87 9.58-35.31 9.58-19.5 0-37.82-7.59-51.61-21.37zM382.8 448.7l-45.37-111.24c-7.56 5.88-15.92 10.77-25.43 13.32-21.07 5.64-16.45 3.18-25.12 11.85-13.79 13.78-32.12 21.37-51.62 21.37-12.44 0-24.47-3.55-35.31-9.58L252 502.04c4.39 10.77 18.44 13.4 26.43 4.96l36.25-38.28 52.69 2.01c11.62.44 19.82-11.27 15.43-22.03zM263 340c15.28-15.55 17.03-14.21 38.79-20.14 13.89-3.79 24.75-14.84 28.47-28.98 7.48-28.4 5.54-24.97 25.95-45.75 10.17-10.35 14.14-25.44 10.42-39.58-7.47-28.38-7.48-24.42 0-52.83 3.72-14.14-.25-29.23-10.42-39.58-20.41-20.78-18.47-17.36-25.95-45.75-3.72-14.14-14.58-25.19-28.47-28.98-27.88-7.61-24.52-5.62-44.95-26.41-10.17-10.35-25-14.4-38.89-10.61-27.87 7.6-23.98 7.61-51.9 0-13.89-3.79-28.72.25-38.89 10.61-20.41 20.78-17.05 18.8-44.94 26.41-13.89 3.79-24.75 14.84-28.47 28.98-7.47 28.39-5.54 24.97-25.95 45.75-10.17 10.35-14.15 25.44-10.42 39.58 7.47 28.36 7.48 24.4 0 52.82-3.72 14.14.25 29.23 10.42 39.59 20.41 20.78 18.47 17.35 25.95 45.75 3.72 14.14 14.58 25.19 28.47 28.98C104.6 325.96 106.27 325 121 340c13.23 13.47 33.84 15.88 49.74 5.82a39.676 39.676 0 0 1 42.53 0c15.89 10.06 36.5 7.65 49.73-5.82zM97.66 175.96c0-53.03 42.24-96.02 94.34-96.02s94.34 42.99 94.34 96.02-42.24 96.02-94.34 96.02-94.34-42.99-94.34-96.02z\"><\/path><\/svg><\/span><span class=\"gb-headline-text\">Depuis 7 ans dans 7 villes<\/span><\/h3>\n\n\n\n<p class=\"gb-headline gb-headline-5447bed3 gb-headline-text\">Personne n&rsquo;a plus d&rsquo;exp\u00e9rience : depuis sept ans, nous cr\u00e9ons des sourcils et des cils parfaits pour nos clientes, dans sept villes maintenant.<\/p>\n\n<\/div><\/div><\/div>\n\n<div class=\"gb-grid-column gb-grid-column-5c8f6138\"><div class=\"gb-container gb-container-5c8f6138\"><div class=\"gb-inside-container\">\n\n<h3 class=\"gb-headline gb-headline-aabe8f9a\"><span class=\"gb-icon\"><svg xmlns=\"http:\/\/www.w3.org\/2000\/svg\" aria-hidden=\"true\" role=\"img\" height=\"1em\" width=\"1em\" viewbox=\"0 0 384 512\"><path fill=\"currentColor\" d=\"M97.12 362.63c-8.69-8.69-4.16-6.24-25.12-11.85-9.51-2.55-17.87-7.45-25.43-13.32L1.2 448.7c-4.39 10.77 3.81 22.47 15.43 22.03l52.69-2.01L105.56 507c8 8.44 22.04 5.81 26.43-4.96l52.05-127.62c-10.84 6.04-22.87 9.58-35.31 9.58-19.5 0-37.82-7.59-51.61-21.37zM382.8 448.7l-45.37-111.24c-7.56 5.88-15.92 10.77-25.43 13.32-21.07 5.64-16.45 3.18-25.12 11.85-13.79 13.78-32.12 21.37-51.62 21.37-12.44 0-24.47-3.55-35.31-9.58L252 502.04c4.39 10.77 18.44 13.4 26.43 4.96l36.25-38.28 52.69 2.01c11.62.44 19.82-11.27 15.43-22.03zM263 340c15.28-15.55 17.03-14.21 38.79-20.14 13.89-3.79 24.75-14.84 28.47-28.98 7.48-28.4 5.54-24.97 25.95-45.75 10.17-10.35 14.14-25.44 10.42-39.58-7.47-28.38-7.48-24.42 0-52.83 3.72-14.14-.25-29.23-10.42-39.58-20.41-20.78-18.47-17.36-25.95-45.75-3.72-14.14-14.58-25.19-28.47-28.98-27.88-7.61-24.52-5.62-44.95-26.41-10.17-10.35-25-14.4-38.89-10.61-27.87 7.6-23.98 7.61-51.9 0-13.89-3.79-28.72.25-38.89 10.61-20.41 20.78-17.05 18.8-44.94 26.41-13.89 3.79-24.75 14.84-28.47 28.98-7.47 28.39-5.54 24.97-25.95 45.75-10.17 10.35-14.15 25.44-10.42 39.58 7.47 28.36 7.48 24.4 0 52.82-3.72 14.14.25 29.23 10.42 39.59 20.41 20.78 18.47 17.35 25.95 45.75 3.72 14.14 14.58 25.19 28.47 28.98C104.6 325.96 106.27 325 121 340c13.23 13.47 33.84 15.88 49.74 5.82a39.676 39.676 0 0 1 42.53 0c15.89 10.06 36.5 7.65 49.73-5.82zM97.66 175.96c0-53.03 42.24-96.02 94.34-96.02s94.34 42.99 94.34 96.02-42.24 96.02-94.34 96.02-94.34-42.99-94.34-96.02z\"><\/path><\/svg><\/span><span class=\"gb-headline-text\">Des milliers de clients satisfaits<\/span><\/h3>\n\n\n\n<p class=\"gb-headline gb-headline-f2e8826e gb-headline-text\">Nous traitons des milliers de clients chaque ann\u00e9e, le taux de satisfaction est de 99,98 %.<\/p>\n\n<\/div><\/div><\/div>\n<\/div>\n<\/div><\/div>\n<\/div><\/div>","protected":false},"excerpt":{"rendered":"","protected":false},"author":1,"featured_media":0,"parent":0,"menu_order":0,"comment_status":"closed","ping_status":"closed","template":"","meta":{"footnotes":""},"class_list":["post-4726","page","type-page","status-publish"],"yoast_head":"<!-- This site is optimized with the Yoast SEO plugin v27.5 - https:\/\/yoast.com\/product\/yoast-seo-wordpress\/ -->\n<title>zuerich | Lovely Brows - perfekte Augenbrauen &amp; Wimpern<\/title>\n<meta name=\"robots\" content=\"index, follow, max-snippet:-1, max-image-preview:large, max-video-preview:-1\" \/>\n<link rel=\"canonical\" href=\"https:\/\/lovelybrows.ch\/fr\/zuerich\/\" \/>\n<meta property=\"og:locale\" content=\"fr_FR\" \/>\n<meta property=\"og:type\" content=\"article\" \/>\n<meta property=\"og:title\" content=\"zuerich | Lovely Brows - perfekte Augenbrauen &amp; Wimpern\" \/>\n<meta property=\"og:url\" content=\"https:\/\/lovelybrows.ch\/fr\/zuerich\/\" \/>\n<meta property=\"og:site_name\" content=\"Lovely Brows - perfekte Augenbrauen &amp; Wimpern\" \/>\n<meta property=\"article:publisher\" content=\"https:\/\/www.facebook.com\/lovelybrows\" \/>\n<meta property=\"article:modified_time\" content=\"2024-03-27T17:21:16+00:00\" \/>\n<meta property=\"og:image\" content=\"https:\/\/lovelybrows.ch\/wp-content\/uploads\/2021\/12\/CAP_LovelyBrows-komp-24-scaled.jpg\" \/>\n<meta name=\"twitter:card\" content=\"summary_large_image\" \/>\n<meta name=\"twitter:label1\" content=\"Dur\u00e9e de lecture estim\u00e9e\" \/>\n\t<meta name=\"twitter:data1\" content=\"1 minute\" \/>\n<script type=\"application\/ld+json\" class=\"yoast-schema-graph\">{\"@context\":\"https:\\\/\\\/schema.org\",\"@graph\":[{\"@type\":\"WebPage\",\"@id\":\"https:\\\/\\\/lovelybrows.ch\\\/fr\\\/zuerich\\\/\",\"url\":\"https:\\\/\\\/lovelybrows.ch\\\/fr\\\/zuerich\\\/\",\"name\":\"zuerich | Lovely Brows - perfekte Augenbrauen &amp; Wimpern\",\"isPartOf\":{\"@id\":\"https:\\\/\\\/lovelybrows.ch\\\/#website\"},\"primaryImageOfPage\":{\"@id\":\"https:\\\/\\\/lovelybrows.ch\\\/fr\\\/zuerich\\\/#primaryimage\"},\"image\":{\"@id\":\"https:\\\/\\\/lovelybrows.ch\\\/fr\\\/zuerich\\\/#primaryimage\"},\"thumbnailUrl\":\"https:\\\/\\\/lovelybrows.ch\\\/wp-content\\\/uploads\\\/2021\\\/12\\\/CAP_LovelyBrows-komp-24-scaled.jpg\",\"datePublished\":\"2024-03-26T17:09:18+00:00\",\"dateModified\":\"2024-03-27T17:21:16+00:00\",\"breadcrumb\":{\"@id\":\"https:\\\/\\\/lovelybrows.ch\\\/fr\\\/zuerich\\\/#breadcrumb\"},\"inLanguage\":\"fr-FR\",\"potentialAction\":[{\"@type\":\"ReadAction\",\"target\":[\"https:\\\/\\\/lovelybrows.ch\\\/fr\\\/zuerich\\\/\"]}]},{\"@type\":\"ImageObject\",\"inLanguage\":\"fr-FR\",\"@id\":\"https:\\\/\\\/lovelybrows.ch\\\/fr\\\/zuerich\\\/#primaryimage\",\"url\":\"https:\\\/\\\/lovelybrows.ch\\\/wp-content\\\/uploads\\\/2021\\\/12\\\/CAP_LovelyBrows-komp-24-scaled.jpg\",\"contentUrl\":\"https:\\\/\\\/lovelybrows.ch\\\/wp-content\\\/uploads\\\/2021\\\/12\\\/CAP_LovelyBrows-komp-24-scaled.jpg\"},{\"@type\":\"BreadcrumbList\",\"@id\":\"https:\\\/\\\/lovelybrows.ch\\\/fr\\\/zuerich\\\/#breadcrumb\",\"itemListElement\":[{\"@type\":\"ListItem\",\"position\":1,\"name\":\"Startseite\",\"item\":\"https:\\\/\\\/lovelybrows.ch\\\/fr\\\/\"},{\"@type\":\"ListItem\",\"position\":2,\"name\":\"zuerich\"}]},{\"@type\":\"WebSite\",\"@id\":\"https:\\\/\\\/lovelybrows.ch\\\/#website\",\"url\":\"https:\\\/\\\/lovelybrows.ch\\\/\",\"name\":\"Lovely Brows - perfekte Augenbrauen &amp; Wimpern\",\"description\":\"Perfekte Wimpern und Augenbrauen ohne Termin.\",\"publisher\":{\"@id\":\"https:\\\/\\\/lovelybrows.ch\\\/#organization\"},\"potentialAction\":[{\"@type\":\"SearchAction\",\"target\":{\"@type\":\"EntryPoint\",\"urlTemplate\":\"https:\\\/\\\/lovelybrows.ch\\\/?s={search_term_string}\"},\"query-input\":{\"@type\":\"PropertyValueSpecification\",\"valueRequired\":true,\"valueName\":\"search_term_string\"}}],\"inLanguage\":\"fr-FR\"},{\"@type\":\"Organization\",\"@id\":\"https:\\\/\\\/lovelybrows.ch\\\/#organization\",\"name\":\"Lovely Brows GmbH\",\"url\":\"https:\\\/\\\/lovelybrows.ch\\\/\",\"logo\":{\"@type\":\"ImageObject\",\"inLanguage\":\"fr-FR\",\"@id\":\"https:\\\/\\\/lovelybrows.ch\\\/#\\\/schema\\\/logo\\\/image\\\/\",\"url\":\"https:\\\/\\\/neu.lovelybrows.cyon.site\\\/neu\\\/wp-content\\\/uploads\\\/2021\\\/12\\\/lovely-brows-Logo_rgb-1.png\",\"contentUrl\":\"https:\\\/\\\/neu.lovelybrows.cyon.site\\\/neu\\\/wp-content\\\/uploads\\\/2021\\\/12\\\/lovely-brows-Logo_rgb-1.png\",\"width\":1576,\"height\":222,\"caption\":\"Lovely Brows GmbH\"},\"image\":{\"@id\":\"https:\\\/\\\/lovelybrows.ch\\\/#\\\/schema\\\/logo\\\/image\\\/\"},\"sameAs\":[\"https:\\\/\\\/www.facebook.com\\\/lovelybrows\",\"https:\\\/\\\/www.instagram.com\\\/lovelybrows_eyebrowdesign\\\/\",\"https:\\\/\\\/www.youtube.com\\\/channel\\\/UCDgUTnGnEDmOrZiwBZS6zOQ\"]}]}<\/script>\n<!-- \/ Yoast SEO plugin. -->","yoast_head_json":{"title":"zuerich | Lovely Brows - perfekte Augenbrauen &amp; Wimpern","robots":{"index":"index","follow":"follow","max-snippet":"max-snippet:-1","max-image-preview":"max-image-preview:large","max-video-preview":"max-video-preview:-1"},"canonical":"https:\/\/lovelybrows.ch\/fr\/zuerich\/","og_locale":"fr_FR","og_type":"article","og_title":"zuerich | Lovely Brows - perfekte Augenbrauen &amp; Wimpern","og_url":"https:\/\/lovelybrows.ch\/fr\/zuerich\/","og_site_name":"Lovely Brows - perfekte Augenbrauen &amp; Wimpern","article_publisher":"https:\/\/www.facebook.com\/lovelybrows","article_modified_time":"2024-03-27T17:21:16+00:00","og_image":[{"url":"https:\/\/lovelybrows.ch\/wp-content\/uploads\/2021\/12\/CAP_LovelyBrows-komp-24-scaled.jpg","type":"","width":"","height":""}],"twitter_card":"summary_large_image","twitter_misc":{"Dur\u00e9e de lecture estim\u00e9e":"1 minute"},"schema":{"@context":"https:\/\/schema.org","@graph":[{"@type":"WebPage","@id":"https:\/\/lovelybrows.ch\/fr\/zuerich\/","url":"https:\/\/lovelybrows.ch\/fr\/zuerich\/","name":"zuerich | Lovely Brows - perfekte Augenbrauen &amp; Wimpern","isPartOf":{"@id":"https:\/\/lovelybrows.ch\/#website"},"primaryImageOfPage":{"@id":"https:\/\/lovelybrows.ch\/fr\/zuerich\/#primaryimage"},"image":{"@id":"https:\/\/lovelybrows.ch\/fr\/zuerich\/#primaryimage"},"thumbnailUrl":"https:\/\/lovelybrows.ch\/wp-content\/uploads\/2021\/12\/CAP_LovelyBrows-komp-24-scaled.jpg","datePublished":"2024-03-26T17:09:18+00:00","dateModified":"2024-03-27T17:21:16+00:00","breadcrumb":{"@id":"https:\/\/lovelybrows.ch\/fr\/zuerich\/#breadcrumb"},"inLanguage":"fr-FR","potentialAction":[{"@type":"ReadAction","target":["https:\/\/lovelybrows.ch\/fr\/zuerich\/"]}]},{"@type":"ImageObject","inLanguage":"fr-FR","@id":"https:\/\/lovelybrows.ch\/fr\/zuerich\/#primaryimage","url":"https:\/\/lovelybrows.ch\/wp-content\/uploads\/2021\/12\/CAP_LovelyBrows-komp-24-scaled.jpg","contentUrl":"https:\/\/lovelybrows.ch\/wp-content\/uploads\/2021\/12\/CAP_LovelyBrows-komp-24-scaled.jpg"},{"@type":"BreadcrumbList","@id":"https:\/\/lovelybrows.ch\/fr\/zuerich\/#breadcrumb","itemListElement":[{"@type":"ListItem","position":1,"name":"Startseite","item":"https:\/\/lovelybrows.ch\/fr\/"},{"@type":"ListItem","position":2,"name":"zuerich"}]},{"@type":"WebSite","@id":"https:\/\/lovelybrows.ch\/#website","url":"https:\/\/lovelybrows.ch\/","name":"Lovely Brows - perfekte Augenbrauen &amp; Wimpern","description":"Perfekte Wimpern und Augenbrauen ohne Termin.","publisher":{"@id":"https:\/\/lovelybrows.ch\/#organization"},"potentialAction":[{"@type":"SearchAction","target":{"@type":"EntryPoint","urlTemplate":"https:\/\/lovelybrows.ch\/?s={search_term_string}"},"query-input":{"@type":"PropertyValueSpecification","valueRequired":true,"valueName":"search_term_string"}}],"inLanguage":"fr-FR"},{"@type":"Organization","@id":"https:\/\/lovelybrows.ch\/#organization","name":"Lovely Brows GmbH","url":"https:\/\/lovelybrows.ch\/","logo":{"@type":"ImageObject","inLanguage":"fr-FR","@id":"https:\/\/lovelybrows.ch\/#\/schema\/logo\/image\/","url":"https:\/\/neu.lovelybrows.cyon.site\/neu\/wp-content\/uploads\/2021\/12\/lovely-brows-Logo_rgb-1.png","contentUrl":"https:\/\/neu.lovelybrows.cyon.site\/neu\/wp-content\/uploads\/2021\/12\/lovely-brows-Logo_rgb-1.png","width":1576,"height":222,"caption":"Lovely Brows GmbH"},"image":{"@id":"https:\/\/lovelybrows.ch\/#\/schema\/logo\/image\/"},"sameAs":["https:\/\/www.facebook.com\/lovelybrows","https:\/\/www.instagram.com\/lovelybrows_eyebrowdesign\/","https:\/\/www.youtube.com\/channel\/UCDgUTnGnEDmOrZiwBZS6zOQ"]}]}},"jetpack_sharing_enabled":true,"_links":{"self":[{"href":"https:\/\/lovelybrows.ch\/fr\/wp-json\/wp\/v2\/pages\/4726","targetHints":{"allow":["GET"]}}],"collection":[{"href":"https:\/\/lovelybrows.ch\/fr\/wp-json\/wp\/v2\/pages"}],"about":[{"href":"https:\/\/lovelybrows.ch\/fr\/wp-json\/wp\/v2\/types\/page"}],"author":[{"embeddable":true,"href":"https:\/\/lovelybrows.ch\/fr\/wp-json\/wp\/v2\/users\/1"}],"replies":[{"embeddable":true,"href":"https:\/\/lovelybrows.ch\/fr\/wp-json\/wp\/v2\/comments?post=4726"}],"version-history":[{"count":13,"href":"https:\/\/lovelybrows.ch\/fr\/wp-json\/wp\/v2\/pages\/4726\/revisions"}],"predecessor-version":[{"id":4763,"href":"https:\/\/lovelybrows.ch\/fr\/wp-json\/wp\/v2\/pages\/4726\/revisions\/4763"}],"wp:attachment":[{"href":"https:\/\/lovelybrows.ch\/fr\/wp-json\/wp\/v2\/media?parent=4726"}],"curies":[{"name":"wp","href":"https:\/\/api.w.org\/{rel}","templated":true}]}}