{"id":4278,"date":"2023-05-05T15:46:26","date_gmt":"2023-05-05T15:46:26","guid":{"rendered":"https:\/\/lovelybrows.ch\/waxing\/"},"modified":"2023-09-21T07:43:42","modified_gmt":"2023-09-21T07:43:42","slug":"waxing","status":"publish","type":"page","link":"https:\/\/lovelybrows.ch\/fr\/waxing\/","title":{"rendered":"waxing"},"content":{"rendered":"<div class=\"gb-grid-wrapper gb-grid-wrapper-1604dc14\">\n<div class=\"gb-grid-column gb-grid-column-4042afaf\"><div class=\"gb-container gb-container-4042afaf\"><div class=\"gb-inside-container\">\n\n<h2 class=\"wp-block-heading\"><meta charset=\"utf-8\"\/>Waxing &#8211; \u00c9pilation \u00e0 la cire<\/h2>\n\n\n\n<p><strong>Actuellement, nous ne proposons le waxing qu&rsquo;\u00e0 Berne, Lucerne, Bienne &amp; Thoune !<\/strong>  \u00c0 Berne, il faut prendre rendez-vous pour le waxing (merci d&rsquo;envoyer un WhatsApp au 077 447 09 90). \u00c0 Lucerne, Bienne et Thoune, le waxing est possible sans rendez-vous.<\/p>\n\n\n\n<hr class=\"wp-block-separator has-css-opacity\"\/>\n\n\n\n<p class=\"has-text-align-center\">L&rsquo;\u00e9pilation \u00e0 la cire est l&rsquo;une des m\u00e9thodes les plus efficaces pour \u00e9liminer les poils du corps. Les avantages sont nombreux, notamment une peau douce comme de la soie pendant des semaines, qui est non seulement lisse mais aussi souple au toucher. Chez Lovely Brows, nous proposons des services de cire professionnels, ax\u00e9s sur la qualit\u00e9 et la satisfaction du client. Notre personnel qualifi\u00e9 n&rsquo;utilise que des cires et des techniques de haute qualit\u00e9 afin de garantir une exp\u00e9rience aussi agr\u00e9able que possible.<\/p>\n\n\n\n<figure class=\"gb-block-image gb-block-image-3e8ef03b\"><img loading=\"lazy\" decoding=\"async\" width=\"800\" height=\"533\" class=\"gb-image gb-image-3e8ef03b\" src=\"https:\/\/lovelybrows.ch\/wp-content\/uploads\/2023\/04\/Jetzt-10-Rabatt-800-\u00d7-533-px.png\" srcset=\"https:\/\/lovelybrows.ch\/wp-content\/uploads\/2023\/04\/Jetzt-10-Rabatt-800-\u00d7-533-px.png 800w, https:\/\/lovelybrows.ch\/wp-content\/uploads\/2023\/04\/Jetzt-10-Rabatt-800-\u00d7-533-px-300x200.png 300w, https:\/\/lovelybrows.ch\/wp-content\/uploads\/2023\/04\/Jetzt-10-Rabatt-800-\u00d7-533-px-768x512.png 768w, https:\/\/lovelybrows.ch\/wp-content\/uploads\/2023\/04\/Jetzt-10-Rabatt-800-\u00d7-533-px-600x400.png 600w\" sizes=\"auto, (max-width: 800px) 100vw, 800px\" \/>\n<figcaption class=\"gb-headline gb-headline-64e460d6 gb-headline-text\"><\/figcaption>\n<\/figure>\n\n\n\n<h2 class=\"wp-block-heading\">D\u00e9roulement du traitement de l&rsquo;\u00e9pilation \u00e0 la cire chez Lovely Brows<\/h2>\n\n\n\n<ol class=\"wp-block-list\">\n<li>Tout d&rsquo;abord, ta peau est nettoy\u00e9e et d\u00e9graiss\u00e9e en profondeur.<\/li>\n\n\n\n<li>La cire est ensuite appliqu\u00e9e sur la peau et retir\u00e9e rapidement \u00e0 l&rsquo;aide de bandes de non-tiss\u00e9, ce qui permet d&rsquo;arracher les poils avec la racine.<\/li>\n\n\n\n<li>Ensuite, nous d\u00e9barrassons ta peau des r\u00e9sidus de cire et la soignons en fonction de ton type de peau.<\/li>\n<\/ol>\n\n\n\n<h2 class=\"gb-headline gb-headline-22702185 gb-headline-text\">Prix waxing femmes<\/h2>\n\n\n\n<p class=\"has-text-align-left has-small-font-size\"><br\/>Demi jambe CHF 40<br\/>Jambes compl\u00e8tes CHF 80<br\/>Bikini CHF 40<br\/>Avant-bras ou partie sup\u00e9rieure du bras CHF 35<br\/>Bras entier CHF 60<br\/>Aisselles CHF 30<br\/>Fesses CHF 35<br\/>Demandes sp\u00e9ciales (par 10 min) CHF 20<\/p>\n\n\n\n<p><strong>INFORMATIONS IMPORTANTES<\/strong><\/p>\n\n\n\n<ul class=\"wp-block-list\">\n<li>\u00c0 Berne, il faut prendre rendez-vous pour le waxing (merci d&rsquo;envoyer un WhatsApp au 077 447 09 90). \u00c0 Lucerne, Bienne et Thoune, le waxing est possible sans rendez-vous.<\/li>\n\n\n\n<li>Nous recommandons de passer entre 9 et 17 heures pour le waxing.<\/li>\n\n\n\n<li>Les lundis, mardis et mercredis sont les meilleurs jours pour se faire \u00e9piler par Lovely Brows.<\/li>\n<\/ul>\n\n\n\n<p>Tu t&rsquo;int\u00e9resses \u00e0 l&rsquo;\u00e9pilation au fil ? Clique sur <strong><a href=\"https:\/\/lovelybrows.ch\/fr\/epilation\/\">ICI<\/a> <\/strong>pour acc\u00e9der \u00e0 la page souhait\u00e9e.<\/p>\n\n<\/div><\/div><\/div>\n<\/div><div class=\"gb-grid-wrapper gb-grid-wrapper-72a6f1ff\">\n<div class=\"gb-grid-column gb-grid-column-d585060b\"><div class=\"gb-container gb-container-d585060b\"><div class=\"gb-inside-container\"><\/div><\/div><\/div>\n\n<div class=\"gb-grid-column gb-grid-column-d7a65af7\"><div class=\"gb-container gb-container-d7a65af7\"><div class=\"gb-inside-container\">\n\n<h3 class=\"gb-headline gb-headline-040e7292 gb-headline-text\"> Sans rendez-vous<\/h3>\n\n\n\n<p class=\"has-text-align-center\">Venez spontan\u00e9ment sans rendez-vous, nous sommes un bar \u00e0 sourcils sans rendez-vous.<\/p>\n\n\n\n<h3 class=\"gb-headline gb-headline-2f89d164 gb-headline-text\"> Conseils gratuits<\/h3>\n\n\n\n<p class=\"has-text-align-center\">Nous vous conseillons gratuitement et sans engagement en boutique ou par chat et t\u00e9l\u00e9phone.<\/p>\n\n\n\n<h3 class=\"gb-headline gb-headline-c453e9f9 gb-headline-text\">Satisfaction garantie<\/h3>\n\n\n\n<p class=\"has-text-align-center\">Si vous n&rsquo;\u00eates pas satisfait, nous apporterons des am\u00e9liorations gratuitement ou vous serez rembours\u00e9.<\/p>\n\n<\/div><\/div><\/div>\n\n<div class=\"gb-grid-column gb-grid-column-bca9629e\"><div class=\"gb-container gb-container-bca9629e\"><div class=\"gb-inside-container\"><\/div><\/div><\/div>\n<\/div><div class=\"gb-grid-wrapper gb-grid-wrapper-7f053798\">\n<div class=\"gb-grid-column gb-grid-column-3a3d6452\"><div class=\"gb-container gb-container-3a3d6452\"><div class=\"gb-inside-container\"><\/div><\/div><\/div>\n\n<div class=\"gb-grid-column gb-grid-column-5878e8b3\"><div class=\"gb-container gb-container-5878e8b3\"><div class=\"gb-inside-container\">\n\n<h2 class=\"gb-headline gb-headline-ca3785ac gb-headline-text\">Demander?<\/h2>\n\n\n<div class=\"gb-button-wrapper gb-button-wrapper-eb8c728f\">\n\n<a class=\"gb-button gb-button-7fec8926 gb-button-text\" href=\"https:\/\/lovelybrows.ch\/fr\/contacter\/\">ORGANISER LA CONSULTATION<\/a>\n\n<\/div>\n\n\n<h2 class=\"gb-headline gb-headline-1b654b72 gb-headline-text\">What&rsquo;s next?<\/h2>\n\n\n<div class=\"gb-button-wrapper gb-button-wrapper-50d8a6a8\">\n\n<a class=\"gb-button gb-button-24b62576 gb-button-text\" href=\"https:\/\/lovelybrows.ch\/fr\/offrir\/\">TOUTES LES PRESTATIONS<\/a>\n\n<\/div>\n\n<div class=\"gb-button-wrapper gb-button-wrapper-bad94bfa\">\n\n<a class=\"gb-button gb-button-b562d592 gb-button-text\" href=\"https:\/\/lovelybrows.ch\/fr\/\">HOME<\/a>\n\n<\/div>\n<\/div><\/div><\/div>\n\n<div class=\"gb-grid-column gb-grid-column-09b439a9\"><div class=\"gb-container gb-container-09b439a9\"><div class=\"gb-inside-container\"><\/div><\/div><\/div>\n<\/div><div class=\"gb-container gb-container-db9cf21d\"><div class=\"gb-inside-container\">\n<div class=\"gb-grid-wrapper gb-grid-wrapper-02086872\">\n<div class=\"gb-grid-column gb-grid-column-b861e5e9\"><div class=\"gb-container gb-container-b861e5e9\"><div class=\"gb-inside-container\">\n\n<h3 class=\"gb-headline gb-headline-88b74200\"><span class=\"gb-icon\"><svg xmlns=\"http:\/\/www.w3.org\/2000\/svg\" aria-hidden=\"true\" role=\"img\" height=\"1em\" width=\"1em\" viewbox=\"0 0 384 512\"><path fill=\"currentColor\" d=\"M97.12 362.63c-8.69-8.69-4.16-6.24-25.12-11.85-9.51-2.55-17.87-7.45-25.43-13.32L1.2 448.7c-4.39 10.77 3.81 22.47 15.43 22.03l52.69-2.01L105.56 507c8 8.44 22.04 5.81 26.43-4.96l52.05-127.62c-10.84 6.04-22.87 9.58-35.31 9.58-19.5 0-37.82-7.59-51.61-21.37zM382.8 448.7l-45.37-111.24c-7.56 5.88-15.92 10.77-25.43 13.32-21.07 5.64-16.45 3.18-25.12 11.85-13.79 13.78-32.12 21.37-51.62 21.37-12.44 0-24.47-3.55-35.31-9.58L252 502.04c4.39 10.77 18.44 13.4 26.43 4.96l36.25-38.28 52.69 2.01c11.62.44 19.82-11.27 15.43-22.03zM263 340c15.28-15.55 17.03-14.21 38.79-20.14 13.89-3.79 24.75-14.84 28.47-28.98 7.48-28.4 5.54-24.97 25.95-45.75 10.17-10.35 14.14-25.44 10.42-39.58-7.47-28.38-7.48-24.42 0-52.83 3.72-14.14-.25-29.23-10.42-39.58-20.41-20.78-18.47-17.36-25.95-45.75-3.72-14.14-14.58-25.19-28.47-28.98-27.88-7.61-24.52-5.62-44.95-26.41-10.17-10.35-25-14.4-38.89-10.61-27.87 7.6-23.98 7.61-51.9 0-13.89-3.79-28.72.25-38.89 10.61-20.41 20.78-17.05 18.8-44.94 26.41-13.89 3.79-24.75 14.84-28.47 28.98-7.47 28.39-5.54 24.97-25.95 45.75-10.17 10.35-14.15 25.44-10.42 39.58 7.47 28.36 7.48 24.4 0 52.82-3.72 14.14.25 29.23 10.42 39.59 20.41 20.78 18.47 17.35 25.95 45.75 3.72 14.14 14.58 25.19 28.47 28.98C104.6 325.96 106.27 325 121 340c13.23 13.47 33.84 15.88 49.74 5.82a39.676 39.676 0 0 1 42.53 0c15.89 10.06 36.5 7.65 49.73-5.82zM97.66 175.96c0-53.03 42.24-96.02 94.34-96.02s94.34 42.99 94.34 96.02-42.24 96.02-94.34 96.02-94.34-42.99-94.34-96.02z\"><\/path><\/svg><\/span><span class=\"gb-headline-text\">Depuis 7 ans dans 7 villes<\/span><\/h3>\n\n\n\n<p class=\"gb-headline gb-headline-5447bed3 gb-headline-text\">Personne n&rsquo;a plus d&rsquo;exp\u00e9rience : depuis sept ans, nous cr\u00e9ons des sourcils et des cils parfaits pour nos clientes, dans sept villes maintenant.<\/p>\n\n<\/div><\/div><\/div>\n\n<div class=\"gb-grid-column gb-grid-column-5c8f6138\"><div class=\"gb-container gb-container-5c8f6138\"><div class=\"gb-inside-container\">\n\n<h3 class=\"gb-headline gb-headline-aabe8f9a\"><span class=\"gb-icon\"><svg xmlns=\"http:\/\/www.w3.org\/2000\/svg\" aria-hidden=\"true\" role=\"img\" height=\"1em\" width=\"1em\" viewbox=\"0 0 384 512\"><path fill=\"currentColor\" d=\"M97.12 362.63c-8.69-8.69-4.16-6.24-25.12-11.85-9.51-2.55-17.87-7.45-25.43-13.32L1.2 448.7c-4.39 10.77 3.81 22.47 15.43 22.03l52.69-2.01L105.56 507c8 8.44 22.04 5.81 26.43-4.96l52.05-127.62c-10.84 6.04-22.87 9.58-35.31 9.58-19.5 0-37.82-7.59-51.61-21.37zM382.8 448.7l-45.37-111.24c-7.56 5.88-15.92 10.77-25.43 13.32-21.07 5.64-16.45 3.18-25.12 11.85-13.79 13.78-32.12 21.37-51.62 21.37-12.44 0-24.47-3.55-35.31-9.58L252 502.04c4.39 10.77 18.44 13.4 26.43 4.96l36.25-38.28 52.69 2.01c11.62.44 19.82-11.27 15.43-22.03zM263 340c15.28-15.55 17.03-14.21 38.79-20.14 13.89-3.79 24.75-14.84 28.47-28.98 7.48-28.4 5.54-24.97 25.95-45.75 10.17-10.35 14.14-25.44 10.42-39.58-7.47-28.38-7.48-24.42 0-52.83 3.72-14.14-.25-29.23-10.42-39.58-20.41-20.78-18.47-17.36-25.95-45.75-3.72-14.14-14.58-25.19-28.47-28.98-27.88-7.61-24.52-5.62-44.95-26.41-10.17-10.35-25-14.4-38.89-10.61-27.87 7.6-23.98 7.61-51.9 0-13.89-3.79-28.72.25-38.89 10.61-20.41 20.78-17.05 18.8-44.94 26.41-13.89 3.79-24.75 14.84-28.47 28.98-7.47 28.39-5.54 24.97-25.95 45.75-10.17 10.35-14.15 25.44-10.42 39.58 7.47 28.36 7.48 24.4 0 52.82-3.72 14.14.25 29.23 10.42 39.59 20.41 20.78 18.47 17.35 25.95 45.75 3.72 14.14 14.58 25.19 28.47 28.98C104.6 325.96 106.27 325 121 340c13.23 13.47 33.84 15.88 49.74 5.82a39.676 39.676 0 0 1 42.53 0c15.89 10.06 36.5 7.65 49.73-5.82zM97.66 175.96c0-53.03 42.24-96.02 94.34-96.02s94.34 42.99 94.34 96.02-42.24 96.02-94.34 96.02-94.34-42.99-94.34-96.02z\"><\/path><\/svg><\/span><span class=\"gb-headline-text\">Des milliers de clients satisfaits<\/span><\/h3>\n\n\n\n<p class=\"gb-headline gb-headline-f2e8826e gb-headline-text\">Nous traitons des milliers de clients chaque ann\u00e9e, le taux de satisfaction est de 99,98 %.<\/p>\n\n<\/div><\/div><\/div>\n<\/div>\n<\/div><\/div>","protected":false},"excerpt":{"rendered":"","protected":false},"author":1,"featured_media":0,"parent":0,"menu_order":0,"comment_status":"closed","ping_status":"closed","template":"","meta":{"footnotes":""},"class_list":["post-4278","page","type-page","status-publish"],"yoast_head":"<!-- This site is optimized with the Yoast SEO plugin v27.6 - https:\/\/yoast.com\/product\/yoast-seo-wordpress\/ -->\n<title>waxing | Lovely Brows - perfekte Augenbrauen &amp; Wimpern<\/title>\n<meta name=\"description\" content=\"Nous proposons le waxing \u00e0 Berne, Lucerne, Bienne et Thoune. \u00c9pilation \u00e0 la cire avec la qualit\u00e9 habituelle de Lovely Brows et sans rendez-vous.\" \/>\n<meta name=\"robots\" content=\"index, follow, max-snippet:-1, max-image-preview:large, max-video-preview:-1\" \/>\n<link rel=\"canonical\" href=\"https:\/\/lovelybrows.ch\/fr\/waxing\/\" \/>\n<meta property=\"og:locale\" content=\"fr_FR\" \/>\n<meta property=\"og:type\" content=\"article\" \/>\n<meta property=\"og:title\" content=\"waxing | Lovely Brows - perfekte Augenbrauen &amp; Wimpern\" \/>\n<meta property=\"og:description\" content=\"Nous proposons le waxing \u00e0 Berne, Lucerne, Bienne et Thoune. \u00c9pilation \u00e0 la cire avec la qualit\u00e9 habituelle de Lovely Brows et sans rendez-vous.\" \/>\n<meta property=\"og:url\" content=\"https:\/\/lovelybrows.ch\/fr\/waxing\/\" \/>\n<meta property=\"og:site_name\" content=\"Lovely Brows - perfekte Augenbrauen &amp; Wimpern\" \/>\n<meta property=\"article:publisher\" content=\"https:\/\/www.facebook.com\/lovelybrows\" \/>\n<meta property=\"article:modified_time\" content=\"2023-09-21T07:43:42+00:00\" \/>\n<meta name=\"twitter:card\" content=\"summary_large_image\" \/>\n<meta name=\"twitter:label1\" content=\"Dur\u00e9e de lecture estim\u00e9e\" \/>\n\t<meta name=\"twitter:data1\" content=\"2 minutes\" \/>\n<script type=\"application\/ld+json\" class=\"yoast-schema-graph\">{\"@context\":\"https:\\\/\\\/schema.org\",\"@graph\":[{\"@type\":\"WebPage\",\"@id\":\"https:\\\/\\\/lovelybrows.ch\\\/fr\\\/waxing\\\/\",\"url\":\"https:\\\/\\\/lovelybrows.ch\\\/fr\\\/waxing\\\/\",\"name\":\"waxing | Lovely Brows - perfekte Augenbrauen &amp; Wimpern\",\"isPartOf\":{\"@id\":\"https:\\\/\\\/lovelybrows.ch\\\/#website\"},\"datePublished\":\"2023-05-05T15:46:26+00:00\",\"dateModified\":\"2023-09-21T07:43:42+00:00\",\"description\":\"Nous proposons le waxing \u00e0 Berne, Lucerne, Bienne et Thoune. \u00c9pilation \u00e0 la cire avec la qualit\u00e9 habituelle de Lovely Brows et sans rendez-vous.\",\"breadcrumb\":{\"@id\":\"https:\\\/\\\/lovelybrows.ch\\\/fr\\\/waxing\\\/#breadcrumb\"},\"inLanguage\":\"fr-FR\",\"potentialAction\":[{\"@type\":\"ReadAction\",\"target\":[\"https:\\\/\\\/lovelybrows.ch\\\/fr\\\/waxing\\\/\"]}]},{\"@type\":\"BreadcrumbList\",\"@id\":\"https:\\\/\\\/lovelybrows.ch\\\/fr\\\/waxing\\\/#breadcrumb\",\"itemListElement\":[{\"@type\":\"ListItem\",\"position\":1,\"name\":\"Startseite\",\"item\":\"https:\\\/\\\/lovelybrows.ch\\\/fr\\\/\"},{\"@type\":\"ListItem\",\"position\":2,\"name\":\"waxing\"}]},{\"@type\":\"WebSite\",\"@id\":\"https:\\\/\\\/lovelybrows.ch\\\/#website\",\"url\":\"https:\\\/\\\/lovelybrows.ch\\\/\",\"name\":\"Lovely Brows - perfekte Augenbrauen &amp; Wimpern\",\"description\":\"Perfekte Wimpern und Augenbrauen ohne Termin.\",\"publisher\":{\"@id\":\"https:\\\/\\\/lovelybrows.ch\\\/#organization\"},\"potentialAction\":[{\"@type\":\"SearchAction\",\"target\":{\"@type\":\"EntryPoint\",\"urlTemplate\":\"https:\\\/\\\/lovelybrows.ch\\\/?s={search_term_string}\"},\"query-input\":{\"@type\":\"PropertyValueSpecification\",\"valueRequired\":true,\"valueName\":\"search_term_string\"}}],\"inLanguage\":\"fr-FR\"},{\"@type\":\"Organization\",\"@id\":\"https:\\\/\\\/lovelybrows.ch\\\/#organization\",\"name\":\"Lovely Brows GmbH\",\"url\":\"https:\\\/\\\/lovelybrows.ch\\\/\",\"logo\":{\"@type\":\"ImageObject\",\"inLanguage\":\"fr-FR\",\"@id\":\"https:\\\/\\\/lovelybrows.ch\\\/#\\\/schema\\\/logo\\\/image\\\/\",\"url\":\"https:\\\/\\\/neu.lovelybrows.cyon.site\\\/neu\\\/wp-content\\\/uploads\\\/2021\\\/12\\\/lovely-brows-Logo_rgb-1.png\",\"contentUrl\":\"https:\\\/\\\/neu.lovelybrows.cyon.site\\\/neu\\\/wp-content\\\/uploads\\\/2021\\\/12\\\/lovely-brows-Logo_rgb-1.png\",\"width\":1576,\"height\":222,\"caption\":\"Lovely Brows GmbH\"},\"image\":{\"@id\":\"https:\\\/\\\/lovelybrows.ch\\\/#\\\/schema\\\/logo\\\/image\\\/\"},\"sameAs\":[\"https:\\\/\\\/www.facebook.com\\\/lovelybrows\",\"https:\\\/\\\/www.instagram.com\\\/lovelybrows_eyebrowdesign\\\/\",\"https:\\\/\\\/www.youtube.com\\\/channel\\\/UCDgUTnGnEDmOrZiwBZS6zOQ\"]}]}<\/script>\n<!-- \/ Yoast SEO plugin. -->","yoast_head_json":{"title":"waxing | Lovely Brows - perfekte Augenbrauen &amp; Wimpern","description":"Nous proposons le waxing \u00e0 Berne, Lucerne, Bienne et Thoune. \u00c9pilation \u00e0 la cire avec la qualit\u00e9 habituelle de Lovely Brows et sans rendez-vous.","robots":{"index":"index","follow":"follow","max-snippet":"max-snippet:-1","max-image-preview":"max-image-preview:large","max-video-preview":"max-video-preview:-1"},"canonical":"https:\/\/lovelybrows.ch\/fr\/waxing\/","og_locale":"fr_FR","og_type":"article","og_title":"waxing | Lovely Brows - perfekte Augenbrauen &amp; Wimpern","og_description":"Nous proposons le waxing \u00e0 Berne, Lucerne, Bienne et Thoune. \u00c9pilation \u00e0 la cire avec la qualit\u00e9 habituelle de Lovely Brows et sans rendez-vous.","og_url":"https:\/\/lovelybrows.ch\/fr\/waxing\/","og_site_name":"Lovely Brows - perfekte Augenbrauen &amp; Wimpern","article_publisher":"https:\/\/www.facebook.com\/lovelybrows","article_modified_time":"2023-09-21T07:43:42+00:00","twitter_card":"summary_large_image","twitter_misc":{"Dur\u00e9e de lecture estim\u00e9e":"2 minutes"},"schema":{"@context":"https:\/\/schema.org","@graph":[{"@type":"WebPage","@id":"https:\/\/lovelybrows.ch\/fr\/waxing\/","url":"https:\/\/lovelybrows.ch\/fr\/waxing\/","name":"waxing | Lovely Brows - perfekte Augenbrauen &amp; Wimpern","isPartOf":{"@id":"https:\/\/lovelybrows.ch\/#website"},"datePublished":"2023-05-05T15:46:26+00:00","dateModified":"2023-09-21T07:43:42+00:00","description":"Nous proposons le waxing \u00e0 Berne, Lucerne, Bienne et Thoune. \u00c9pilation \u00e0 la cire avec la qualit\u00e9 habituelle de Lovely Brows et sans rendez-vous.","breadcrumb":{"@id":"https:\/\/lovelybrows.ch\/fr\/waxing\/#breadcrumb"},"inLanguage":"fr-FR","potentialAction":[{"@type":"ReadAction","target":["https:\/\/lovelybrows.ch\/fr\/waxing\/"]}]},{"@type":"BreadcrumbList","@id":"https:\/\/lovelybrows.ch\/fr\/waxing\/#breadcrumb","itemListElement":[{"@type":"ListItem","position":1,"name":"Startseite","item":"https:\/\/lovelybrows.ch\/fr\/"},{"@type":"ListItem","position":2,"name":"waxing"}]},{"@type":"WebSite","@id":"https:\/\/lovelybrows.ch\/#website","url":"https:\/\/lovelybrows.ch\/","name":"Lovely Brows - perfekte Augenbrauen &amp; Wimpern","description":"Perfekte Wimpern und Augenbrauen ohne Termin.","publisher":{"@id":"https:\/\/lovelybrows.ch\/#organization"},"potentialAction":[{"@type":"SearchAction","target":{"@type":"EntryPoint","urlTemplate":"https:\/\/lovelybrows.ch\/?s={search_term_string}"},"query-input":{"@type":"PropertyValueSpecification","valueRequired":true,"valueName":"search_term_string"}}],"inLanguage":"fr-FR"},{"@type":"Organization","@id":"https:\/\/lovelybrows.ch\/#organization","name":"Lovely Brows GmbH","url":"https:\/\/lovelybrows.ch\/","logo":{"@type":"ImageObject","inLanguage":"fr-FR","@id":"https:\/\/lovelybrows.ch\/#\/schema\/logo\/image\/","url":"https:\/\/neu.lovelybrows.cyon.site\/neu\/wp-content\/uploads\/2021\/12\/lovely-brows-Logo_rgb-1.png","contentUrl":"https:\/\/neu.lovelybrows.cyon.site\/neu\/wp-content\/uploads\/2021\/12\/lovely-brows-Logo_rgb-1.png","width":1576,"height":222,"caption":"Lovely Brows GmbH"},"image":{"@id":"https:\/\/lovelybrows.ch\/#\/schema\/logo\/image\/"},"sameAs":["https:\/\/www.facebook.com\/lovelybrows","https:\/\/www.instagram.com\/lovelybrows_eyebrowdesign\/","https:\/\/www.youtube.com\/channel\/UCDgUTnGnEDmOrZiwBZS6zOQ"]}]}},"jetpack_sharing_enabled":true,"_links":{"self":[{"href":"https:\/\/lovelybrows.ch\/fr\/wp-json\/wp\/v2\/pages\/4278","targetHints":{"allow":["GET"]}}],"collection":[{"href":"https:\/\/lovelybrows.ch\/fr\/wp-json\/wp\/v2\/pages"}],"about":[{"href":"https:\/\/lovelybrows.ch\/fr\/wp-json\/wp\/v2\/types\/page"}],"author":[{"embeddable":true,"href":"https:\/\/lovelybrows.ch\/fr\/wp-json\/wp\/v2\/users\/1"}],"replies":[{"embeddable":true,"href":"https:\/\/lovelybrows.ch\/fr\/wp-json\/wp\/v2\/comments?post=4278"}],"version-history":[{"count":13,"href":"https:\/\/lovelybrows.ch\/fr\/wp-json\/wp\/v2\/pages\/4278\/revisions"}],"predecessor-version":[{"id":4495,"href":"https:\/\/lovelybrows.ch\/fr\/wp-json\/wp\/v2\/pages\/4278\/revisions\/4495"}],"wp:attachment":[{"href":"https:\/\/lovelybrows.ch\/fr\/wp-json\/wp\/v2\/media?parent=4278"}],"curies":[{"name":"wp","href":"https:\/\/api.w.org\/{rel}","templated":true}]}}