{"id":2409,"date":"2022-01-24T11:33:04","date_gmt":"2022-01-24T11:33:04","guid":{"rendered":"https:\/\/lovelybrows.ch\/remise-merci\/"},"modified":"2022-01-24T11:33:33","modified_gmt":"2022-01-24T11:33:33","slug":"remise-merci","status":"publish","type":"page","link":"https:\/\/lovelybrows.ch\/fr\/remise-merci\/","title":{"rendered":"remise merci"},"content":{"rendered":"<div class=\"gb-grid-wrapper gb-grid-wrapper-c617318c\">\n<div class=\"gb-grid-column gb-grid-column-299906cd\"><div class=\"gb-container gb-container-299906cd\"><div class=\"gb-inside-container\"><\/div><\/div><\/div>\n\n<div class=\"gb-grid-column gb-grid-column-e265f22f\"><div class=\"gb-container gb-container-e265f22f\"><div class=\"gb-inside-container\">\n\n<h1 class=\"gb-headline gb-headline-e3d1391c gb-headline-text\">Merci beaucoup, votre carte de r\u00e9duction est en route&nbsp;!<\/h1>\n\n\n\n<p class=\"has-text-align-center\"> La carte de r\u00e9duction arrivera dans votre bo\u00eete de r\u00e9ception dans les 30\u00a0prochaines minutes.<br\/><br\/>Si vous ne recevez pas la carte de r\u00e9duction, veuillez v\u00e9rifier votre dossier spam ou envoyez-nous un e-mail.<br\/><\/p>\n\n<\/div><\/div><\/div>\n\n<div class=\"gb-grid-column gb-grid-column-4f64c9c3\"><div class=\"gb-container gb-container-4f64c9c3\"><div class=\"gb-inside-container\"><\/div><\/div><\/div>\n<\/div><div class=\"gb-grid-wrapper gb-grid-wrapper-72a6f1ff\">\n<div class=\"gb-grid-column gb-grid-column-d585060b\"><div class=\"gb-container gb-container-d585060b\"><div class=\"gb-inside-container\"><\/div><\/div><\/div>\n\n<div class=\"gb-grid-column gb-grid-column-d7a65af7\"><div class=\"gb-container gb-container-d7a65af7\"><div class=\"gb-inside-container\">\n\n<h2 class=\"gb-headline gb-headline-4e3db767 gb-headline-text\">Demander?<\/h2>\n\n\n<div class=\"gb-button-wrapper gb-button-wrapper-d160a475\">\n\n<a class=\"gb-button gb-button-a9a842f7 gb-button-text\" href=\"https:\/\/lovelybrows.ch\/fr\/contacter\/\">ORGANISER LA CONSULTATION<\/a>\n\n<\/div>\n\n\n<h2 class=\"gb-headline gb-headline-ed9731c8 gb-headline-text\">What&rsquo;s next?<\/h2>\n\n\n<div class=\"gb-button-wrapper gb-button-wrapper-e8a7ac97\">\n\n<a class=\"gb-button gb-button-ed9d5341 gb-button-text\" href=\"https:\/\/lovelybrows.ch\/fr\/offrir\/\">TOUTES LES PRESTATIONS<\/a>\n\n<\/div>\n\n<div class=\"gb-button-wrapper gb-button-wrapper-9392f9cf\">\n\n<a class=\"gb-button gb-button-a9225938 gb-button-text\" href=\"https:\/\/lovelybrows.ch\/fr\/\">HOME<\/a>\n\n<\/div>\n<\/div><\/div><\/div>\n\n<div class=\"gb-grid-column gb-grid-column-bca9629e\"><div class=\"gb-container gb-container-bca9629e\"><div class=\"gb-inside-container\"><\/div><\/div><\/div>\n<\/div><div class=\"gb-container gb-container-db9cf21d\"><div class=\"gb-inside-container\">\n<div class=\"gb-grid-wrapper gb-grid-wrapper-02086872\">\n<div class=\"gb-grid-column gb-grid-column-b861e5e9\"><div class=\"gb-container gb-container-b861e5e9\"><div class=\"gb-inside-container\">\n\n<h3 class=\"gb-headline gb-headline-88b74200\"><span class=\"gb-icon\"><svg xmlns=\"http:\/\/www.w3.org\/2000\/svg\" aria-hidden=\"true\" role=\"img\" height=\"1em\" width=\"1em\" viewbox=\"0 0 384 512\"><path fill=\"currentColor\" d=\"M97.12 362.63c-8.69-8.69-4.16-6.24-25.12-11.85-9.51-2.55-17.87-7.45-25.43-13.32L1.2 448.7c-4.39 10.77 3.81 22.47 15.43 22.03l52.69-2.01L105.56 507c8 8.44 22.04 5.81 26.43-4.96l52.05-127.62c-10.84 6.04-22.87 9.58-35.31 9.58-19.5 0-37.82-7.59-51.61-21.37zM382.8 448.7l-45.37-111.24c-7.56 5.88-15.92 10.77-25.43 13.32-21.07 5.64-16.45 3.18-25.12 11.85-13.79 13.78-32.12 21.37-51.62 21.37-12.44 0-24.47-3.55-35.31-9.58L252 502.04c4.39 10.77 18.44 13.4 26.43 4.96l36.25-38.28 52.69 2.01c11.62.44 19.82-11.27 15.43-22.03zM263 340c15.28-15.55 17.03-14.21 38.79-20.14 13.89-3.79 24.75-14.84 28.47-28.98 7.48-28.4 5.54-24.97 25.95-45.75 10.17-10.35 14.14-25.44 10.42-39.58-7.47-28.38-7.48-24.42 0-52.83 3.72-14.14-.25-29.23-10.42-39.58-20.41-20.78-18.47-17.36-25.95-45.75-3.72-14.14-14.58-25.19-28.47-28.98-27.88-7.61-24.52-5.62-44.95-26.41-10.17-10.35-25-14.4-38.89-10.61-27.87 7.6-23.98 7.61-51.9 0-13.89-3.79-28.72.25-38.89 10.61-20.41 20.78-17.05 18.8-44.94 26.41-13.89 3.79-24.75 14.84-28.47 28.98-7.47 28.39-5.54 24.97-25.95 45.75-10.17 10.35-14.15 25.44-10.42 39.58 7.47 28.36 7.48 24.4 0 52.82-3.72 14.14.25 29.23 10.42 39.59 20.41 20.78 18.47 17.35 25.95 45.75 3.72 14.14 14.58 25.19 28.47 28.98C104.6 325.96 106.27 325 121 340c13.23 13.47 33.84 15.88 49.74 5.82a39.676 39.676 0 0 1 42.53 0c15.89 10.06 36.5 7.65 49.73-5.82zM97.66 175.96c0-53.03 42.24-96.02 94.34-96.02s94.34 42.99 94.34 96.02-42.24 96.02-94.34 96.02-94.34-42.99-94.34-96.02z\"><\/path><\/svg><\/span><span class=\"gb-headline-text\">Depuis 7 ans dans 7 villes<\/span><\/h3>\n\n\n\n<p class=\"gb-headline gb-headline-5447bed3 gb-headline-text\">Personne n&rsquo;a plus d&rsquo;exp\u00e9rience : depuis sept ans, nous cr\u00e9ons des sourcils et des cils parfaits pour nos clientes, dans sept villes maintenant.<\/p>\n\n<\/div><\/div><\/div>\n\n<div class=\"gb-grid-column gb-grid-column-5c8f6138\"><div class=\"gb-container gb-container-5c8f6138\"><div class=\"gb-inside-container\">\n\n<h3 class=\"gb-headline gb-headline-aabe8f9a\"><span class=\"gb-icon\"><svg xmlns=\"http:\/\/www.w3.org\/2000\/svg\" aria-hidden=\"true\" role=\"img\" height=\"1em\" width=\"1em\" viewbox=\"0 0 384 512\"><path fill=\"currentColor\" d=\"M97.12 362.63c-8.69-8.69-4.16-6.24-25.12-11.85-9.51-2.55-17.87-7.45-25.43-13.32L1.2 448.7c-4.39 10.77 3.81 22.47 15.43 22.03l52.69-2.01L105.56 507c8 8.44 22.04 5.81 26.43-4.96l52.05-127.62c-10.84 6.04-22.87 9.58-35.31 9.58-19.5 0-37.82-7.59-51.61-21.37zM382.8 448.7l-45.37-111.24c-7.56 5.88-15.92 10.77-25.43 13.32-21.07 5.64-16.45 3.18-25.12 11.85-13.79 13.78-32.12 21.37-51.62 21.37-12.44 0-24.47-3.55-35.31-9.58L252 502.04c4.39 10.77 18.44 13.4 26.43 4.96l36.25-38.28 52.69 2.01c11.62.44 19.82-11.27 15.43-22.03zM263 340c15.28-15.55 17.03-14.21 38.79-20.14 13.89-3.79 24.75-14.84 28.47-28.98 7.48-28.4 5.54-24.97 25.95-45.75 10.17-10.35 14.14-25.44 10.42-39.58-7.47-28.38-7.48-24.42 0-52.83 3.72-14.14-.25-29.23-10.42-39.58-20.41-20.78-18.47-17.36-25.95-45.75-3.72-14.14-14.58-25.19-28.47-28.98-27.88-7.61-24.52-5.62-44.95-26.41-10.17-10.35-25-14.4-38.89-10.61-27.87 7.6-23.98 7.61-51.9 0-13.89-3.79-28.72.25-38.89 10.61-20.41 20.78-17.05 18.8-44.94 26.41-13.89 3.79-24.75 14.84-28.47 28.98-7.47 28.39-5.54 24.97-25.95 45.75-10.17 10.35-14.15 25.44-10.42 39.58 7.47 28.36 7.48 24.4 0 52.82-3.72 14.14.25 29.23 10.42 39.59 20.41 20.78 18.47 17.35 25.95 45.75 3.72 14.14 14.58 25.19 28.47 28.98C104.6 325.96 106.27 325 121 340c13.23 13.47 33.84 15.88 49.74 5.82a39.676 39.676 0 0 1 42.53 0c15.89 10.06 36.5 7.65 49.73-5.82zM97.66 175.96c0-53.03 42.24-96.02 94.34-96.02s94.34 42.99 94.34 96.02-42.24 96.02-94.34 96.02-94.34-42.99-94.34-96.02z\"><\/path><\/svg><\/span><span class=\"gb-headline-text\">Des milliers de clients satisfaits<\/span><\/h3>\n\n\n\n<p class=\"gb-headline gb-headline-f2e8826e gb-headline-text\">Nous traitons des milliers de clients chaque ann\u00e9e, le taux de satisfaction est de 99,98 %.<\/p>\n\n<\/div><\/div><\/div>\n<\/div>\n<\/div><\/div>","protected":false},"excerpt":{"rendered":"","protected":false},"author":1,"featured_media":0,"parent":0,"menu_order":0,"comment_status":"closed","ping_status":"closed","template":"","meta":{"footnotes":""},"class_list":["post-2409","page","type-page","status-publish"],"yoast_head":"<!-- This site is optimized with the Yoast SEO plugin v27.4 - https:\/\/yoast.com\/product\/yoast-seo-wordpress\/ -->\n<title>remise merci | Lovely Brows - perfekte Augenbrauen &amp; Wimpern<\/title>\n<meta name=\"robots\" content=\"index, follow, max-snippet:-1, max-image-preview:large, max-video-preview:-1\" \/>\n<link rel=\"canonical\" href=\"https:\/\/lovelybrows.ch\/fr\/remise-merci\/\" \/>\n<meta property=\"og:locale\" content=\"fr_FR\" \/>\n<meta property=\"og:type\" content=\"article\" \/>\n<meta property=\"og:title\" content=\"remise merci | Lovely Brows - perfekte Augenbrauen &amp; Wimpern\" \/>\n<meta property=\"og:url\" content=\"https:\/\/lovelybrows.ch\/fr\/remise-merci\/\" \/>\n<meta property=\"og:site_name\" content=\"Lovely Brows - perfekte Augenbrauen &amp; Wimpern\" \/>\n<meta property=\"article:publisher\" content=\"https:\/\/www.facebook.com\/lovelybrows\" \/>\n<meta property=\"article:modified_time\" content=\"2022-01-24T11:33:33+00:00\" \/>\n<meta name=\"twitter:card\" content=\"summary_large_image\" \/>\n<script type=\"application\/ld+json\" class=\"yoast-schema-graph\">{\"@context\":\"https:\\\/\\\/schema.org\",\"@graph\":[{\"@type\":\"WebPage\",\"@id\":\"https:\\\/\\\/lovelybrows.ch\\\/fr\\\/remise-merci\\\/\",\"url\":\"https:\\\/\\\/lovelybrows.ch\\\/fr\\\/remise-merci\\\/\",\"name\":\"remise merci | Lovely Brows - perfekte Augenbrauen &amp; Wimpern\",\"isPartOf\":{\"@id\":\"https:\\\/\\\/lovelybrows.ch\\\/#website\"},\"datePublished\":\"2022-01-24T11:33:04+00:00\",\"dateModified\":\"2022-01-24T11:33:33+00:00\",\"breadcrumb\":{\"@id\":\"https:\\\/\\\/lovelybrows.ch\\\/fr\\\/remise-merci\\\/#breadcrumb\"},\"inLanguage\":\"fr-FR\",\"potentialAction\":[{\"@type\":\"ReadAction\",\"target\":[\"https:\\\/\\\/lovelybrows.ch\\\/fr\\\/remise-merci\\\/\"]}]},{\"@type\":\"BreadcrumbList\",\"@id\":\"https:\\\/\\\/lovelybrows.ch\\\/fr\\\/remise-merci\\\/#breadcrumb\",\"itemListElement\":[{\"@type\":\"ListItem\",\"position\":1,\"name\":\"Startseite\",\"item\":\"https:\\\/\\\/lovelybrows.ch\\\/fr\\\/\"},{\"@type\":\"ListItem\",\"position\":2,\"name\":\"remise merci\"}]},{\"@type\":\"WebSite\",\"@id\":\"https:\\\/\\\/lovelybrows.ch\\\/#website\",\"url\":\"https:\\\/\\\/lovelybrows.ch\\\/\",\"name\":\"Lovely Brows - perfekte Augenbrauen &amp; Wimpern\",\"description\":\"Perfekte Wimpern und Augenbrauen ohne Termin.\",\"publisher\":{\"@id\":\"https:\\\/\\\/lovelybrows.ch\\\/#organization\"},\"potentialAction\":[{\"@type\":\"SearchAction\",\"target\":{\"@type\":\"EntryPoint\",\"urlTemplate\":\"https:\\\/\\\/lovelybrows.ch\\\/?s={search_term_string}\"},\"query-input\":{\"@type\":\"PropertyValueSpecification\",\"valueRequired\":true,\"valueName\":\"search_term_string\"}}],\"inLanguage\":\"fr-FR\"},{\"@type\":\"Organization\",\"@id\":\"https:\\\/\\\/lovelybrows.ch\\\/#organization\",\"name\":\"Lovely Brows GmbH\",\"url\":\"https:\\\/\\\/lovelybrows.ch\\\/\",\"logo\":{\"@type\":\"ImageObject\",\"inLanguage\":\"fr-FR\",\"@id\":\"https:\\\/\\\/lovelybrows.ch\\\/#\\\/schema\\\/logo\\\/image\\\/\",\"url\":\"https:\\\/\\\/neu.lovelybrows.cyon.site\\\/neu\\\/wp-content\\\/uploads\\\/2021\\\/12\\\/lovely-brows-Logo_rgb-1.png\",\"contentUrl\":\"https:\\\/\\\/neu.lovelybrows.cyon.site\\\/neu\\\/wp-content\\\/uploads\\\/2021\\\/12\\\/lovely-brows-Logo_rgb-1.png\",\"width\":1576,\"height\":222,\"caption\":\"Lovely Brows GmbH\"},\"image\":{\"@id\":\"https:\\\/\\\/lovelybrows.ch\\\/#\\\/schema\\\/logo\\\/image\\\/\"},\"sameAs\":[\"https:\\\/\\\/www.facebook.com\\\/lovelybrows\",\"https:\\\/\\\/www.instagram.com\\\/lovelybrows_eyebrowdesign\\\/\",\"https:\\\/\\\/www.youtube.com\\\/channel\\\/UCDgUTnGnEDmOrZiwBZS6zOQ\"]}]}<\/script>\n<!-- \/ Yoast SEO plugin. -->","yoast_head_json":{"title":"remise merci | Lovely Brows - perfekte Augenbrauen &amp; Wimpern","robots":{"index":"index","follow":"follow","max-snippet":"max-snippet:-1","max-image-preview":"max-image-preview:large","max-video-preview":"max-video-preview:-1"},"canonical":"https:\/\/lovelybrows.ch\/fr\/remise-merci\/","og_locale":"fr_FR","og_type":"article","og_title":"remise merci | Lovely Brows - perfekte Augenbrauen &amp; Wimpern","og_url":"https:\/\/lovelybrows.ch\/fr\/remise-merci\/","og_site_name":"Lovely Brows - perfekte Augenbrauen &amp; Wimpern","article_publisher":"https:\/\/www.facebook.com\/lovelybrows","article_modified_time":"2022-01-24T11:33:33+00:00","twitter_card":"summary_large_image","schema":{"@context":"https:\/\/schema.org","@graph":[{"@type":"WebPage","@id":"https:\/\/lovelybrows.ch\/fr\/remise-merci\/","url":"https:\/\/lovelybrows.ch\/fr\/remise-merci\/","name":"remise merci | Lovely Brows - perfekte Augenbrauen &amp; Wimpern","isPartOf":{"@id":"https:\/\/lovelybrows.ch\/#website"},"datePublished":"2022-01-24T11:33:04+00:00","dateModified":"2022-01-24T11:33:33+00:00","breadcrumb":{"@id":"https:\/\/lovelybrows.ch\/fr\/remise-merci\/#breadcrumb"},"inLanguage":"fr-FR","potentialAction":[{"@type":"ReadAction","target":["https:\/\/lovelybrows.ch\/fr\/remise-merci\/"]}]},{"@type":"BreadcrumbList","@id":"https:\/\/lovelybrows.ch\/fr\/remise-merci\/#breadcrumb","itemListElement":[{"@type":"ListItem","position":1,"name":"Startseite","item":"https:\/\/lovelybrows.ch\/fr\/"},{"@type":"ListItem","position":2,"name":"remise merci"}]},{"@type":"WebSite","@id":"https:\/\/lovelybrows.ch\/#website","url":"https:\/\/lovelybrows.ch\/","name":"Lovely Brows - perfekte Augenbrauen &amp; Wimpern","description":"Perfekte Wimpern und Augenbrauen ohne Termin.","publisher":{"@id":"https:\/\/lovelybrows.ch\/#organization"},"potentialAction":[{"@type":"SearchAction","target":{"@type":"EntryPoint","urlTemplate":"https:\/\/lovelybrows.ch\/?s={search_term_string}"},"query-input":{"@type":"PropertyValueSpecification","valueRequired":true,"valueName":"search_term_string"}}],"inLanguage":"fr-FR"},{"@type":"Organization","@id":"https:\/\/lovelybrows.ch\/#organization","name":"Lovely Brows GmbH","url":"https:\/\/lovelybrows.ch\/","logo":{"@type":"ImageObject","inLanguage":"fr-FR","@id":"https:\/\/lovelybrows.ch\/#\/schema\/logo\/image\/","url":"https:\/\/neu.lovelybrows.cyon.site\/neu\/wp-content\/uploads\/2021\/12\/lovely-brows-Logo_rgb-1.png","contentUrl":"https:\/\/neu.lovelybrows.cyon.site\/neu\/wp-content\/uploads\/2021\/12\/lovely-brows-Logo_rgb-1.png","width":1576,"height":222,"caption":"Lovely Brows GmbH"},"image":{"@id":"https:\/\/lovelybrows.ch\/#\/schema\/logo\/image\/"},"sameAs":["https:\/\/www.facebook.com\/lovelybrows","https:\/\/www.instagram.com\/lovelybrows_eyebrowdesign\/","https:\/\/www.youtube.com\/channel\/UCDgUTnGnEDmOrZiwBZS6zOQ"]}]}},"jetpack_sharing_enabled":true,"_links":{"self":[{"href":"https:\/\/lovelybrows.ch\/fr\/wp-json\/wp\/v2\/pages\/2409","targetHints":{"allow":["GET"]}}],"collection":[{"href":"https:\/\/lovelybrows.ch\/fr\/wp-json\/wp\/v2\/pages"}],"about":[{"href":"https:\/\/lovelybrows.ch\/fr\/wp-json\/wp\/v2\/types\/page"}],"author":[{"embeddable":true,"href":"https:\/\/lovelybrows.ch\/fr\/wp-json\/wp\/v2\/users\/1"}],"replies":[{"embeddable":true,"href":"https:\/\/lovelybrows.ch\/fr\/wp-json\/wp\/v2\/comments?post=2409"}],"version-history":[{"count":4,"href":"https:\/\/lovelybrows.ch\/fr\/wp-json\/wp\/v2\/pages\/2409\/revisions"}],"predecessor-version":[{"id":2416,"href":"https:\/\/lovelybrows.ch\/fr\/wp-json\/wp\/v2\/pages\/2409\/revisions\/2416"}],"wp:attachment":[{"href":"https:\/\/lovelybrows.ch\/fr\/wp-json\/wp\/v2\/media?parent=2409"}],"curies":[{"name":"wp","href":"https:\/\/api.w.org\/{rel}","templated":true}]}}