{"id":2263,"date":"2022-01-11T17:29:06","date_gmt":"2022-01-11T17:29:06","guid":{"rendered":"https:\/\/lovelybrows.ch\/travaux\/"},"modified":"2024-05-04T07:48:56","modified_gmt":"2024-05-04T07:48:56","slug":"travaux","status":"publish","type":"page","link":"https:\/\/lovelybrows.ch\/fr\/travaux\/","title":{"rendered":"Travaux"},"content":{"rendered":"<div class=\"gb-container gb-container-5178e0b2\"><div class=\"gb-inside-container\">\n\n<h2 class=\"wp-block-heading\">Nous avons actuellement des postes \u00e0 pourvoir &#8211; postulez d\u00e8s maintenant !<br\/><\/h2>\n\n<\/div><\/div><div class=\"gb-grid-wrapper gb-grid-wrapper-e9ab939e\">\n<div class=\"gb-grid-column gb-grid-column-434cbb12\"><div class=\"gb-container gb-container-434cbb12\"><div class=\"gb-inside-container\">\n\n<h2 class=\"gb-headline gb-headline-f75316f6 gb-headline-text\">  Soleure<\/h2>\n\n\n\n<hr class=\"wp-block-separator has-text-color has-contrast-color has-css-opacity has-contrast-background-color has-background is-style-wide\"\/>\n\n\n\n<p><em>La vie est trop courte pour les mauvais sourcils ! <\/em><em>Lovely Brows apporte la tendance des sourcils parfaitement coiff\u00e9s en Suisse !<\/em><\/p>\n\n\n\n<p>Nous sommes une entreprise de cosm\u00e9tiques avec des filiales \u00e0 Berne, Zurich, Lucerne, Bienne, Soleure, Winterthur et Thoune. Pour la filiale de Soleure, nous recherchons :<\/p>\n\n\n\n<h1 class=\"wp-block-heading\" id=\"luzern-kosmetikerin-brow-stylistin-50-100-ab-sofort\">Soleure : Esth\u00e9ticienne \/ Styliste sourcils 50 &#8211; 100 % (\u00e0 partir de maintenant)<\/h1>\n\n\n\n<p>Nous vous proposons une activit\u00e9 int\u00e9ressante dans notre Brow Bar dans un emplacement privil\u00e9gi\u00e9. Une r\u00e9mun\u00e9ration bas\u00e9e sur le march\u00e9 est pour nous une \u00e9vidence.<\/p>\n\n\n\n<p>Vos responsabilit\u00e9s incluent :<\/p>\n\n\n\n<ul class=\"wp-block-list\">\n<li>Accompagnement et conseil pour nos clients<\/li>\n\n\n\n<li>Coiffage et modelage des sourcils<\/li>\n\n\n\n<li>\u00c9pilation de la zone du visage par \u00e9pilation au fil<\/li>\n\n\n\n<li>Garantir des normes d&rsquo;hygi\u00e8ne irr\u00e9prochables<\/li>\n<\/ul>\n\n\n\n<p>votre profil<\/p>\n\n\n\n<ul class=\"wp-block-list\">\n<li>Vous ma\u00eetrisez l&rsquo;\u00e9pilation au fil (technique du fil oriental)<\/li>\n\n\n\n<li>Vous avez de l&rsquo;exp\u00e9rience dans les traitements cosm\u00e9tiques<br\/>(en particulier les traitements et coloration des sourcils)<\/li>\n\n\n\n<li>Exp\u00e9rience et plaisir de vendre<\/li>\n\n\n\n<li>L&rsquo;action orient\u00e9e client est une \u00e9vidence pour vous<\/li>\n\n\n\n<li><strong>Vous \u00eates pr\u00eat \u00e0 travailler le samedi<\/strong><\/li>\n\n\n\n<li><strong>Ils sont pr\u00eats pour des missions sporadiques dans d&rsquo;autres branches<\/strong><\/li>\n<\/ul>\n\n\n\n<p>Avez-vous ces pr\u00e9requis et \u00eates-vous \u00e9galement param\u00e9tr\u00e9, flexible et fiable ? Alors nous attendons avec impatience votre candidature \u00e9lectronique \u00e0 <a href=\"mailto:bewerbungen@lovelybrows.ch\" rel=\"nofollow\">bewerbungen@lovelybrows.ch<\/a> .<\/p>\n\n\n\n<p>Si vous avez des questions : Simon Durand mobile 079 692 16 29<\/p>\n\n<\/div><\/div><\/div>\n\n<div class=\"gb-grid-column gb-grid-column-36b595c6\"><div class=\"gb-container gb-container-36b595c6\"><div class=\"gb-inside-container\">\n\n<h2 class=\"gb-headline gb-headline-20994545 gb-headline-text\">Thun<\/h2>\n\n\n\n<hr class=\"wp-block-separator has-text-color has-contrast-color has-css-opacity has-contrast-background-color has-background is-style-wide\"\/>\n\n\n\n<p><em>La vie est trop courte pour les mauvais sourcils ! <\/em><em>Lovely Brows apporte la tendance des sourcils parfaitement coiff\u00e9s en Suisse !<\/em><\/p>\n\n\n\n<p>Nous sommes une entreprise de cosm\u00e9tiques avec des filiales \u00e0 Berne, Zurich Lucerne, Bienne, Soleure, Winterthur et Thoune. Nous recherchons pour notre filiale de Thun :<\/p>\n\n\n\n<h1 class=\"wp-block-heading\" id=\"luzern-kosmetikerin-brow-stylistin-50-100-ab-sofort\">Thun : Esth\u00e9ticienne \/ Brow stylist 40% (de suite)<\/h1>\n\n\n\n<p><strong>Jours de travail : jeudi &amp; vendredi apr\u00e8s-midi, samedi toute la journ\u00e9e<\/strong><\/p>\n\n\n\n<p>Nous vous proposons une activit\u00e9 int\u00e9ressante dans notre Brow Bar dans un emplacement privil\u00e9gi\u00e9. Une r\u00e9mun\u00e9ration bas\u00e9e sur le march\u00e9 est pour nous une \u00e9vidence.<\/p>\n\n\n\n<p>Vos responsabilit\u00e9s incluent :<\/p>\n\n\n\n<ul class=\"wp-block-list\">\n<li>Accompagnement et conseil pour nos clients<\/li>\n\n\n\n<li>Coiffage et modelage des sourcils<\/li>\n\n\n\n<li>\u00c9pilation de la zone du visage par \u00e9pilation au fil<\/li>\n\n\n\n<li>Garantir des normes d&rsquo;hygi\u00e8ne irr\u00e9prochables<\/li>\n<\/ul>\n\n\n\n<p>votre profil<\/p>\n\n\n\n<ul class=\"wp-block-list\">\n<li>Vous ma\u00eetrisez l&rsquo;\u00e9pilation au fil (technique du fil oriental)<\/li>\n\n\n\n<li>Vous avez de l&rsquo;exp\u00e9rience dans les traitements cosm\u00e9tiques<br\/>(en particulier les traitements et coloration des sourcils)<\/li>\n\n\n\n<li>Exp\u00e9rience et plaisir de vendre<\/li>\n\n\n\n<li>L&rsquo;action orient\u00e9e client est une \u00e9vidence pour vous<\/li>\n\n\n\n<li><strong>Vous \u00eates pr\u00eat \u00e0 travailler le samedi<\/strong><\/li>\n\n\n\n<li><strong>Ils sont pr\u00eats pour des missions sporadiques dans d&rsquo;autres branches<\/strong><\/li>\n<\/ul>\n\n\n\n<p>Avez-vous ces pr\u00e9requis et \u00eates-vous \u00e9galement param\u00e9tr\u00e9, flexible et fiable ? Alors nous attendons avec impatience votre candidature \u00e9lectronique \u00e0 <a href=\"mailto:bewerbungen@lovelybrows.ch\" rel=\"nofollow\">bewerbungen@lovelybrows.ch<\/a> .<\/p>\n\n\n\n<p>Si vous avez des questions : Simon Durand mobile 079 692 16 29<\/p>\n\n<\/div><\/div><\/div>\n\n<div class=\"gb-grid-column gb-grid-column-fbe3adb7\"><div class=\"gb-container gb-container-fbe3adb7\"><div class=\"gb-inside-container\">\n\n<h2 class=\"gb-headline gb-headline-80a4a532 gb-headline-text\">Berne<\/h2>\n\n\n\n<hr class=\"wp-block-separator has-text-color has-contrast-color has-css-opacity has-contrast-background-color has-background is-style-wide\"\/>\n\n\n\n<p><em>La vie est trop courte pour les mauvais sourcils ! <\/em><em>Lovely Brows apporte la tendance des sourcils parfaitement coiff\u00e9s en Suisse !<\/em><\/p>\n\n\n\n<p>Nous sommes une entreprise de cosm\u00e9tiques avec des filiales \u00e0 Berne, Zurich, Lucerne, Bienne, Soleure, Winterthur et Thoune. Nous recherchons pour notre filiale de Berne :<\/p>\n\n\n\n<h1 class=\"wp-block-heading\" id=\"luzern-kosmetikerin-brow-stylistin-50-100-ab-sofort\">Berne : Esth\u00e9ticienne \/ Brow stylist 20% (samedi, d\u00e8s maintenant)<\/h1>\n\n\n\n<p>Nous vous proposons une activit\u00e9 int\u00e9ressante dans notre Brow Bar dans un emplacement privil\u00e9gi\u00e9. Une r\u00e9mun\u00e9ration bas\u00e9e sur le march\u00e9 est pour nous une \u00e9vidence.<\/p>\n\n\n\n<p>Vos responsabilit\u00e9s incluent :<\/p>\n\n\n\n<ul class=\"wp-block-list\">\n<li>Accompagnement et conseil pour nos clients<\/li>\n\n\n\n<li>Coiffage et modelage des sourcils<\/li>\n\n\n\n<li>\u00c9pilation de la zone du visage par \u00e9pilation au fil<\/li>\n\n\n\n<li>Garantir des normes d&rsquo;hygi\u00e8ne irr\u00e9prochables<\/li>\n<\/ul>\n\n\n\n<p>votre profil<\/p>\n\n\n\n<ul class=\"wp-block-list\">\n<li>Vous ma\u00eetrisez l&rsquo;\u00e9pilation au fil (technique du fil oriental)<\/li>\n\n\n\n<li>Vous avez de l&rsquo;exp\u00e9rience dans les traitements cosm\u00e9tiques<br\/>(en particulier les traitements et coloration des sourcils)<\/li>\n\n\n\n<li>Exp\u00e9rience et plaisir de vendre<\/li>\n\n\n\n<li>L&rsquo;action orient\u00e9e client est une \u00e9vidence pour vous<\/li>\n\n\n\n<li><strong>Vous \u00eates pr\u00eat \u00e0 travailler le samedi<\/strong><\/li>\n\n\n\n<li><strong>Ils sont pr\u00eats pour des missions sporadiques dans d&rsquo;autres branches<\/strong><\/li>\n<\/ul>\n\n\n\n<p>Avez-vous ces pr\u00e9requis et \u00eates-vous \u00e9galement param\u00e9tr\u00e9, flexible et fiable ? Alors nous attendons avec impatience votre candidature \u00e9lectronique \u00e0 <a href=\"mailto:bewerbungen@lovelybrows.ch\" rel=\"nofollow\">bewerbungen@lovelybrows.ch<\/a> .<\/p>\n\n\n\n<p>Si vous avez des questions : Simon Durand mobile 079 692 16 29<\/p>\n\n<\/div><\/div><\/div>\n\n<div class=\"gb-grid-column gb-grid-column-97c40501\"><div class=\"gb-container gb-container-97c40501\"><div class=\"gb-inside-container\">\n\n<h2 class=\"gb-headline gb-headline-f18b3bed gb-headline-text\">Winterthur<\/h2>\n\n\n\n<hr class=\"wp-block-separator has-text-color has-contrast-color has-css-opacity has-contrast-background-color has-background is-style-wide\"\/>\n\n\n\n<p><em>La vie est trop courte pour les mauvais sourcils ! <\/em><em>Lovely Brows apporte la tendance des sourcils parfaitement coiff\u00e9s en Suisse !<\/em><\/p>\n\n\n\n<p>Nous sommes une entreprise de cosm\u00e9tiques avec des filiales \u00e0 Berne, Zurich, Lucerne, Bienne, Soleure, Winterthur et Thoune. Nous recherchons pour notre filiale de Winterthur :<\/p>\n\n\n\n<h1 class=\"wp-block-heading\" id=\"luzern-kosmetikerin-brow-stylistin-50-100-ab-sofort\">Winterthur : Esth\u00e9ticienne \/ Brow stylist 40 &#8211; 80% (de suite)<\/h1>\n\n\n\n<p>Nous vous proposons une activit\u00e9 int\u00e9ressante dans notre Brow Bar dans un emplacement privil\u00e9gi\u00e9. Une r\u00e9mun\u00e9ration bas\u00e9e sur le march\u00e9 est pour nous une \u00e9vidence.<\/p>\n\n\n\n<p>Vos responsabilit\u00e9s incluent :<\/p>\n\n\n\n<ul class=\"wp-block-list\">\n<li>Accompagnement et conseil pour nos clients<\/li>\n\n\n\n<li>Coiffage et modelage des sourcils<\/li>\n\n\n\n<li>\u00c9pilation de la zone du visage par \u00e9pilation au fil<\/li>\n\n\n\n<li>Garantir des normes d&rsquo;hygi\u00e8ne irr\u00e9prochables<\/li>\n<\/ul>\n\n\n\n<p>votre profil<\/p>\n\n\n\n<ul class=\"wp-block-list\">\n<li>Vous ma\u00eetrisez l&rsquo;\u00e9pilation au fil (technique du fil oriental)<\/li>\n\n\n\n<li>Vous avez de l&rsquo;exp\u00e9rience dans les traitements cosm\u00e9tiques<br\/>(en particulier les traitements et coloration des sourcils)<\/li>\n\n\n\n<li>Exp\u00e9rience et plaisir de vendre<\/li>\n\n\n\n<li>L&rsquo;action orient\u00e9e client est une \u00e9vidence pour vous<\/li>\n\n\n\n<li><strong>Vous \u00eates pr\u00eat \u00e0 travailler le samedi<\/strong><\/li>\n\n\n\n<li><strong>Ils sont pr\u00eats pour des missions sporadiques dans d&rsquo;autres branches<\/strong><\/li>\n<\/ul>\n\n\n\n<p>Avez-vous ces pr\u00e9requis et \u00eates-vous \u00e9galement param\u00e9tr\u00e9, flexible et fiable ? Alors nous attendons avec impatience votre candidature \u00e9lectronique \u00e0 <a href=\"mailto:bewerbungen@lovelybrows.ch\" rel=\"nofollow\">bewerbungen@lovelybrows.ch<\/a> .<\/p>\n\n\n\n<p>Si vous avez des questions : Simon Durand mobile 079 692 16 29<\/p>\n\n<\/div><\/div><\/div>\n\n<div class=\"gb-grid-column gb-grid-column-de9c8687\"><div class=\"gb-container gb-container-de9c8687\"><div class=\"gb-inside-container\"><\/div><\/div><\/div>\n<\/div>","protected":false},"excerpt":{"rendered":"<p>Nous avons actuellement des postes \u00e0 pourvoir &#8211; postulez d\u00e8s maintenant !<\/p>\n","protected":false},"author":1,"featured_media":0,"parent":0,"menu_order":0,"comment_status":"closed","ping_status":"closed","template":"","meta":{"footnotes":""},"class_list":["post-2263","page","type-page","status-publish"],"yoast_head":"<!-- This site is optimized with the Yoast SEO plugin v27.5 - https:\/\/yoast.com\/product\/yoast-seo-wordpress\/ -->\n<title>Travaux | Lovely Brows<\/title>\n<meta name=\"description\" content=\"Emplois de Brow stylist\/esth\u00e9ticienne \u00e0 Bern, Luzern, Winterthur, Solothurn, Thun und Biel. Postuler maintenant ? Nous recherchons des esth\u00e9ticiennes !\" \/>\n<meta name=\"robots\" content=\"index, follow, max-snippet:-1, max-image-preview:large, max-video-preview:-1\" \/>\n<link rel=\"canonical\" href=\"https:\/\/lovelybrows.ch\/fr\/travaux\/\" \/>\n<meta property=\"og:locale\" content=\"fr_FR\" \/>\n<meta property=\"og:type\" content=\"article\" \/>\n<meta property=\"og:title\" content=\"Travaux | Lovely Brows\" \/>\n<meta property=\"og:description\" content=\"Emplois de Brow stylist\/esth\u00e9ticienne \u00e0 Bern, Luzern, Winterthur, Solothurn, Thun und Biel. Postuler maintenant ? Nous recherchons des esth\u00e9ticiennes !\" \/>\n<meta property=\"og:url\" content=\"https:\/\/lovelybrows.ch\/fr\/travaux\/\" \/>\n<meta property=\"og:site_name\" content=\"Lovely Brows - perfekte Augenbrauen &amp; Wimpern\" \/>\n<meta property=\"article:publisher\" content=\"https:\/\/www.facebook.com\/lovelybrows\" \/>\n<meta property=\"article:modified_time\" content=\"2024-05-04T07:48:56+00:00\" \/>\n<meta name=\"twitter:card\" content=\"summary_large_image\" \/>\n<meta name=\"twitter:label1\" content=\"Dur\u00e9e de lecture estim\u00e9e\" \/>\n\t<meta name=\"twitter:data1\" content=\"4 minutes\" \/>\n<script type=\"application\/ld+json\" class=\"yoast-schema-graph\">{\"@context\":\"https:\\\/\\\/schema.org\",\"@graph\":[{\"@type\":\"WebPage\",\"@id\":\"https:\\\/\\\/lovelybrows.ch\\\/fr\\\/travaux\\\/\",\"url\":\"https:\\\/\\\/lovelybrows.ch\\\/fr\\\/travaux\\\/\",\"name\":\"Travaux | Lovely Brows\",\"isPartOf\":{\"@id\":\"https:\\\/\\\/lovelybrows.ch\\\/#website\"},\"datePublished\":\"2022-01-11T17:29:06+00:00\",\"dateModified\":\"2024-05-04T07:48:56+00:00\",\"description\":\"Emplois de Brow stylist\\\/esth\u00e9ticienne \u00e0 Bern, Luzern, Winterthur, Solothurn, Thun und Biel. Postuler maintenant ? Nous recherchons des esth\u00e9ticiennes !\",\"breadcrumb\":{\"@id\":\"https:\\\/\\\/lovelybrows.ch\\\/fr\\\/travaux\\\/#breadcrumb\"},\"inLanguage\":\"fr-FR\",\"potentialAction\":[{\"@type\":\"ReadAction\",\"target\":[\"https:\\\/\\\/lovelybrows.ch\\\/fr\\\/travaux\\\/\"]}]},{\"@type\":\"BreadcrumbList\",\"@id\":\"https:\\\/\\\/lovelybrows.ch\\\/fr\\\/travaux\\\/#breadcrumb\",\"itemListElement\":[{\"@type\":\"ListItem\",\"position\":1,\"name\":\"Startseite\",\"item\":\"https:\\\/\\\/lovelybrows.ch\\\/fr\\\/\"},{\"@type\":\"ListItem\",\"position\":2,\"name\":\"Travaux\"}]},{\"@type\":\"WebSite\",\"@id\":\"https:\\\/\\\/lovelybrows.ch\\\/#website\",\"url\":\"https:\\\/\\\/lovelybrows.ch\\\/\",\"name\":\"Lovely Brows - perfekte Augenbrauen &amp; Wimpern\",\"description\":\"Perfekte Wimpern und Augenbrauen ohne Termin.\",\"publisher\":{\"@id\":\"https:\\\/\\\/lovelybrows.ch\\\/#organization\"},\"potentialAction\":[{\"@type\":\"SearchAction\",\"target\":{\"@type\":\"EntryPoint\",\"urlTemplate\":\"https:\\\/\\\/lovelybrows.ch\\\/?s={search_term_string}\"},\"query-input\":{\"@type\":\"PropertyValueSpecification\",\"valueRequired\":true,\"valueName\":\"search_term_string\"}}],\"inLanguage\":\"fr-FR\"},{\"@type\":\"Organization\",\"@id\":\"https:\\\/\\\/lovelybrows.ch\\\/#organization\",\"name\":\"Lovely Brows GmbH\",\"url\":\"https:\\\/\\\/lovelybrows.ch\\\/\",\"logo\":{\"@type\":\"ImageObject\",\"inLanguage\":\"fr-FR\",\"@id\":\"https:\\\/\\\/lovelybrows.ch\\\/#\\\/schema\\\/logo\\\/image\\\/\",\"url\":\"https:\\\/\\\/neu.lovelybrows.cyon.site\\\/neu\\\/wp-content\\\/uploads\\\/2021\\\/12\\\/lovely-brows-Logo_rgb-1.png\",\"contentUrl\":\"https:\\\/\\\/neu.lovelybrows.cyon.site\\\/neu\\\/wp-content\\\/uploads\\\/2021\\\/12\\\/lovely-brows-Logo_rgb-1.png\",\"width\":1576,\"height\":222,\"caption\":\"Lovely Brows GmbH\"},\"image\":{\"@id\":\"https:\\\/\\\/lovelybrows.ch\\\/#\\\/schema\\\/logo\\\/image\\\/\"},\"sameAs\":[\"https:\\\/\\\/www.facebook.com\\\/lovelybrows\",\"https:\\\/\\\/www.instagram.com\\\/lovelybrows_eyebrowdesign\\\/\",\"https:\\\/\\\/www.youtube.com\\\/channel\\\/UCDgUTnGnEDmOrZiwBZS6zOQ\"]}]}<\/script>\n<!-- \/ Yoast SEO plugin. -->","yoast_head_json":{"title":"Travaux | Lovely Brows","description":"Emplois de Brow stylist\/esth\u00e9ticienne \u00e0 Bern, Luzern, Winterthur, Solothurn, Thun und Biel. Postuler maintenant ? Nous recherchons des esth\u00e9ticiennes !","robots":{"index":"index","follow":"follow","max-snippet":"max-snippet:-1","max-image-preview":"max-image-preview:large","max-video-preview":"max-video-preview:-1"},"canonical":"https:\/\/lovelybrows.ch\/fr\/travaux\/","og_locale":"fr_FR","og_type":"article","og_title":"Travaux | Lovely Brows","og_description":"Emplois de Brow stylist\/esth\u00e9ticienne \u00e0 Bern, Luzern, Winterthur, Solothurn, Thun und Biel. Postuler maintenant ? Nous recherchons des esth\u00e9ticiennes !","og_url":"https:\/\/lovelybrows.ch\/fr\/travaux\/","og_site_name":"Lovely Brows - perfekte Augenbrauen &amp; Wimpern","article_publisher":"https:\/\/www.facebook.com\/lovelybrows","article_modified_time":"2024-05-04T07:48:56+00:00","twitter_card":"summary_large_image","twitter_misc":{"Dur\u00e9e de lecture estim\u00e9e":"4 minutes"},"schema":{"@context":"https:\/\/schema.org","@graph":[{"@type":"WebPage","@id":"https:\/\/lovelybrows.ch\/fr\/travaux\/","url":"https:\/\/lovelybrows.ch\/fr\/travaux\/","name":"Travaux | Lovely Brows","isPartOf":{"@id":"https:\/\/lovelybrows.ch\/#website"},"datePublished":"2022-01-11T17:29:06+00:00","dateModified":"2024-05-04T07:48:56+00:00","description":"Emplois de Brow stylist\/esth\u00e9ticienne \u00e0 Bern, Luzern, Winterthur, Solothurn, Thun und Biel. Postuler maintenant ? Nous recherchons des esth\u00e9ticiennes !","breadcrumb":{"@id":"https:\/\/lovelybrows.ch\/fr\/travaux\/#breadcrumb"},"inLanguage":"fr-FR","potentialAction":[{"@type":"ReadAction","target":["https:\/\/lovelybrows.ch\/fr\/travaux\/"]}]},{"@type":"BreadcrumbList","@id":"https:\/\/lovelybrows.ch\/fr\/travaux\/#breadcrumb","itemListElement":[{"@type":"ListItem","position":1,"name":"Startseite","item":"https:\/\/lovelybrows.ch\/fr\/"},{"@type":"ListItem","position":2,"name":"Travaux"}]},{"@type":"WebSite","@id":"https:\/\/lovelybrows.ch\/#website","url":"https:\/\/lovelybrows.ch\/","name":"Lovely Brows - perfekte Augenbrauen &amp; Wimpern","description":"Perfekte Wimpern und Augenbrauen ohne Termin.","publisher":{"@id":"https:\/\/lovelybrows.ch\/#organization"},"potentialAction":[{"@type":"SearchAction","target":{"@type":"EntryPoint","urlTemplate":"https:\/\/lovelybrows.ch\/?s={search_term_string}"},"query-input":{"@type":"PropertyValueSpecification","valueRequired":true,"valueName":"search_term_string"}}],"inLanguage":"fr-FR"},{"@type":"Organization","@id":"https:\/\/lovelybrows.ch\/#organization","name":"Lovely Brows GmbH","url":"https:\/\/lovelybrows.ch\/","logo":{"@type":"ImageObject","inLanguage":"fr-FR","@id":"https:\/\/lovelybrows.ch\/#\/schema\/logo\/image\/","url":"https:\/\/neu.lovelybrows.cyon.site\/neu\/wp-content\/uploads\/2021\/12\/lovely-brows-Logo_rgb-1.png","contentUrl":"https:\/\/neu.lovelybrows.cyon.site\/neu\/wp-content\/uploads\/2021\/12\/lovely-brows-Logo_rgb-1.png","width":1576,"height":222,"caption":"Lovely Brows GmbH"},"image":{"@id":"https:\/\/lovelybrows.ch\/#\/schema\/logo\/image\/"},"sameAs":["https:\/\/www.facebook.com\/lovelybrows","https:\/\/www.instagram.com\/lovelybrows_eyebrowdesign\/","https:\/\/www.youtube.com\/channel\/UCDgUTnGnEDmOrZiwBZS6zOQ"]}]}},"jetpack_sharing_enabled":true,"_links":{"self":[{"href":"https:\/\/lovelybrows.ch\/fr\/wp-json\/wp\/v2\/pages\/2263","targetHints":{"allow":["GET"]}}],"collection":[{"href":"https:\/\/lovelybrows.ch\/fr\/wp-json\/wp\/v2\/pages"}],"about":[{"href":"https:\/\/lovelybrows.ch\/fr\/wp-json\/wp\/v2\/types\/page"}],"author":[{"embeddable":true,"href":"https:\/\/lovelybrows.ch\/fr\/wp-json\/wp\/v2\/users\/1"}],"replies":[{"embeddable":true,"href":"https:\/\/lovelybrows.ch\/fr\/wp-json\/wp\/v2\/comments?post=2263"}],"version-history":[{"count":47,"href":"https:\/\/lovelybrows.ch\/fr\/wp-json\/wp\/v2\/pages\/2263\/revisions"}],"predecessor-version":[{"id":4818,"href":"https:\/\/lovelybrows.ch\/fr\/wp-json\/wp\/v2\/pages\/2263\/revisions\/4818"}],"wp:attachment":[{"href":"https:\/\/lovelybrows.ch\/fr\/wp-json\/wp\/v2\/media?parent=2263"}],"curies":[{"name":"wp","href":"https:\/\/api.w.org\/{rel}","templated":true}]}}