{"id":2212,"date":"2022-01-11T16:43:07","date_gmt":"2022-01-11T16:43:07","guid":{"rendered":"https:\/\/lovelybrows.ch\/mentions-legales-politique-de-confidentialite\/"},"modified":"2022-01-11T16:43:08","modified_gmt":"2022-01-11T16:43:08","slug":"mentions-legales-politique-de-confidentialite","status":"publish","type":"page","link":"https:\/\/lovelybrows.ch\/fr\/mentions-legales-politique-de-confidentialite\/","title":{"rendered":"Mentions l\u00e9gales &amp; politique de confidentialit\u00e9"},"content":{"rendered":"\n<h1 class=\"wp-block-heading\">Mentions l\u00e9gales et clause de non-responsabilit\u00e9 <\/h1>\n\n<p><strong>\u00e9diteur<\/strong><br\/>Lovely Brows GmbH<br\/>Schweizerhofpassage 7<br\/>3011 Berne<\/p>\n\n<p><strong>R\u00e9alisation &amp; \u00e9dition<\/strong><br\/>Lovely Brows GmbH<\/p>\n\n<p><strong>h\u00e9bergement Web<\/strong><br\/><a href=\"https:\/\/order.cyon.ch\/affiliate\/cyon_webhosting_21454acb-cc0a-4927-8f45-83188216c5d2\" target=\"_blank\" rel=\"noreferrer noopener\">cyon.ch<\/a><\/p>\n\n<p>Copyright 2022 Lovely Brows GmbH, Suisse<br\/>Tous les droits sont r\u00e9serv\u00e9s<\/p>\n\n<p>Sur ce site Web, les donn\u00e9es sont collect\u00e9es et stock\u00e9es de mani\u00e8re anonyme \u00e0 des fins d&rsquo;optimisation. A partir de ces donn\u00e9es, des profils d&rsquo;utilisateurs sont cr\u00e9\u00e9s sous un pseudonyme. Des cookies peuvent \u00eatre utilis\u00e9s \u00e0 cette fin, mais ils ne collectent et n&rsquo;enregistrent que des donn\u00e9es sous forme pseudonyme. Les donn\u00e9es ne sont pas utilis\u00e9es pour identifier personnellement le visiteur de ce site Web et ne sont pas fusionn\u00e9es avec des donn\u00e9es sur le porteur du pseudonyme.<\/p>\n\n<p>Lovely Brows GmbH n&rsquo;est pas responsable du contenu des pages Internet externes accessibles via des liens \u00e0 partir de ce site Web ou qui renvoient \u00e0 ce site Web.<\/p>\n\n<p><strong>D\u00e9claration de protection des donn\u00e9es \/ suppl\u00e9ment<\/strong><\/p>\n\n<p>Ce site Web utilise Google Analytics, un service d&rsquo;analyse Web de Google Inc. (\u00ab\u00a0Google\u00a0\u00bb) Google Analytics utilise des \u00ab cookies \u00bb, des fichiers texte qui sont enregistr\u00e9s sur votre ordinateur et qui permettent d&rsquo;analyser votre utilisation du site Internet. Les informations g\u00e9n\u00e9r\u00e9es par le cookie concernant votre utilisation de ce site Web (y compris votre adresse IP) sont transmises et stock\u00e9es par Google sur des serveurs aux \u00c9tats-Unis. Google utilisera ces informations pour \u00e9valuer votre utilisation du site Web, pour compiler des rapports sur l&rsquo;activit\u00e9 du site Web pour l&rsquo;exploitant du site Web et pour fournir d&rsquo;autres services li\u00e9s \u00e0 l&rsquo;activit\u00e9 du site Web et \u00e0 l&rsquo;utilisation d&rsquo;Internet. Google peut \u00e9galement transf\u00e9rer ces informations \u00e0 des tiers si la loi l&rsquo;exige ou si des tiers traitent ces donn\u00e9es pour le compte de Google. Google n&rsquo;associera en aucun cas votre adresse IP \u00e0 d&rsquo;autres donn\u00e9es Google. Vous pouvez emp\u00eacher l&rsquo;installation de cookies en param\u00e9trant votre logiciel de navigation en cons\u00e9quence ; Cependant, nous attirons votre attention sur le fait que dans ce cas, vous ne pourrez peut-\u00eatre pas utiliser toutes les fonctions de ce site Web dans leur int\u00e9gralit\u00e9. En utilisant ce site Internet, vous d\u00e9clarez consentir au traitement des donn\u00e9es collect\u00e9es \u00e0 votre sujet par Google de la mani\u00e8re d\u00e9crite ci-dessus et pour les finalit\u00e9s \u00e9nonc\u00e9es ci-dessus. Veuillez vous r\u00e9f\u00e9rer \u00e0 nos conditions <a href=\"https:\/\/www.google.com\/analytics\/terms\/de.html\" target=\"_blank\" rel=\"noreferrer noopener\">g\u00e9n\u00e9rales https:\/\/www.google.com\/analytics\/terms\/de.html<\/a> pour plus d&rsquo;informations<\/p>\n\n<p>Veuillez \u00e9galement tenir compte de la d\u00e9claration de protection des donn\u00e9es de Google sous\u00a0:<br\/><a href=\"http:\/\/www.google.com\/intl\/de\/privacypolicy.html#information\" target=\"_blank\" rel=\"noreferrer noopener\">http:\/\/www.google.com\/intl\/de\/privacypolicy.html#information<\/a><\/p>\n\n<p><strong>Politique de confidentialit\u00e9 de Facebook<\/strong><\/p>\n\n<p>Sur ce site Web, nous utilisons les fonctions de Facebook, un r\u00e9seau de m\u00e9dias sociaux de la soci\u00e9t\u00e9 Facebook Ireland Ltd., 4 Grand Canal Square, Grand Canal Harbour, Dublin 2 Irlande.<\/p>\n\n<p>Vous pouvez d\u00e9couvrir les fonctions (plug-ins sociaux) fournies par Facebook sur <a href=\"https:\/\/developers.facebook.com\/docs\/plugins\/\">https:\/\/developers.facebook.com\/docs\/plugins\/<\/a> .<\/p>\n\n<p>En visitant notre site Web, des informations peuvent \u00eatre transmises \u00e0 Facebook. Si vous avez un compte Facebook, Facebook peut attribuer ces donn\u00e9es \u00e0 votre compte personnel. Si vous ne le souhaitez pas, veuillez vous d\u00e9connecter de Facebook.<\/p>\n\n<p>Les directives de protection des donn\u00e9es, les informations collect\u00e9es par Facebook et la mani\u00e8re dont vous les utilisez sont disponibles sur <a href=\"https:\/\/www.facebook.com\/policy.php\">https:\/\/www.facebook.com\/policy.php<\/a> .<\/p>\n\n<p><strong>Politique de confidentialit\u00e9 de YouTube<\/strong><\/p>\n\n<p>Nous utilisons le service de vid\u00e9o YouTube de YouTube, LLC, 901 Cherry Ave., San Bruno, CA 94066, USA sur ce site Web.<\/p>\n\n<p>Lorsque vous visitez des pages de notre site Web qui ont int\u00e9gr\u00e9 des vid\u00e9os YouTube, des donn\u00e9es sont transmises \u00e0 YouTube, stock\u00e9es et \u00e9valu\u00e9es.<\/p>\n\n<p>Si vous avez un compte YouTube et que vous \u00eates connect\u00e9, ces donn\u00e9es seront attribu\u00e9es \u00e0 votre compte personnel et aux donn\u00e9es qui y sont stock\u00e9es.<\/p>\n\n<p>Vous pouvez lire quelles donn\u00e9es sont collect\u00e9es par Google et \u00e0 quoi servent ces donn\u00e9es sur <a href=\"https:\/\/www.google.com\/intl\/de\/policies\/privacy\/\">https:\/\/www.google.com\/intl\/de\/policies\/privacy\/<\/a> .<\/p>\n\n<p><strong>Politique de confidentialit\u00e9 d&rsquo;Instagram<\/strong><\/p>\n\n<p>Nous utilisons les fonctions du r\u00e9seau de m\u00e9dias sociaux Instagram d&rsquo;Instagram LLC, 1601 Willow Rd, Menlo Park CA 94025, USA sur notre site Web.<\/p>\n\n<p>En appelant les pages qui utilisent de telles fonctions, les donn\u00e9es (adresse IP, donn\u00e9es du navigateur, date et heure, cookies) sont transmises \u00e0 Instagram, stock\u00e9es et \u00e9valu\u00e9es.<\/p>\n\n<p>Si vous avez un compte Instagram et que vous \u00eates connect\u00e9, ces donn\u00e9es seront attribu\u00e9es \u00e0 votre compte personnel et aux donn\u00e9es qui y sont stock\u00e9es.<\/p>\n\n<p>Les directives de protection des donn\u00e9es, les informations collect\u00e9es par Instagram et la mani\u00e8re dont ils les utilisent sont disponibles sur <a href=\"https:\/\/help.instagram.com\/155833707900388\">https:\/\/help.instagram.com\/155833707900388<\/a> .<\/p>\n\n<p><strong>D\u00e9claration de protection des donn\u00e9es Facebook-Pixel<\/strong><\/p>\n\n<p>Sur ce site Web, nous utilisons le pixel Facebook de Facebook, un r\u00e9seau de m\u00e9dias sociaux exploit\u00e9 par Facebook Ireland Ltd., 4 Grand Canal Square, Grand Canal Harbour, Dublin 2 Irlande.<\/p>\n\n<p>Le code mis en \u0153uvre sur cette page peut \u00e9valuer le comportement des visiteurs qui sont venus sur ce site Web \u00e0 partir d&rsquo;une publicit\u00e9 Facebook. Cela peut \u00eatre utilis\u00e9 pour am\u00e9liorer les publicit\u00e9s Facebook et ces donn\u00e9es sont enregistr\u00e9es et stock\u00e9es par Facebook. Les donn\u00e9es enregistr\u00e9es ne peuvent pas \u00eatre consult\u00e9es par nous mais ne peuvent \u00eatre utilis\u00e9es que dans le cadre de publicit\u00e9s. En utilisant le code pixel Facebook, des cookies sont \u00e9galement d\u00e9finis.<\/p>\n\n<p>En utilisant le pixel Facebook, la visite de ce site Web est communiqu\u00e9e \u00e0 Facebook afin que les visiteurs de Facebook puissent voir des publicit\u00e9s appropri\u00e9es. Si vous avez un compte Facebook et que vous \u00eates connect\u00e9, votre visite sur ce site Web sera attribu\u00e9e \u00e0 votre compte d&rsquo;utilisateur Facebook.<\/p>\n\n<p>Vous pouvez d\u00e9couvrir comment le pixel Facebook est utilis\u00e9 pour les campagnes publicitaires sur <a href=\"https:\/\/www.facebook.com\/business\/learn\/facebook-ads-pixel\" target=\"_blank\" rel=\"noreferrer noopener\">https:\/\/www.facebook.com\/business\/learn\/facebook-ads-pixel<\/a> .<\/p>\n\n<p>Vous pouvez modifier vos param\u00e8tres pour les publicit\u00e9s sur Facebook \u00e0 l&rsquo; <a href=\"https:\/\/www.facebook.com\/ads\/preferences\/?entry_product=ad_settings_screen\" target=\"_blank\" rel=\"noreferrer noopener\">adresse https:\/\/www.facebook.com\/ads\/preferences\/?entry_product=ad_settings_screen<\/a> , \u00e0 condition que vous soyez connect\u00e9 \u00e0 Facebook. Sur http:\/\/www.youronlinechoices.com\/de\/praferenzmanagement\/, vous pouvez g\u00e9rer vos pr\u00e9f\u00e9rences en mati\u00e8re de publicit\u00e9 en ligne bas\u00e9e sur l&rsquo;utilisation. L\u00e0, vous pouvez d\u00e9sactiver ou activer plusieurs fournisseurs \u00e0 la fois ou effectuer les r\u00e9glages pour des fournisseurs individuels.<\/p>\n\n<p>Vous pouvez trouver plus d&rsquo;informations sur la politique de donn\u00e9es de Facebook sur <a href=\"https:\/\/www.facebook.com\/policy.php\" target=\"_blank\" rel=\"noreferrer noopener\">https:\/\/www.facebook.com\/policy.php<\/a> .<\/p>\n\n<p><strong>D\u00e9sactiver les cookies<\/strong><\/p>\n\n<p>Vous pouvez supprimer les cookies d\u00e9j\u00e0 pr\u00e9sents sur votre ordinateur ou d\u00e9sactiver les cookies \u00e0 tout moment. La proc\u00e9dure pour faire cela diff\u00e8re selon le navigateur, il est pr\u00e9f\u00e9rable de rechercher les instructions dans Google en utilisant le terme de recherche \u00ab supprimer les cookies chrome \u00bb ou \u00ab d\u00e9sactiver les cookies chrome \u00bb dans le cas d&rsquo;un navigateur Chrome ou \u00e9changer le mot \u00ab chrome \u00bb pour le nom de votre navigateur, par exemple B. edge, firefix, safari.<\/p>\n\n<p>Si vous ne nous autorisez g\u00e9n\u00e9ralement pas \u00e0 utiliser des cookies, c&rsquo;est-\u00e0-dire \u00e0 les d\u00e9sactiver \u00e0 l&rsquo;aide des param\u00e8tres de votre navigateur, certaines fonctions et pages peuvent ne pas fonctionner comme pr\u00e9vu.<\/p>\n\n<p><strong>D\u00e9sactiver la publicit\u00e9 personnalis\u00e9e<\/strong><\/p>\n\n<p>Si vous avez un compte Google, vous pouvez d\u00e9sactiver la publicit\u00e9 personnalis\u00e9e sur <a href=\"https:\/\/adssettings.google.com\/authenticated\">https:\/\/adssettings.google.com\/authentiated<\/a> . M\u00eame si vous d\u00e9sactivez la personnalisation des publicit\u00e9s, vous pouvez toujours voir des publicit\u00e9s en fonction de facteurs tels que votre emplacement approximatif d\u00e9riv\u00e9 de votre adresse IP, le type de navigateur et les termes de recherche r\u00e9cents.<\/p>\n\n<p>Vous pouvez lire quelles donn\u00e9es sont collect\u00e9es par Google et \u00e0 quoi servent ces donn\u00e9es sur <a href=\"https:\/\/www.google.com\/intl\/de\/policies\/privacy\/\">https:\/\/www.google.com\/intl\/de\/policies\/privacy\/<\/a> .<\/p>\n","protected":false},"excerpt":{"rendered":"<p>Mentions l\u00e9gales et clause de non-responsabilit\u00e9 \u00e9diteurLovely Brows GmbHSchweizerhofpassage 73011 Berne R\u00e9alisation &amp; \u00e9ditionLovely Brows GmbH h\u00e9bergement Webcyon.ch Copyright 2022 Lovely Brows GmbH, SuisseTous les droits sont r\u00e9serv\u00e9s Sur ce site Web, les donn\u00e9es sont collect\u00e9es et stock\u00e9es de mani\u00e8re anonyme \u00e0 des fins d&rsquo;optimisation. A partir de ces donn\u00e9es, des profils d&rsquo;utilisateurs sont cr\u00e9\u00e9s &#8230; <a title=\"Mentions l\u00e9gales &amp; politique de confidentialit\u00e9\" class=\"read-more\" href=\"https:\/\/lovelybrows.ch\/fr\/mentions-legales-politique-de-confidentialite\/\" aria-label=\"Plus sur Mentions l\u00e9gales &amp; politique de confidentialit\u00e9\">Lire plus<\/a><\/p>\n","protected":false},"author":1,"featured_media":0,"parent":0,"menu_order":0,"comment_status":"closed","ping_status":"closed","template":"","meta":{"footnotes":""},"class_list":["post-2212","page","type-page","status-publish"],"yoast_head":"<!-- This site is optimized with the Yoast SEO plugin v27.4 - https:\/\/yoast.com\/product\/yoast-seo-wordpress\/ -->\n<title>Mentions l\u00e9gales &amp; politique de confidentialit\u00e9 | Lovely Brows - perfekte Augenbrauen &amp; Wimpern<\/title>\n<meta name=\"robots\" content=\"index, follow, max-snippet:-1, max-image-preview:large, max-video-preview:-1\" \/>\n<link rel=\"canonical\" href=\"https:\/\/lovelybrows.ch\/fr\/mentions-legales-politique-de-confidentialite\/\" \/>\n<meta property=\"og:locale\" content=\"fr_FR\" \/>\n<meta property=\"og:type\" content=\"article\" \/>\n<meta property=\"og:title\" content=\"Mentions l\u00e9gales &amp; politique de confidentialit\u00e9 | Lovely Brows - perfekte Augenbrauen &amp; Wimpern\" \/>\n<meta property=\"og:description\" content=\"Mentions l\u00e9gales et clause de non-responsabilit\u00e9 \u00e9diteurLovely Brows GmbHSchweizerhofpassage 73011 Berne R\u00e9alisation &amp; \u00e9ditionLovely Brows GmbH h\u00e9bergement Webcyon.ch Copyright 2022 Lovely Brows GmbH, SuisseTous les droits sont r\u00e9serv\u00e9s Sur ce site Web, les donn\u00e9es sont collect\u00e9es et stock\u00e9es de mani\u00e8re anonyme \u00e0 des fins d&rsquo;optimisation. A partir de ces donn\u00e9es, des profils d&rsquo;utilisateurs sont cr\u00e9\u00e9s ... Lire plus\" \/>\n<meta property=\"og:url\" content=\"https:\/\/lovelybrows.ch\/fr\/mentions-legales-politique-de-confidentialite\/\" \/>\n<meta property=\"og:site_name\" content=\"Lovely Brows - perfekte Augenbrauen &amp; Wimpern\" \/>\n<meta property=\"article:publisher\" content=\"https:\/\/www.facebook.com\/lovelybrows\" \/>\n<meta property=\"article:modified_time\" content=\"2022-01-11T16:43:08+00:00\" \/>\n<meta name=\"twitter:card\" content=\"summary_large_image\" \/>\n<meta name=\"twitter:label1\" content=\"Dur\u00e9e de lecture estim\u00e9e\" \/>\n\t<meta name=\"twitter:data1\" content=\"6 minutes\" \/>\n<script type=\"application\/ld+json\" class=\"yoast-schema-graph\">{\"@context\":\"https:\\\/\\\/schema.org\",\"@graph\":[{\"@type\":\"WebPage\",\"@id\":\"https:\\\/\\\/lovelybrows.ch\\\/fr\\\/mentions-legales-politique-de-confidentialite\\\/\",\"url\":\"https:\\\/\\\/lovelybrows.ch\\\/fr\\\/mentions-legales-politique-de-confidentialite\\\/\",\"name\":\"Mentions l\u00e9gales &amp; politique de confidentialit\u00e9 | Lovely Brows - perfekte Augenbrauen &amp; Wimpern\",\"isPartOf\":{\"@id\":\"https:\\\/\\\/lovelybrows.ch\\\/#website\"},\"datePublished\":\"2022-01-11T16:43:07+00:00\",\"dateModified\":\"2022-01-11T16:43:08+00:00\",\"breadcrumb\":{\"@id\":\"https:\\\/\\\/lovelybrows.ch\\\/fr\\\/mentions-legales-politique-de-confidentialite\\\/#breadcrumb\"},\"inLanguage\":\"fr-FR\",\"potentialAction\":[{\"@type\":\"ReadAction\",\"target\":[\"https:\\\/\\\/lovelybrows.ch\\\/fr\\\/mentions-legales-politique-de-confidentialite\\\/\"]}]},{\"@type\":\"BreadcrumbList\",\"@id\":\"https:\\\/\\\/lovelybrows.ch\\\/fr\\\/mentions-legales-politique-de-confidentialite\\\/#breadcrumb\",\"itemListElement\":[{\"@type\":\"ListItem\",\"position\":1,\"name\":\"Startseite\",\"item\":\"https:\\\/\\\/lovelybrows.ch\\\/fr\\\/\"},{\"@type\":\"ListItem\",\"position\":2,\"name\":\"Mentions l\u00e9gales &amp; politique de confidentialit\u00e9\"}]},{\"@type\":\"WebSite\",\"@id\":\"https:\\\/\\\/lovelybrows.ch\\\/#website\",\"url\":\"https:\\\/\\\/lovelybrows.ch\\\/\",\"name\":\"Lovely Brows - perfekte Augenbrauen &amp; Wimpern\",\"description\":\"Perfekte Wimpern und Augenbrauen ohne Termin.\",\"publisher\":{\"@id\":\"https:\\\/\\\/lovelybrows.ch\\\/#organization\"},\"potentialAction\":[{\"@type\":\"SearchAction\",\"target\":{\"@type\":\"EntryPoint\",\"urlTemplate\":\"https:\\\/\\\/lovelybrows.ch\\\/?s={search_term_string}\"},\"query-input\":{\"@type\":\"PropertyValueSpecification\",\"valueRequired\":true,\"valueName\":\"search_term_string\"}}],\"inLanguage\":\"fr-FR\"},{\"@type\":\"Organization\",\"@id\":\"https:\\\/\\\/lovelybrows.ch\\\/#organization\",\"name\":\"Lovely Brows GmbH\",\"url\":\"https:\\\/\\\/lovelybrows.ch\\\/\",\"logo\":{\"@type\":\"ImageObject\",\"inLanguage\":\"fr-FR\",\"@id\":\"https:\\\/\\\/lovelybrows.ch\\\/#\\\/schema\\\/logo\\\/image\\\/\",\"url\":\"https:\\\/\\\/neu.lovelybrows.cyon.site\\\/neu\\\/wp-content\\\/uploads\\\/2021\\\/12\\\/lovely-brows-Logo_rgb-1.png\",\"contentUrl\":\"https:\\\/\\\/neu.lovelybrows.cyon.site\\\/neu\\\/wp-content\\\/uploads\\\/2021\\\/12\\\/lovely-brows-Logo_rgb-1.png\",\"width\":1576,\"height\":222,\"caption\":\"Lovely Brows GmbH\"},\"image\":{\"@id\":\"https:\\\/\\\/lovelybrows.ch\\\/#\\\/schema\\\/logo\\\/image\\\/\"},\"sameAs\":[\"https:\\\/\\\/www.facebook.com\\\/lovelybrows\",\"https:\\\/\\\/www.instagram.com\\\/lovelybrows_eyebrowdesign\\\/\",\"https:\\\/\\\/www.youtube.com\\\/channel\\\/UCDgUTnGnEDmOrZiwBZS6zOQ\"]}]}<\/script>\n<!-- \/ Yoast SEO plugin. -->","yoast_head_json":{"title":"Mentions l\u00e9gales &amp; politique de confidentialit\u00e9 | Lovely Brows - perfekte Augenbrauen &amp; Wimpern","robots":{"index":"index","follow":"follow","max-snippet":"max-snippet:-1","max-image-preview":"max-image-preview:large","max-video-preview":"max-video-preview:-1"},"canonical":"https:\/\/lovelybrows.ch\/fr\/mentions-legales-politique-de-confidentialite\/","og_locale":"fr_FR","og_type":"article","og_title":"Mentions l\u00e9gales &amp; politique de confidentialit\u00e9 | Lovely Brows - perfekte Augenbrauen &amp; Wimpern","og_description":"Mentions l\u00e9gales et clause de non-responsabilit\u00e9 \u00e9diteurLovely Brows GmbHSchweizerhofpassage 73011 Berne R\u00e9alisation &amp; \u00e9ditionLovely Brows GmbH h\u00e9bergement Webcyon.ch Copyright 2022 Lovely Brows GmbH, SuisseTous les droits sont r\u00e9serv\u00e9s Sur ce site Web, les donn\u00e9es sont collect\u00e9es et stock\u00e9es de mani\u00e8re anonyme \u00e0 des fins d&rsquo;optimisation. A partir de ces donn\u00e9es, des profils d&rsquo;utilisateurs sont cr\u00e9\u00e9s ... Lire plus","og_url":"https:\/\/lovelybrows.ch\/fr\/mentions-legales-politique-de-confidentialite\/","og_site_name":"Lovely Brows - perfekte Augenbrauen &amp; Wimpern","article_publisher":"https:\/\/www.facebook.com\/lovelybrows","article_modified_time":"2022-01-11T16:43:08+00:00","twitter_card":"summary_large_image","twitter_misc":{"Dur\u00e9e de lecture estim\u00e9e":"6 minutes"},"schema":{"@context":"https:\/\/schema.org","@graph":[{"@type":"WebPage","@id":"https:\/\/lovelybrows.ch\/fr\/mentions-legales-politique-de-confidentialite\/","url":"https:\/\/lovelybrows.ch\/fr\/mentions-legales-politique-de-confidentialite\/","name":"Mentions l\u00e9gales &amp; politique de confidentialit\u00e9 | Lovely Brows - perfekte Augenbrauen &amp; Wimpern","isPartOf":{"@id":"https:\/\/lovelybrows.ch\/#website"},"datePublished":"2022-01-11T16:43:07+00:00","dateModified":"2022-01-11T16:43:08+00:00","breadcrumb":{"@id":"https:\/\/lovelybrows.ch\/fr\/mentions-legales-politique-de-confidentialite\/#breadcrumb"},"inLanguage":"fr-FR","potentialAction":[{"@type":"ReadAction","target":["https:\/\/lovelybrows.ch\/fr\/mentions-legales-politique-de-confidentialite\/"]}]},{"@type":"BreadcrumbList","@id":"https:\/\/lovelybrows.ch\/fr\/mentions-legales-politique-de-confidentialite\/#breadcrumb","itemListElement":[{"@type":"ListItem","position":1,"name":"Startseite","item":"https:\/\/lovelybrows.ch\/fr\/"},{"@type":"ListItem","position":2,"name":"Mentions l\u00e9gales &amp; politique de confidentialit\u00e9"}]},{"@type":"WebSite","@id":"https:\/\/lovelybrows.ch\/#website","url":"https:\/\/lovelybrows.ch\/","name":"Lovely Brows - perfekte Augenbrauen &amp; Wimpern","description":"Perfekte Wimpern und Augenbrauen ohne Termin.","publisher":{"@id":"https:\/\/lovelybrows.ch\/#organization"},"potentialAction":[{"@type":"SearchAction","target":{"@type":"EntryPoint","urlTemplate":"https:\/\/lovelybrows.ch\/?s={search_term_string}"},"query-input":{"@type":"PropertyValueSpecification","valueRequired":true,"valueName":"search_term_string"}}],"inLanguage":"fr-FR"},{"@type":"Organization","@id":"https:\/\/lovelybrows.ch\/#organization","name":"Lovely Brows GmbH","url":"https:\/\/lovelybrows.ch\/","logo":{"@type":"ImageObject","inLanguage":"fr-FR","@id":"https:\/\/lovelybrows.ch\/#\/schema\/logo\/image\/","url":"https:\/\/neu.lovelybrows.cyon.site\/neu\/wp-content\/uploads\/2021\/12\/lovely-brows-Logo_rgb-1.png","contentUrl":"https:\/\/neu.lovelybrows.cyon.site\/neu\/wp-content\/uploads\/2021\/12\/lovely-brows-Logo_rgb-1.png","width":1576,"height":222,"caption":"Lovely Brows GmbH"},"image":{"@id":"https:\/\/lovelybrows.ch\/#\/schema\/logo\/image\/"},"sameAs":["https:\/\/www.facebook.com\/lovelybrows","https:\/\/www.instagram.com\/lovelybrows_eyebrowdesign\/","https:\/\/www.youtube.com\/channel\/UCDgUTnGnEDmOrZiwBZS6zOQ"]}]}},"jetpack_sharing_enabled":true,"_links":{"self":[{"href":"https:\/\/lovelybrows.ch\/fr\/wp-json\/wp\/v2\/pages\/2212","targetHints":{"allow":["GET"]}}],"collection":[{"href":"https:\/\/lovelybrows.ch\/fr\/wp-json\/wp\/v2\/pages"}],"about":[{"href":"https:\/\/lovelybrows.ch\/fr\/wp-json\/wp\/v2\/types\/page"}],"author":[{"embeddable":true,"href":"https:\/\/lovelybrows.ch\/fr\/wp-json\/wp\/v2\/users\/1"}],"replies":[{"embeddable":true,"href":"https:\/\/lovelybrows.ch\/fr\/wp-json\/wp\/v2\/comments?post=2212"}],"version-history":[{"count":2,"href":"https:\/\/lovelybrows.ch\/fr\/wp-json\/wp\/v2\/pages\/2212\/revisions"}],"predecessor-version":[{"id":2214,"href":"https:\/\/lovelybrows.ch\/fr\/wp-json\/wp\/v2\/pages\/2212\/revisions\/2214"}],"wp:attachment":[{"href":"https:\/\/lovelybrows.ch\/fr\/wp-json\/wp\/v2\/media?parent=2212"}],"curies":[{"name":"wp","href":"https:\/\/api.w.org\/{rel}","templated":true}]}}