{"id":2197,"date":"2022-01-11T16:43:01","date_gmt":"2022-01-11T16:43:01","guid":{"rendered":"https:\/\/lovelybrows.ch\/termes-et-conditions-boutique-en-ligne\/"},"modified":"2022-01-11T16:43:08","modified_gmt":"2022-01-11T16:43:08","slug":"termes-et-conditions-boutique-en-ligne","status":"publish","type":"page","link":"https:\/\/lovelybrows.ch\/fr\/termes-et-conditions-boutique-en-ligne\/","title":{"rendered":"Termes et conditions boutique en ligne"},"content":{"rendered":"\n<p><strong>Conditions g\u00e9n\u00e9rales (CG) de Lovely Brows GmbH<\/strong><\/p>\n\n<h1 class=\"wp-block-heading\"><strong>1.<\/strong> Port\u00e9e<\/h1>\n\n<p><strong>Pour l&rsquo;utilisation de ce site Web ainsi que les relations commerciales entre Lovely Brows GmbH, Schweizerhofpassage 7, 3011 Berne et ses clients, les conditions g\u00e9n\u00e9rales (CG) suivantes s&rsquo;appliquent dans la version actuellement disponible et valable au moment de l&rsquo;acc\u00e8s au site Web ou lorsque les marchandises sont command\u00e9es. L&rsquo;offre de ce site Web s&rsquo;adresse exclusivement aux clients domicili\u00e9s en Suisse.<\/strong><\/p>\n\n<p>Toute personne physique ou morale qui entretient des relations commerciales avec <strong>Lovely Brows GmbH<\/strong> est d\u00e9nomm\u00e9e client. <strong>Les conditions g\u00e9n\u00e9rales, les conditions de livraison et de paiement ainsi que les dispositions relatives \u00e0 la protection des donn\u00e9es peuvent \u00eatre modifi\u00e9es de temps \u00e0 autre. Lovely Brows GmbH vous demande de lire attentivement ces dispositions chaque fois que vous visitez le site Web et chaque fois que vous commandez des marchandises.<\/strong><\/p>\n\n<p><strong>Ces termes et conditions s&rsquo;appliquent exclusivement. Les conditions qui contredisent, compl\u00e8tent ou s&rsquo;\u00e9cartent de ces termes et conditions n\u00e9cessitent la confirmation \u00e9crite expresse de Lovely Brows GmbH pour \u00eatre valables. Lors de l&rsquo;utilisation de ce site ou lors de la commande de marchandises, le client confirme qu&rsquo;il accepte pleinement les pr\u00e9sentes conditions g\u00e9n\u00e9rales, y compris les conditions de livraison et de paiement.<\/strong><\/p>\n\n<p>Si des dispositions individuelles de ces termes et conditions s&rsquo;av\u00e8rent inefficaces ou inapplicables, ou deviennent inefficaces ou inapplicables, cela n&rsquo;affectera pas la validit\u00e9 des dispositions restantes.<\/p>\n\n<p><strong>L&rsquo;exploitant de ce site Web est Lovely Brows GmbH.<\/strong><\/p>\n\n<h1 class=\"wp-block-heading\">2. Informations sur ce site<\/h1>\n\n<p><strong>La boutique en ligne de Lovely Brows GmbH contient des<\/strong> informations sur les produits et services. Nous nous r\u00e9servons le droit d&rsquo;apporter des modifications aux prix et aux gammes ainsi que des modifications techniques. Toutes les informations sur www.lovelybrows.ch (descriptions des produits, images, films, dimensions, poids, sp\u00e9cifications techniques, relations accessoires et autres informations) ne doivent \u00eatre comprises que comme des valeurs approximatives et, en particulier, ne repr\u00e9sentent aucune assurance de propri\u00e9t\u00e9s ou garanties, sauf indication contraire explicite. <strong>Lovely Brows GmbH<\/strong> s&rsquo;efforce de fournir tous les d\u00e9tails et informations sur ce site Web correctement, compl\u00e8tement, \u00e0 jour et clairement organis\u00e9s, mais peut <strong>Lovely Brows GmbH<\/strong> ne le garantit ni express\u00e9ment ni tacitement.<\/p>\n\n<p>Toutes les offres sur ce site Web sont sans engagement et ne doivent pas \u00eatre comprises comme des offres contraignantes.<\/p>\n\n<p><strong>Lovely Brows GmbH<\/strong> ne peut garantir la disponibilit\u00e9 des produits list\u00e9s au moment de la commande. Par cons\u00e9quent, toutes les informations sur la disponibilit\u00e9 et les d\u00e9lais de livraison sont sans garantie et peuvent changer \u00e0 tout moment et sans pr\u00e9avis.<\/p>\n\n<h1 class=\"wp-block-heading\">3. Prix<\/h1>\n\n<p>Sauf indication contraire, les prix indiqu\u00e9s par <strong>Lovely Brows GmbH<\/strong> incluent les frais de recyclage anticip\u00e9s (VRG) et les droits d&rsquo;auteur pour les appareils \u00e9lectroniques. Les prix sont nets en francs suisses (CHF).<\/p>\n\n<p>Sauf disposition contraire, les \u00e9ventuels frais d&rsquo;exp\u00e9dition seront factur\u00e9s en sus et devront \u00eatre pay\u00e9s par le client. Les frais d&rsquo;exp\u00e9dition sont indiqu\u00e9s s\u00e9par\u00e9ment dans le processus de commande.<\/p>\n\n<p>Nous nous r\u00e9servons le droit d&rsquo;apporter des modifications techniques, des erreurs et des fautes d&rsquo;impression\u00a0; en particulier, <strong>Lovely Brows GmbH<\/strong> peut modifier les prix \u00e0 tout moment et sans pr\u00e9avis. Les services de conseil et d&rsquo;assistance ne sont pas inclus dans les prix de vente.<\/p>\n\n<h1 class=\"wp-block-heading\">4. Conclusion d&rsquo;un contrat<\/h1>\n\n<p>Les offres de ce site Internet constituent une invitation sans engagement du client \u00e0 commander des produits et\/ou des services de <strong>Lovely Brows GmbH<\/strong> . Avec la commande via ce site Web, y compris l&rsquo;acceptation de ces termes et conditions, le client soumet une offre juridiquement contraignante pour conclure un contrat. <strong>Lovely Brows GmbH<\/strong> envoie alors une \u00ab\u00a0confirmation de commande\u00a0\u00bb automatique par courrier \u00e9lectronique, qui confirme que l&rsquo;offre du client a \u00e9t\u00e9 re\u00e7ue par <strong>Lovely Brows GmbH<\/strong> . Les commandes pass\u00e9es engagent le client. Sauf indication contraire, il n&rsquo;y a aucun droit de retour ou de r\u00e9tractation.<\/p>\n\n<p>Le contrat est conclu d\u00e8s que <strong>Lovely Brows GmbH<\/strong> envoie une d\u00e9claration d&rsquo;acceptation par courrier \u00e9lectronique, dans laquelle l&rsquo;exp\u00e9dition des produits ou services command\u00e9s est confirm\u00e9e.<\/p>\n\n<p>Les commandes ne sont livr\u00e9es qu&rsquo;apr\u00e8s r\u00e9ception du paiement int\u00e9gral et si les marchandises sont disponibles. Si, apr\u00e8s la conclusion du contrat, il s&rsquo;av\u00e8re que les marchandises command\u00e9es ne peuvent pas \u00eatre livr\u00e9es ou ne peuvent pas \u00eatre livr\u00e9es dans leur int\u00e9gralit\u00e9, <strong>Lovely Brows GmbH<\/strong> est en droit de r\u00e9silier l&rsquo;int\u00e9gralit\u00e9 ou une partie du contrat. Si <strong>Lovely Brows GmbH<\/strong> a d\u00e9j\u00e0 re\u00e7u le paiement du client, le paiement sera rembours\u00e9 au client. Si le paiement n&rsquo;a pas encore \u00e9t\u00e9 effectu\u00e9, le client est lib\u00e9r\u00e9 de l&rsquo;obligation de payer. <strong>Lovely Brows GmbH<\/strong> n&rsquo;est pas oblig\u00e9e d&rsquo;effectuer une livraison de remplacement en cas de r\u00e9siliation du contrat.<\/p>\n\n<h1 class=\"wp-block-heading\">5. Options de paiement et r\u00e9serve de propri\u00e9t\u00e9<\/h1>\n\n<p>Les options de paiement pr\u00e9cis\u00e9es dans le processus de commande sont \u00e0 la disposition du client.<\/p>\n\n<p><strong>Lovely Brows GmbH se<\/strong> r\u00e9serve le droit d&rsquo;exclure les clients des options de paiement individuelles sans donner de raisons ou d&rsquo;exiger un pr\u00e9paiement.<\/p>\n\n<p><strong>Lovely Brows GmbH<\/strong> peut facturer des int\u00e9r\u00eats moratoires de 5% par an ainsi que des frais de rappel d&rsquo;un maximum de CHF 20 par rappel en cas de retard de paiement du client.<\/p>\n\n<p>Les produits livr\u00e9s au client restent la propri\u00e9t\u00e9 de <strong>Lovely Brows GmbH<\/strong> jusqu&rsquo;au paiement int\u00e9gral du prix.<\/p>\n\n<h1 class=\"wp-block-heading\">6. Livraison, obligation de contr\u00f4le, notification des d\u00e9fauts et retour<\/h1>\n\n<p>Les livraisons sont effectu\u00e9es par voie postale ou par coursier \u00e0 l&rsquo;adresse indiqu\u00e9e par le client lors de la commande. Les factures sont envoy\u00e9es par e-mail ou par courrier. Avec l&rsquo;exp\u00e9dition, le b\u00e9n\u00e9fice et le risque sont transf\u00e9r\u00e9s au client, dans la mesure o\u00f9 cela est l\u00e9galement autoris\u00e9.<\/p>\n\n<p>Si la livraison ne peut pas \u00eatre livr\u00e9e ou si le client refuse d&rsquo;accepter la livraison, <strong>Lovely Brows GmbH<\/strong> peut r\u00e9silier le contrat apr\u00e8s notification d&rsquo;une r\u00e9clamation par e-mail au client et fixer un d\u00e9lai raisonnable et facturer les frais pour les activit\u00e9s.<\/p>\n\n<p>Le client est tenu de v\u00e9rifier les marchandises livr\u00e9es imm\u00e9diatement apr\u00e8s r\u00e9ception de la livraison et de signaler tout d\u00e9faut pour lequel <strong>Lovely Brows GmbH<\/strong> garantit imm\u00e9diatement par \u00e9crit par lettre ou par e-mail \u00e0 l&rsquo;adresse indiqu\u00e9e dans les mentions l\u00e9gales.<\/p>\n\n<p>Les retours \u00e0 <strong>Lovely Brows GmbH<\/strong> sont effectu\u00e9s aux frais et risques du client. Le client doit envoyer les marchandises dans leur emballage d&rsquo;origine, avec tous les accessoires et accompagn\u00e9es du bon de livraison et d&rsquo;une description d\u00e9taill\u00e9e des d\u00e9fauts \u00e0 l&rsquo;adresse de retour indiqu\u00e9e par <strong>Lovely Brows GmbH<\/strong> dans les <a href=\"http:\/\/lovelybrows.ch\/impressum\/\">mentions<\/a> l\u00e9gales.<\/p>\n\n<p>Si l&rsquo;inspection par <strong>Lovely Brows GmbH montre<\/strong> que les marchandises ne pr\u00e9sentent aucun d\u00e9faut apparent ou que ceux-ci ne sont pas couverts par la garantie du fabricant, <strong>Lovely Brows GmbH<\/strong> peut facturer au client les activit\u00e9s, le retour ou toute \u00e9limination.<\/p>\n\n<h1 class=\"wp-block-heading\">7. Droit de r\u00e9tractation<\/h1>\n\n<p>Le client dispose d&rsquo;un droit de r\u00e9tractation de 10 jours calendaires apr\u00e8s r\u00e9ception de la marchandise. Le d\u00e9lai est r\u00e9put\u00e9 avoir \u00e9t\u00e9 respect\u00e9 si le client envoie la r\u00e9vocation \u00e9crite par e-mail \u00e0 <a href=\"mailto:welcome@lovelybrows.ch\">welcome (at) lovelybrows.ch<\/a> ou une lettre \u00e0 Lovely Brows GmbH, Schweizerhofpassage 7, 3011 Berne dans les d\u00e9lais \u00e0 <strong>Lovely Brows GmbH<\/strong> . La r\u00e9vocation ne n\u00e9cessite pas de justification.<\/p>\n\n<p>L&rsquo;exercice du droit de r\u00e9tractation entra\u00eene l&rsquo;annulation du contrat. Le client doit retourner les marchandises dans les 10 jours calendaires dans leur emballage d&rsquo;origine, avec tous les accessoires et avec le bon de livraison \u00e0 l&rsquo;adresse de retour indiqu\u00e9e par <strong>Lovely Brows GmbH<\/strong> dans l&#8217;empreinte. renvoyer. Les retours \u00e0 <strong>Lovely Brows GmbH<\/strong> sont effectu\u00e9s aux frais et risques du client. Tout paiement d\u00e9j\u00e0 effectu\u00e9 sera rembours\u00e9 au client dans les 20 jours calendaires, \u00e0 condition que <strong>Lovely Brows GmbH<\/strong> ait d\u00e9j\u00e0 re\u00e7u la marchandise ou que le client puisse fournir une preuve d&rsquo;exp\u00e9dition.<\/p>\n\n<p><strong>Lovely Brows GmbH se<\/strong> r\u00e9serve le droit d&rsquo;exiger une indemnisation appropri\u00e9e pour les dommages, l&rsquo;usure excessive ou la perte de valeur dus \u00e0 une mauvaise manipulation et de d\u00e9duire la r\u00e9duction de valeur du prix d&rsquo;achat d\u00e9j\u00e0 pay\u00e9 ou de facturer le client.<\/p>\n\n<p>Aucun droit de r\u00e9tractation n&rsquo;est accord\u00e9 dans les cas suivants :<\/p>\n\n<ul class=\"wp-block-list\"><li>Si le contrat comporte un \u00e9l\u00e9ment al\u00e9atoire, notamment parce que le prix est soumis \u00e0 des fluctuations sur lesquelles le prestataire n&rsquo;a aucune influence.<\/li><li>Si l&rsquo;objet du contrat est un bien meuble qui, de par sa nature, ne se pr\u00eate pas \u00e0 un retour ou qui peut se d\u00e9t\u00e9riorer rapidement ;<\/li><li>Si l&rsquo;objet du contrat est un bien meuble fabriqu\u00e9 selon les sp\u00e9cifications du consommateur ou clairement adapt\u00e9 \u00e0 ses besoins personnels\u00a0;<\/li><li>Si le contrat porte sur un contenu num\u00e9rique et que ce contenu n&rsquo;est pas mis \u00e0 disposition sur un support de donn\u00e9es fixe ou si le contrat doit \u00eatre rempli dans son int\u00e9gralit\u00e9 par les deux parties contractantes imm\u00e9diatement\u00a0;<\/li><li>Si le contrat porte sur un service et que le contrat doit \u00eatre enti\u00e8rement ex\u00e9cut\u00e9 par le fournisseur avec le consentement expr\u00e8s pr\u00e9alable du consommateur avant l&rsquo;expiration du d\u00e9lai de r\u00e9tractation.<\/li><li>Dans les domaines de l&rsquo;h\u00e9bergement, du transport, de la livraison de nourriture et de boissons et des activit\u00e9s de loisirs, si le prestataire s&rsquo;engage \u00e0 fournir les services \u00e0 un moment donn\u00e9 ou dans un d\u00e9lai pr\u00e9cis.<\/li><\/ul>\n\n<h1 class=\"wp-block-heading\">8. Garantie<\/h1>\n\n<p><strong>Lovely Brows GmbH<\/strong> s&rsquo;efforce de livrer des produits d&rsquo;une qualit\u00e9 parfaite. En cas de d\u00e9faut signal\u00e9 \u00e0 temps, <strong>Lovely Brows GmbH<\/strong> garantit que l&rsquo;article achet\u00e9 par le client est exempt de d\u00e9fauts et qu&rsquo;il est fonctionnel pendant la p\u00e9riode de garantie l\u00e9gale, qui est g\u00e9n\u00e9ralement de deux ans \u00e0 compter de la date de livraison. Il est \u00e0 la discr\u00e9tion de <strong>Lovely Brows GmbH<\/strong> de fournir la garantie par des r\u00e9parations gratuites, des remplacements \u00e9quivalents ou par le remboursement du prix d&rsquo;achat. D&rsquo;autres r\u00e9clamations sont exclues.<\/p>\n\n<p>La garantie ne couvre pas l&rsquo;usure normale et les cons\u00e9quences d&rsquo;une mauvaise manipulation ou de dommages par le client ou des tiers, ainsi que les d\u00e9fauts pouvant \u00eatre attribu\u00e9s \u00e0 des circonstances ext\u00e9rieures. La garantie des consommables et des pi\u00e8ces d&rsquo;usure (par ex. piles, accumulateurs, etc.) est \u00e9galement exclue.<\/p>\n\n<p><strong>Lovely Brows GmbH<\/strong> n&rsquo;est pas en mesure de donner des assurances ou des garanties pour l&rsquo;actualit\u00e9, l&rsquo;exhaustivit\u00e9 et l&rsquo;exactitude des donn\u00e9es ainsi que pour la disponibilit\u00e9 constante ou non perturb\u00e9e du site Web, de ses fonctionnalit\u00e9s, des hyperliens int\u00e9gr\u00e9s et d&rsquo;autres contenus. En particulier, il n&rsquo;est ni garanti ni garanti que l&rsquo;utilisation du site Web n&rsquo;enfreindra aucun droit de tiers qui ne sont pas en la possession de <strong>Lovely Brows GmbH<\/strong> .<\/p>\n\n<h1 class=\"wp-block-heading\">9. Responsabilit\u00e9<\/h1>\n\n<p><strong>Lovely Brows GmbH<\/strong> exclut toute responsabilit\u00e9, quelle que soit sa base l\u00e9gale, ainsi que les r\u00e9clamations en dommages-int\u00e9r\u00eats contre <strong>Lovely Brows GmbH<\/strong> et toute personne auxiliaire et agent d&rsquo;ex\u00e9cution. En particulier, <strong>Lovely Brows GmbH<\/strong> n&rsquo;est pas responsable des dommages indirects et des dommages cons\u00e9cutifs caus\u00e9s par des d\u00e9fauts, une perte de profit ou d&rsquo;autres dommages personnels, mat\u00e9riels ou purement financiers caus\u00e9s au client. Toute autre responsabilit\u00e9 l\u00e9gale obligatoire, par exemple pour n\u00e9gligence grave ou intention ill\u00e9gale, reste r\u00e9serv\u00e9e.<\/p>\n\n<p><strong>Lovely Brows GmbH<\/strong> utilise uniquement des hyperliens pour simplifier l&rsquo;acc\u00e8s du client \u00e0 d&rsquo;autres sites Web. <strong>Lovely Brows GmbH<\/strong> ne peut ni conna\u00eetre le contenu de ce site Web en d\u00e9tail, ni accepter la responsabilit\u00e9 ou toute autre responsabilit\u00e9 pour le contenu de ce site Web.<\/p>\n\n<h1 class=\"wp-block-heading\">10. Protection des donn\u00e9es<\/h1>\n\n<p><strong>Lovely Brows GmbH<\/strong> peut traiter et utiliser les donn\u00e9es enregistr\u00e9es dans le cadre de la conclusion du contrat pour remplir les obligations du contrat d&rsquo;achat et les utiliser \u00e0 des fins de marketing. Les donn\u00e9es n\u00e9cessaires \u00e0 l&rsquo;ex\u00e9cution du service peuvent \u00e9galement \u00eatre transmises \u00e0 des partenaires de service mandat\u00e9s (partenaires logistiques) ou \u00e0 d&rsquo;autres tiers.<\/p>\n\n<p>Les autres dispositions relatives \u00e0 la protection des donn\u00e9es se trouvent sous le lien suivant : <a href=\"http:\/\/lovelybrows.ch\/impressum\/\">Protection des donn\u00e9es<\/a><\/p>\n\n<h1 class=\"wp-block-heading\">11. Dispositions suppl\u00e9mentaires<\/h1>\n\n<p><strong>Lovely Brows GmbH<\/strong> se r\u00e9serve express\u00e9ment le droit de modifier ces termes et conditions \u00e0 tout moment et de les mettre en vigueur sans pr\u00e9avis.<\/p>\n\n<p>En cas de litige, seul le droit mat\u00e9riel suisse s&rsquo;applique, \u00e0 l&rsquo;exclusion des normes de conflit de lois. La loi des Nations Unies sur les ventes (CISG, Vienna Sales Law) est explicitement exclue.<\/p>\n\n<p>Le for <strong>est Berne<\/strong> tant que la loi ne pr\u00e9voit pas de for obligatoires.<\/p>\n\n<h1 class=\"wp-block-heading\">12. Contacter<\/h1>\n\n<p>Si vous avez des questions sur ces termes et conditions, veuillez contacter : <a href=\"mailto:welcome@lovelybrows.ch\">welcome (at) beautifulbrows.ch<\/a><\/p>\n\n<p>Version 01.001.2022<\/p>\n","protected":false},"excerpt":{"rendered":"<p>Conditions g\u00e9n\u00e9rales (CG) de Lovely Brows GmbH 1. Port\u00e9e Pour l&rsquo;utilisation de ce site Web ainsi que les relations commerciales entre Lovely Brows GmbH, Schweizerhofpassage 7, 3011 Berne et ses clients, les conditions g\u00e9n\u00e9rales (CG) suivantes s&rsquo;appliquent dans la version actuellement disponible et valable au moment de l&rsquo;acc\u00e8s au site Web ou lorsque les marchandises &#8230; <a title=\"Termes et conditions boutique en ligne\" class=\"read-more\" href=\"https:\/\/lovelybrows.ch\/fr\/termes-et-conditions-boutique-en-ligne\/\" aria-label=\"Plus sur Termes et conditions boutique en ligne\">Lire plus<\/a><\/p>\n","protected":false},"author":1,"featured_media":0,"parent":0,"menu_order":0,"comment_status":"closed","ping_status":"closed","template":"","meta":{"footnotes":""},"class_list":["post-2197","page","type-page","status-publish"],"yoast_head":"<!-- This site is optimized with the Yoast SEO plugin v27.4 - https:\/\/yoast.com\/product\/yoast-seo-wordpress\/ -->\n<title>Termes et conditions boutique en ligne | Lovely Brows - perfekte Augenbrauen &amp; Wimpern<\/title>\n<meta name=\"robots\" content=\"noindex, follow\" \/>\n<meta property=\"og:locale\" content=\"fr_FR\" \/>\n<meta property=\"og:type\" content=\"article\" \/>\n<meta property=\"og:title\" content=\"Termes et conditions boutique en ligne | Lovely Brows - perfekte Augenbrauen &amp; Wimpern\" \/>\n<meta property=\"og:description\" content=\"Conditions g\u00e9n\u00e9rales (CG) de Lovely Brows GmbH 1. Port\u00e9e Pour l&rsquo;utilisation de ce site Web ainsi que les relations commerciales entre Lovely Brows GmbH, Schweizerhofpassage 7, 3011 Berne et ses clients, les conditions g\u00e9n\u00e9rales (CG) suivantes s&rsquo;appliquent dans la version actuellement disponible et valable au moment de l&rsquo;acc\u00e8s au site Web ou lorsque les marchandises ... Lire plus\" \/>\n<meta property=\"og:url\" content=\"https:\/\/lovelybrows.ch\/fr\/termes-et-conditions-boutique-en-ligne\/\" \/>\n<meta property=\"og:site_name\" content=\"Lovely Brows - perfekte Augenbrauen &amp; Wimpern\" \/>\n<meta property=\"article:publisher\" content=\"https:\/\/www.facebook.com\/lovelybrows\" \/>\n<meta property=\"article:modified_time\" content=\"2022-01-11T16:43:08+00:00\" \/>\n<meta name=\"twitter:card\" content=\"summary_large_image\" \/>\n<meta name=\"twitter:label1\" content=\"Dur\u00e9e de lecture estim\u00e9e\" \/>\n\t<meta name=\"twitter:data1\" content=\"11 minutes\" \/>\n<script type=\"application\/ld+json\" class=\"yoast-schema-graph\">{\"@context\":\"https:\\\/\\\/schema.org\",\"@graph\":[{\"@type\":\"WebPage\",\"@id\":\"https:\\\/\\\/lovelybrows.ch\\\/fr\\\/termes-et-conditions-boutique-en-ligne\\\/\",\"url\":\"https:\\\/\\\/lovelybrows.ch\\\/fr\\\/termes-et-conditions-boutique-en-ligne\\\/\",\"name\":\"Termes et conditions boutique en ligne | Lovely Brows - perfekte Augenbrauen &amp; Wimpern\",\"isPartOf\":{\"@id\":\"https:\\\/\\\/lovelybrows.ch\\\/#website\"},\"datePublished\":\"2022-01-11T16:43:01+00:00\",\"dateModified\":\"2022-01-11T16:43:08+00:00\",\"breadcrumb\":{\"@id\":\"https:\\\/\\\/lovelybrows.ch\\\/fr\\\/termes-et-conditions-boutique-en-ligne\\\/#breadcrumb\"},\"inLanguage\":\"fr-FR\",\"potentialAction\":[{\"@type\":\"ReadAction\",\"target\":[\"https:\\\/\\\/lovelybrows.ch\\\/fr\\\/termes-et-conditions-boutique-en-ligne\\\/\"]}]},{\"@type\":\"BreadcrumbList\",\"@id\":\"https:\\\/\\\/lovelybrows.ch\\\/fr\\\/termes-et-conditions-boutique-en-ligne\\\/#breadcrumb\",\"itemListElement\":[{\"@type\":\"ListItem\",\"position\":1,\"name\":\"Startseite\",\"item\":\"https:\\\/\\\/lovelybrows.ch\\\/fr\\\/\"},{\"@type\":\"ListItem\",\"position\":2,\"name\":\"Termes et conditions boutique en ligne\"}]},{\"@type\":\"WebSite\",\"@id\":\"https:\\\/\\\/lovelybrows.ch\\\/#website\",\"url\":\"https:\\\/\\\/lovelybrows.ch\\\/\",\"name\":\"Lovely Brows - perfekte Augenbrauen &amp; Wimpern\",\"description\":\"Perfekte Wimpern und Augenbrauen ohne Termin.\",\"publisher\":{\"@id\":\"https:\\\/\\\/lovelybrows.ch\\\/#organization\"},\"potentialAction\":[{\"@type\":\"SearchAction\",\"target\":{\"@type\":\"EntryPoint\",\"urlTemplate\":\"https:\\\/\\\/lovelybrows.ch\\\/?s={search_term_string}\"},\"query-input\":{\"@type\":\"PropertyValueSpecification\",\"valueRequired\":true,\"valueName\":\"search_term_string\"}}],\"inLanguage\":\"fr-FR\"},{\"@type\":\"Organization\",\"@id\":\"https:\\\/\\\/lovelybrows.ch\\\/#organization\",\"name\":\"Lovely Brows GmbH\",\"url\":\"https:\\\/\\\/lovelybrows.ch\\\/\",\"logo\":{\"@type\":\"ImageObject\",\"inLanguage\":\"fr-FR\",\"@id\":\"https:\\\/\\\/lovelybrows.ch\\\/#\\\/schema\\\/logo\\\/image\\\/\",\"url\":\"https:\\\/\\\/neu.lovelybrows.cyon.site\\\/neu\\\/wp-content\\\/uploads\\\/2021\\\/12\\\/lovely-brows-Logo_rgb-1.png\",\"contentUrl\":\"https:\\\/\\\/neu.lovelybrows.cyon.site\\\/neu\\\/wp-content\\\/uploads\\\/2021\\\/12\\\/lovely-brows-Logo_rgb-1.png\",\"width\":1576,\"height\":222,\"caption\":\"Lovely Brows GmbH\"},\"image\":{\"@id\":\"https:\\\/\\\/lovelybrows.ch\\\/#\\\/schema\\\/logo\\\/image\\\/\"},\"sameAs\":[\"https:\\\/\\\/www.facebook.com\\\/lovelybrows\",\"https:\\\/\\\/www.instagram.com\\\/lovelybrows_eyebrowdesign\\\/\",\"https:\\\/\\\/www.youtube.com\\\/channel\\\/UCDgUTnGnEDmOrZiwBZS6zOQ\"]}]}<\/script>\n<!-- \/ Yoast SEO plugin. -->","yoast_head_json":{"title":"Termes et conditions boutique en ligne | Lovely Brows - perfekte Augenbrauen &amp; Wimpern","robots":{"index":"noindex","follow":"follow"},"og_locale":"fr_FR","og_type":"article","og_title":"Termes et conditions boutique en ligne | Lovely Brows - perfekte Augenbrauen &amp; Wimpern","og_description":"Conditions g\u00e9n\u00e9rales (CG) de Lovely Brows GmbH 1. Port\u00e9e Pour l&rsquo;utilisation de ce site Web ainsi que les relations commerciales entre Lovely Brows GmbH, Schweizerhofpassage 7, 3011 Berne et ses clients, les conditions g\u00e9n\u00e9rales (CG) suivantes s&rsquo;appliquent dans la version actuellement disponible et valable au moment de l&rsquo;acc\u00e8s au site Web ou lorsque les marchandises ... Lire plus","og_url":"https:\/\/lovelybrows.ch\/fr\/termes-et-conditions-boutique-en-ligne\/","og_site_name":"Lovely Brows - perfekte Augenbrauen &amp; Wimpern","article_publisher":"https:\/\/www.facebook.com\/lovelybrows","article_modified_time":"2022-01-11T16:43:08+00:00","twitter_card":"summary_large_image","twitter_misc":{"Dur\u00e9e de lecture estim\u00e9e":"11 minutes"},"schema":{"@context":"https:\/\/schema.org","@graph":[{"@type":"WebPage","@id":"https:\/\/lovelybrows.ch\/fr\/termes-et-conditions-boutique-en-ligne\/","url":"https:\/\/lovelybrows.ch\/fr\/termes-et-conditions-boutique-en-ligne\/","name":"Termes et conditions boutique en ligne | Lovely Brows - perfekte Augenbrauen &amp; Wimpern","isPartOf":{"@id":"https:\/\/lovelybrows.ch\/#website"},"datePublished":"2022-01-11T16:43:01+00:00","dateModified":"2022-01-11T16:43:08+00:00","breadcrumb":{"@id":"https:\/\/lovelybrows.ch\/fr\/termes-et-conditions-boutique-en-ligne\/#breadcrumb"},"inLanguage":"fr-FR","potentialAction":[{"@type":"ReadAction","target":["https:\/\/lovelybrows.ch\/fr\/termes-et-conditions-boutique-en-ligne\/"]}]},{"@type":"BreadcrumbList","@id":"https:\/\/lovelybrows.ch\/fr\/termes-et-conditions-boutique-en-ligne\/#breadcrumb","itemListElement":[{"@type":"ListItem","position":1,"name":"Startseite","item":"https:\/\/lovelybrows.ch\/fr\/"},{"@type":"ListItem","position":2,"name":"Termes et conditions boutique en ligne"}]},{"@type":"WebSite","@id":"https:\/\/lovelybrows.ch\/#website","url":"https:\/\/lovelybrows.ch\/","name":"Lovely Brows - perfekte Augenbrauen &amp; Wimpern","description":"Perfekte Wimpern und Augenbrauen ohne Termin.","publisher":{"@id":"https:\/\/lovelybrows.ch\/#organization"},"potentialAction":[{"@type":"SearchAction","target":{"@type":"EntryPoint","urlTemplate":"https:\/\/lovelybrows.ch\/?s={search_term_string}"},"query-input":{"@type":"PropertyValueSpecification","valueRequired":true,"valueName":"search_term_string"}}],"inLanguage":"fr-FR"},{"@type":"Organization","@id":"https:\/\/lovelybrows.ch\/#organization","name":"Lovely Brows GmbH","url":"https:\/\/lovelybrows.ch\/","logo":{"@type":"ImageObject","inLanguage":"fr-FR","@id":"https:\/\/lovelybrows.ch\/#\/schema\/logo\/image\/","url":"https:\/\/neu.lovelybrows.cyon.site\/neu\/wp-content\/uploads\/2021\/12\/lovely-brows-Logo_rgb-1.png","contentUrl":"https:\/\/neu.lovelybrows.cyon.site\/neu\/wp-content\/uploads\/2021\/12\/lovely-brows-Logo_rgb-1.png","width":1576,"height":222,"caption":"Lovely Brows GmbH"},"image":{"@id":"https:\/\/lovelybrows.ch\/#\/schema\/logo\/image\/"},"sameAs":["https:\/\/www.facebook.com\/lovelybrows","https:\/\/www.instagram.com\/lovelybrows_eyebrowdesign\/","https:\/\/www.youtube.com\/channel\/UCDgUTnGnEDmOrZiwBZS6zOQ"]}]}},"jetpack_sharing_enabled":true,"_links":{"self":[{"href":"https:\/\/lovelybrows.ch\/fr\/wp-json\/wp\/v2\/pages\/2197","targetHints":{"allow":["GET"]}}],"collection":[{"href":"https:\/\/lovelybrows.ch\/fr\/wp-json\/wp\/v2\/pages"}],"about":[{"href":"https:\/\/lovelybrows.ch\/fr\/wp-json\/wp\/v2\/types\/page"}],"author":[{"embeddable":true,"href":"https:\/\/lovelybrows.ch\/fr\/wp-json\/wp\/v2\/users\/1"}],"replies":[{"embeddable":true,"href":"https:\/\/lovelybrows.ch\/fr\/wp-json\/wp\/v2\/comments?post=2197"}],"version-history":[{"count":2,"href":"https:\/\/lovelybrows.ch\/fr\/wp-json\/wp\/v2\/pages\/2197\/revisions"}],"predecessor-version":[{"id":2205,"href":"https:\/\/lovelybrows.ch\/fr\/wp-json\/wp\/v2\/pages\/2197\/revisions\/2205"}],"wp:attachment":[{"href":"https:\/\/lovelybrows.ch\/fr\/wp-json\/wp\/v2\/media?parent=2197"}],"curies":[{"name":"wp","href":"https:\/\/api.w.org\/{rel}","templated":true}]}}