{"id":2182,"date":"2022-01-11T16:43:00","date_gmt":"2022-01-11T16:43:00","guid":{"rendered":"https:\/\/lovelybrows.ch\/epilation\/"},"modified":"2024-05-16T12:51:49","modified_gmt":"2024-05-16T12:51:49","slug":"epilation","status":"publish","type":"page","link":"https:\/\/lovelybrows.ch\/fr\/epilation\/","title":{"rendered":"\u00c9pilation"},"content":{"rendered":"<div class=\"gb-grid-wrapper gb-grid-wrapper-1604dc14\">\n<div class=\"gb-grid-column gb-grid-column-4042afaf\"><div class=\"gb-container gb-container-4042afaf\"><div class=\"gb-inside-container\">\n\n<h2 class=\"gb-headline gb-headline-999471f6 gb-headline-text\"><meta charset=\"utf-8\">\u00c9pilation du visage par la technique du fil.<\/h2>\n\n\n\n<hr class=\"wp-block-separator has-css-opacity\"\/>\n\n\n<div class=\"wp-block-image\">\n<figure class=\"aligncenter size-full\"><img loading=\"lazy\" decoding=\"async\" width=\"1000\" height=\"667\" src=\"https:\/\/neu.lovelybrows.cyon.site\/neu\/wp-content\/uploads\/2021\/12\/CAP_LovelyBrows-komp-9.png\" alt=\"\" class=\"wp-image-1654\" srcset=\"https:\/\/lovelybrows.ch\/wp-content\/uploads\/2021\/12\/CAP_LovelyBrows-komp-9.png 1000w, https:\/\/lovelybrows.ch\/wp-content\/uploads\/2021\/12\/CAP_LovelyBrows-komp-9-600x400.png 600w, https:\/\/lovelybrows.ch\/wp-content\/uploads\/2021\/12\/CAP_LovelyBrows-komp-9-300x200.png 300w, https:\/\/lovelybrows.ch\/wp-content\/uploads\/2021\/12\/CAP_LovelyBrows-komp-9-768x512.png 768w\" sizes=\"auto, (max-width: 1000px) 100vw, 1000px\" \/><\/figure>\n<\/div>\n\n\n<p><\/p>\n\n\n\n<p class=\"has-text-align-center\">Avec la technique du fil, nous \u00e9liminons m\u00eame les poils les plus fins de votre visage. Comme plusieurs poils sont toujours enlev\u00e9s ensemble, le traitement est plus doux pour la peau que les autres techniques.<\/p>\n\n\n\n<p class=\"has-text-align-right has-small-font-size\"><strong>L\u00c8VRES INF\u00c9RIEURES &amp; SOMMEIL CHF 9 CHACUN<\/strong><br\/><strong>L\u00c8VRE SUP\u00c9RIEURE CHF 17<br\/>FRONT, JOUES, MENTON CHF 17 CHACUN<br\/>COLLIER CHF 20<br\/>VISAGE ENTIER ET SOURCILS CHF 75<\/strong><\/p>\n\n\n<div class=\"gb-button-wrapper gb-button-wrapper-be940885\">\n\n<a class=\"gb-button gb-button-9bd78b7c gb-button-text\" href=\"https:\/\/lovelybrows.ch\/fr\/contacter\/\">ORGANISER LA CONSULTATION<\/a>\n\n<\/div>\n<\/div><\/div><\/div>\n\n<div class=\"gb-grid-column gb-grid-column-a9026367\"><div class=\"gb-container gb-container-a9026367\" id=\"waxing\"><div class=\"gb-inside-container\">\n\n<h2 class=\"gb-headline gb-headline-6bcda81e gb-headline-text\">Waxing &#8211; \u00c9pilation \u00e0 la cire<\/h2>\n\n\n\n<hr class=\"wp-block-separator has-css-opacity\"\/>\n\n\n\n<p class=\"has-text-align-center\">Dans les Brow Bars de Berne, Lucerne, Bienne et Thoune, nous proposons \u00e9galement l&rsquo;\u00e9pilation \u00e0 la cire. Clique sur <strong>\n  <a href=\"https:\/\/lovelybrows.ch\/fr\/waxing\/\">ICI<\/a>\n<\/strong> pour acc\u00e9der \u00e0 la page Waxing.<\/p>\n\n\n\n<p><\/p>\n\n\n\n<p class=\"has-text-align-right has-small-font-size\"><\/p>\n\n\n\n<p class=\"has-text-align-right\"><br\/><\/p>\n\n<\/div><\/div><\/div>\n<\/div><div class=\"gb-grid-wrapper gb-grid-wrapper-72a6f1ff\">\n<div class=\"gb-grid-column gb-grid-column-d585060b\"><div class=\"gb-container gb-container-d585060b\"><div class=\"gb-inside-container\"><\/div><\/div><\/div>\n\n<div class=\"gb-grid-column gb-grid-column-d7a65af7\"><div class=\"gb-container gb-container-d7a65af7\"><div class=\"gb-inside-container\">\n\n<h3 class=\"gb-headline gb-headline-040e7292 gb-headline-text\"> Sans rendez-vous<\/h3>\n\n\n\n<p class=\"has-text-align-center\">Venez spontan\u00e9ment sans rendez-vous, nous sommes un bar \u00e0 sourcils sans rendez-vous.<\/p>\n\n\n\n<h3 class=\"gb-headline gb-headline-2f89d164 gb-headline-text\"> Conseils gratuits<\/h3>\n\n\n\n<p class=\"has-text-align-center\">Nous vous conseillons gratuitement et sans engagement en boutique ou par chat et t\u00e9l\u00e9phone.<\/p>\n\n\n\n<h3 class=\"gb-headline gb-headline-c453e9f9 gb-headline-text\">Satisfaction garantie<\/h3>\n\n\n\n<p class=\"has-text-align-center\">Si vous n&rsquo;\u00eates pas satisfait, nous apporterons des am\u00e9liorations gratuitement ou vous serez rembours\u00e9.<\/p>\n\n<\/div><\/div><\/div>\n\n<div class=\"gb-grid-column gb-grid-column-bca9629e\"><div class=\"gb-container gb-container-bca9629e\"><div class=\"gb-inside-container\"><\/div><\/div><\/div>\n<\/div><div class=\"gb-grid-wrapper gb-grid-wrapper-7f053798\">\n<div class=\"gb-grid-column gb-grid-column-3a3d6452\"><div class=\"gb-container gb-container-3a3d6452\"><div class=\"gb-inside-container\"><\/div><\/div><\/div>\n\n<div class=\"gb-grid-column gb-grid-column-5878e8b3\"><div class=\"gb-container gb-container-5878e8b3\"><div class=\"gb-inside-container\">\n\n<h2 class=\"gb-headline gb-headline-ca3785ac gb-headline-text\">Demander?<\/h2>\n\n\n<div class=\"gb-button-wrapper gb-button-wrapper-eb8c728f\">\n\n<a class=\"gb-button gb-button-7fec8926 gb-button-text\" href=\"https:\/\/lovelybrows.ch\/fr\/contacter\/\">ORGANISER LA CONSULTATION<\/a>\n\n<\/div>\n\n\n<h2 class=\"gb-headline gb-headline-1b654b72 gb-headline-text\">What&rsquo;s next?<\/h2>\n\n\n<div class=\"gb-button-wrapper gb-button-wrapper-50d8a6a8\">\n\n<a class=\"gb-button gb-button-24b62576 gb-button-text\" href=\"https:\/\/lovelybrows.ch\/fr\/offrir\/\">TOUTES LES PRESTATIONS<\/a>\n\n<\/div>\n\n<div class=\"gb-button-wrapper gb-button-wrapper-bad94bfa\">\n\n<a class=\"gb-button gb-button-b562d592 gb-button-text\" href=\"https:\/\/lovelybrows.ch\/fr\/\">HOME<\/a>\n\n<\/div>\n<\/div><\/div><\/div>\n\n<div class=\"gb-grid-column gb-grid-column-09b439a9\"><div class=\"gb-container gb-container-09b439a9\"><div class=\"gb-inside-container\"><\/div><\/div><\/div>\n<\/div><div class=\"gb-container gb-container-db9cf21d\"><div class=\"gb-inside-container\">\n<div class=\"gb-grid-wrapper gb-grid-wrapper-02086872\">\n<div class=\"gb-grid-column gb-grid-column-b861e5e9\"><div class=\"gb-container gb-container-b861e5e9\"><div class=\"gb-inside-container\">\n\n<h3 class=\"gb-headline gb-headline-88b74200\"><span class=\"gb-icon\"><svg xmlns=\"http:\/\/www.w3.org\/2000\/svg\" aria-hidden=\"true\" role=\"img\" height=\"1em\" width=\"1em\" viewbox=\"0 0 384 512\"><path fill=\"currentColor\" d=\"M97.12 362.63c-8.69-8.69-4.16-6.24-25.12-11.85-9.51-2.55-17.87-7.45-25.43-13.32L1.2 448.7c-4.39 10.77 3.81 22.47 15.43 22.03l52.69-2.01L105.56 507c8 8.44 22.04 5.81 26.43-4.96l52.05-127.62c-10.84 6.04-22.87 9.58-35.31 9.58-19.5 0-37.82-7.59-51.61-21.37zM382.8 448.7l-45.37-111.24c-7.56 5.88-15.92 10.77-25.43 13.32-21.07 5.64-16.45 3.18-25.12 11.85-13.79 13.78-32.12 21.37-51.62 21.37-12.44 0-24.47-3.55-35.31-9.58L252 502.04c4.39 10.77 18.44 13.4 26.43 4.96l36.25-38.28 52.69 2.01c11.62.44 19.82-11.27 15.43-22.03zM263 340c15.28-15.55 17.03-14.21 38.79-20.14 13.89-3.79 24.75-14.84 28.47-28.98 7.48-28.4 5.54-24.97 25.95-45.75 10.17-10.35 14.14-25.44 10.42-39.58-7.47-28.38-7.48-24.42 0-52.83 3.72-14.14-.25-29.23-10.42-39.58-20.41-20.78-18.47-17.36-25.95-45.75-3.72-14.14-14.58-25.19-28.47-28.98-27.88-7.61-24.52-5.62-44.95-26.41-10.17-10.35-25-14.4-38.89-10.61-27.87 7.6-23.98 7.61-51.9 0-13.89-3.79-28.72.25-38.89 10.61-20.41 20.78-17.05 18.8-44.94 26.41-13.89 3.79-24.75 14.84-28.47 28.98-7.47 28.39-5.54 24.97-25.95 45.75-10.17 10.35-14.15 25.44-10.42 39.58 7.47 28.36 7.48 24.4 0 52.82-3.72 14.14.25 29.23 10.42 39.59 20.41 20.78 18.47 17.35 25.95 45.75 3.72 14.14 14.58 25.19 28.47 28.98C104.6 325.96 106.27 325 121 340c13.23 13.47 33.84 15.88 49.74 5.82a39.676 39.676 0 0 1 42.53 0c15.89 10.06 36.5 7.65 49.73-5.82zM97.66 175.96c0-53.03 42.24-96.02 94.34-96.02s94.34 42.99 94.34 96.02-42.24 96.02-94.34 96.02-94.34-42.99-94.34-96.02z\"><\/path><\/svg><\/span><span class=\"gb-headline-text\">Depuis 7 ans dans 7 villes<\/span><\/h3>\n\n\n\n<p class=\"gb-headline gb-headline-5447bed3 gb-headline-text\">Personne n&rsquo;a plus d&rsquo;exp\u00e9rience : depuis sept ans, nous cr\u00e9ons des sourcils et des cils parfaits pour nos clientes, dans sept villes maintenant.<\/p>\n\n<\/div><\/div><\/div>\n\n<div class=\"gb-grid-column gb-grid-column-5c8f6138\"><div class=\"gb-container gb-container-5c8f6138\"><div class=\"gb-inside-container\">\n\n<h3 class=\"gb-headline gb-headline-aabe8f9a\"><span class=\"gb-icon\"><svg xmlns=\"http:\/\/www.w3.org\/2000\/svg\" aria-hidden=\"true\" role=\"img\" height=\"1em\" width=\"1em\" viewbox=\"0 0 384 512\"><path fill=\"currentColor\" d=\"M97.12 362.63c-8.69-8.69-4.16-6.24-25.12-11.85-9.51-2.55-17.87-7.45-25.43-13.32L1.2 448.7c-4.39 10.77 3.81 22.47 15.43 22.03l52.69-2.01L105.56 507c8 8.44 22.04 5.81 26.43-4.96l52.05-127.62c-10.84 6.04-22.87 9.58-35.31 9.58-19.5 0-37.82-7.59-51.61-21.37zM382.8 448.7l-45.37-111.24c-7.56 5.88-15.92 10.77-25.43 13.32-21.07 5.64-16.45 3.18-25.12 11.85-13.79 13.78-32.12 21.37-51.62 21.37-12.44 0-24.47-3.55-35.31-9.58L252 502.04c4.39 10.77 18.44 13.4 26.43 4.96l36.25-38.28 52.69 2.01c11.62.44 19.82-11.27 15.43-22.03zM263 340c15.28-15.55 17.03-14.21 38.79-20.14 13.89-3.79 24.75-14.84 28.47-28.98 7.48-28.4 5.54-24.97 25.95-45.75 10.17-10.35 14.14-25.44 10.42-39.58-7.47-28.38-7.48-24.42 0-52.83 3.72-14.14-.25-29.23-10.42-39.58-20.41-20.78-18.47-17.36-25.95-45.75-3.72-14.14-14.58-25.19-28.47-28.98-27.88-7.61-24.52-5.62-44.95-26.41-10.17-10.35-25-14.4-38.89-10.61-27.87 7.6-23.98 7.61-51.9 0-13.89-3.79-28.72.25-38.89 10.61-20.41 20.78-17.05 18.8-44.94 26.41-13.89 3.79-24.75 14.84-28.47 28.98-7.47 28.39-5.54 24.97-25.95 45.75-10.17 10.35-14.15 25.44-10.42 39.58 7.47 28.36 7.48 24.4 0 52.82-3.72 14.14.25 29.23 10.42 39.59 20.41 20.78 18.47 17.35 25.95 45.75 3.72 14.14 14.58 25.19 28.47 28.98C104.6 325.96 106.27 325 121 340c13.23 13.47 33.84 15.88 49.74 5.82a39.676 39.676 0 0 1 42.53 0c15.89 10.06 36.5 7.65 49.73-5.82zM97.66 175.96c0-53.03 42.24-96.02 94.34-96.02s94.34 42.99 94.34 96.02-42.24 96.02-94.34 96.02-94.34-42.99-94.34-96.02z\"><\/path><\/svg><\/span><span class=\"gb-headline-text\">Des milliers de clients satisfaits<\/span><\/h3>\n\n\n\n<p class=\"gb-headline gb-headline-f2e8826e gb-headline-text\">Nous traitons des milliers de clients chaque ann\u00e9e, le taux de satisfaction est de 99,98 %.<\/p>\n\n<\/div><\/div><\/div>\n<\/div>\n<\/div><\/div>","protected":false},"excerpt":{"rendered":"","protected":false},"author":1,"featured_media":0,"parent":0,"menu_order":0,"comment_status":"closed","ping_status":"closed","template":"","meta":{"footnotes":""},"class_list":["post-2182","page","type-page","status-publish"],"yoast_head":"<!-- This site is optimized with the Yoast SEO plugin v27.5 - https:\/\/yoast.com\/product\/yoast-seo-wordpress\/ -->\n<title>\u00c9pilation | Lovely Brows<\/title>\n<meta name=\"description\" content=\"Nous proposons des services d&#039;\u00e9pilation au fil et \u00e0 la cire (waxing). Pour le visage, nous travaillons avec le fil, pour le corps avec la cire.\" \/>\n<meta name=\"robots\" content=\"index, follow, max-snippet:-1, max-image-preview:large, max-video-preview:-1\" \/>\n<link rel=\"canonical\" href=\"https:\/\/lovelybrows.ch\/fr\/epilation\/\" \/>\n<meta property=\"og:locale\" content=\"fr_FR\" \/>\n<meta property=\"og:type\" content=\"article\" \/>\n<meta property=\"og:title\" content=\"\u00c9pilation | Lovely Brows\" \/>\n<meta property=\"og:description\" content=\"Nous proposons des services d&#039;\u00e9pilation au fil et \u00e0 la cire (waxing). Pour le visage, nous travaillons avec le fil, pour le corps avec la cire.\" \/>\n<meta property=\"og:url\" content=\"https:\/\/lovelybrows.ch\/fr\/epilation\/\" \/>\n<meta property=\"og:site_name\" content=\"Lovely Brows - perfekte Augenbrauen &amp; Wimpern\" \/>\n<meta property=\"article:publisher\" content=\"https:\/\/www.facebook.com\/lovelybrows\" \/>\n<meta property=\"article:modified_time\" content=\"2024-05-16T12:51:49+00:00\" \/>\n<meta property=\"og:image\" content=\"https:\/\/neu.lovelybrows.cyon.site\/neu\/wp-content\/uploads\/2021\/12\/CAP_LovelyBrows-komp-9.png\" \/>\n<meta name=\"twitter:card\" content=\"summary_large_image\" \/>\n<meta name=\"twitter:label1\" content=\"Dur\u00e9e de lecture estim\u00e9e\" \/>\n\t<meta name=\"twitter:data1\" content=\"1 minute\" \/>\n<script type=\"application\/ld+json\" class=\"yoast-schema-graph\">{\"@context\":\"https:\\\/\\\/schema.org\",\"@graph\":[{\"@type\":\"WebPage\",\"@id\":\"https:\\\/\\\/lovelybrows.ch\\\/fr\\\/epilation\\\/\",\"url\":\"https:\\\/\\\/lovelybrows.ch\\\/fr\\\/epilation\\\/\",\"name\":\"\u00c9pilation | Lovely Brows\",\"isPartOf\":{\"@id\":\"https:\\\/\\\/lovelybrows.ch\\\/#website\"},\"primaryImageOfPage\":{\"@id\":\"https:\\\/\\\/lovelybrows.ch\\\/fr\\\/epilation\\\/#primaryimage\"},\"image\":{\"@id\":\"https:\\\/\\\/lovelybrows.ch\\\/fr\\\/epilation\\\/#primaryimage\"},\"thumbnailUrl\":\"https:\\\/\\\/neu.lovelybrows.cyon.site\\\/neu\\\/wp-content\\\/uploads\\\/2021\\\/12\\\/CAP_LovelyBrows-komp-9.png\",\"datePublished\":\"2022-01-11T16:43:00+00:00\",\"dateModified\":\"2024-05-16T12:51:49+00:00\",\"description\":\"Nous proposons des services d'\u00e9pilation au fil et \u00e0 la cire (waxing). Pour le visage, nous travaillons avec le fil, pour le corps avec la cire.\",\"breadcrumb\":{\"@id\":\"https:\\\/\\\/lovelybrows.ch\\\/fr\\\/epilation\\\/#breadcrumb\"},\"inLanguage\":\"fr-FR\",\"potentialAction\":[{\"@type\":\"ReadAction\",\"target\":[\"https:\\\/\\\/lovelybrows.ch\\\/fr\\\/epilation\\\/\"]}]},{\"@type\":\"ImageObject\",\"inLanguage\":\"fr-FR\",\"@id\":\"https:\\\/\\\/lovelybrows.ch\\\/fr\\\/epilation\\\/#primaryimage\",\"url\":\"https:\\\/\\\/neu.lovelybrows.cyon.site\\\/neu\\\/wp-content\\\/uploads\\\/2021\\\/12\\\/CAP_LovelyBrows-komp-9.png\",\"contentUrl\":\"https:\\\/\\\/neu.lovelybrows.cyon.site\\\/neu\\\/wp-content\\\/uploads\\\/2021\\\/12\\\/CAP_LovelyBrows-komp-9.png\"},{\"@type\":\"BreadcrumbList\",\"@id\":\"https:\\\/\\\/lovelybrows.ch\\\/fr\\\/epilation\\\/#breadcrumb\",\"itemListElement\":[{\"@type\":\"ListItem\",\"position\":1,\"name\":\"Startseite\",\"item\":\"https:\\\/\\\/lovelybrows.ch\\\/fr\\\/\"},{\"@type\":\"ListItem\",\"position\":2,\"name\":\"\u00c9pilation\"}]},{\"@type\":\"WebSite\",\"@id\":\"https:\\\/\\\/lovelybrows.ch\\\/#website\",\"url\":\"https:\\\/\\\/lovelybrows.ch\\\/\",\"name\":\"Lovely Brows - perfekte Augenbrauen &amp; Wimpern\",\"description\":\"Perfekte Wimpern und Augenbrauen ohne Termin.\",\"publisher\":{\"@id\":\"https:\\\/\\\/lovelybrows.ch\\\/#organization\"},\"potentialAction\":[{\"@type\":\"SearchAction\",\"target\":{\"@type\":\"EntryPoint\",\"urlTemplate\":\"https:\\\/\\\/lovelybrows.ch\\\/?s={search_term_string}\"},\"query-input\":{\"@type\":\"PropertyValueSpecification\",\"valueRequired\":true,\"valueName\":\"search_term_string\"}}],\"inLanguage\":\"fr-FR\"},{\"@type\":\"Organization\",\"@id\":\"https:\\\/\\\/lovelybrows.ch\\\/#organization\",\"name\":\"Lovely Brows GmbH\",\"url\":\"https:\\\/\\\/lovelybrows.ch\\\/\",\"logo\":{\"@type\":\"ImageObject\",\"inLanguage\":\"fr-FR\",\"@id\":\"https:\\\/\\\/lovelybrows.ch\\\/#\\\/schema\\\/logo\\\/image\\\/\",\"url\":\"https:\\\/\\\/neu.lovelybrows.cyon.site\\\/neu\\\/wp-content\\\/uploads\\\/2021\\\/12\\\/lovely-brows-Logo_rgb-1.png\",\"contentUrl\":\"https:\\\/\\\/neu.lovelybrows.cyon.site\\\/neu\\\/wp-content\\\/uploads\\\/2021\\\/12\\\/lovely-brows-Logo_rgb-1.png\",\"width\":1576,\"height\":222,\"caption\":\"Lovely Brows GmbH\"},\"image\":{\"@id\":\"https:\\\/\\\/lovelybrows.ch\\\/#\\\/schema\\\/logo\\\/image\\\/\"},\"sameAs\":[\"https:\\\/\\\/www.facebook.com\\\/lovelybrows\",\"https:\\\/\\\/www.instagram.com\\\/lovelybrows_eyebrowdesign\\\/\",\"https:\\\/\\\/www.youtube.com\\\/channel\\\/UCDgUTnGnEDmOrZiwBZS6zOQ\"]}]}<\/script>\n<!-- \/ Yoast SEO plugin. -->","yoast_head_json":{"title":"\u00c9pilation | Lovely Brows","description":"Nous proposons des services d'\u00e9pilation au fil et \u00e0 la cire (waxing). Pour le visage, nous travaillons avec le fil, pour le corps avec la cire.","robots":{"index":"index","follow":"follow","max-snippet":"max-snippet:-1","max-image-preview":"max-image-preview:large","max-video-preview":"max-video-preview:-1"},"canonical":"https:\/\/lovelybrows.ch\/fr\/epilation\/","og_locale":"fr_FR","og_type":"article","og_title":"\u00c9pilation | Lovely Brows","og_description":"Nous proposons des services d'\u00e9pilation au fil et \u00e0 la cire (waxing). Pour le visage, nous travaillons avec le fil, pour le corps avec la cire.","og_url":"https:\/\/lovelybrows.ch\/fr\/epilation\/","og_site_name":"Lovely Brows - perfekte Augenbrauen &amp; Wimpern","article_publisher":"https:\/\/www.facebook.com\/lovelybrows","article_modified_time":"2024-05-16T12:51:49+00:00","og_image":[{"url":"https:\/\/neu.lovelybrows.cyon.site\/neu\/wp-content\/uploads\/2021\/12\/CAP_LovelyBrows-komp-9.png","type":"","width":"","height":""}],"twitter_card":"summary_large_image","twitter_misc":{"Dur\u00e9e de lecture estim\u00e9e":"1 minute"},"schema":{"@context":"https:\/\/schema.org","@graph":[{"@type":"WebPage","@id":"https:\/\/lovelybrows.ch\/fr\/epilation\/","url":"https:\/\/lovelybrows.ch\/fr\/epilation\/","name":"\u00c9pilation | Lovely Brows","isPartOf":{"@id":"https:\/\/lovelybrows.ch\/#website"},"primaryImageOfPage":{"@id":"https:\/\/lovelybrows.ch\/fr\/epilation\/#primaryimage"},"image":{"@id":"https:\/\/lovelybrows.ch\/fr\/epilation\/#primaryimage"},"thumbnailUrl":"https:\/\/neu.lovelybrows.cyon.site\/neu\/wp-content\/uploads\/2021\/12\/CAP_LovelyBrows-komp-9.png","datePublished":"2022-01-11T16:43:00+00:00","dateModified":"2024-05-16T12:51:49+00:00","description":"Nous proposons des services d'\u00e9pilation au fil et \u00e0 la cire (waxing). Pour le visage, nous travaillons avec le fil, pour le corps avec la cire.","breadcrumb":{"@id":"https:\/\/lovelybrows.ch\/fr\/epilation\/#breadcrumb"},"inLanguage":"fr-FR","potentialAction":[{"@type":"ReadAction","target":["https:\/\/lovelybrows.ch\/fr\/epilation\/"]}]},{"@type":"ImageObject","inLanguage":"fr-FR","@id":"https:\/\/lovelybrows.ch\/fr\/epilation\/#primaryimage","url":"https:\/\/neu.lovelybrows.cyon.site\/neu\/wp-content\/uploads\/2021\/12\/CAP_LovelyBrows-komp-9.png","contentUrl":"https:\/\/neu.lovelybrows.cyon.site\/neu\/wp-content\/uploads\/2021\/12\/CAP_LovelyBrows-komp-9.png"},{"@type":"BreadcrumbList","@id":"https:\/\/lovelybrows.ch\/fr\/epilation\/#breadcrumb","itemListElement":[{"@type":"ListItem","position":1,"name":"Startseite","item":"https:\/\/lovelybrows.ch\/fr\/"},{"@type":"ListItem","position":2,"name":"\u00c9pilation"}]},{"@type":"WebSite","@id":"https:\/\/lovelybrows.ch\/#website","url":"https:\/\/lovelybrows.ch\/","name":"Lovely Brows - perfekte Augenbrauen &amp; Wimpern","description":"Perfekte Wimpern und Augenbrauen ohne Termin.","publisher":{"@id":"https:\/\/lovelybrows.ch\/#organization"},"potentialAction":[{"@type":"SearchAction","target":{"@type":"EntryPoint","urlTemplate":"https:\/\/lovelybrows.ch\/?s={search_term_string}"},"query-input":{"@type":"PropertyValueSpecification","valueRequired":true,"valueName":"search_term_string"}}],"inLanguage":"fr-FR"},{"@type":"Organization","@id":"https:\/\/lovelybrows.ch\/#organization","name":"Lovely Brows GmbH","url":"https:\/\/lovelybrows.ch\/","logo":{"@type":"ImageObject","inLanguage":"fr-FR","@id":"https:\/\/lovelybrows.ch\/#\/schema\/logo\/image\/","url":"https:\/\/neu.lovelybrows.cyon.site\/neu\/wp-content\/uploads\/2021\/12\/lovely-brows-Logo_rgb-1.png","contentUrl":"https:\/\/neu.lovelybrows.cyon.site\/neu\/wp-content\/uploads\/2021\/12\/lovely-brows-Logo_rgb-1.png","width":1576,"height":222,"caption":"Lovely Brows GmbH"},"image":{"@id":"https:\/\/lovelybrows.ch\/#\/schema\/logo\/image\/"},"sameAs":["https:\/\/www.facebook.com\/lovelybrows","https:\/\/www.instagram.com\/lovelybrows_eyebrowdesign\/","https:\/\/www.youtube.com\/channel\/UCDgUTnGnEDmOrZiwBZS6zOQ"]}]}},"jetpack_sharing_enabled":true,"_links":{"self":[{"href":"https:\/\/lovelybrows.ch\/fr\/wp-json\/wp\/v2\/pages\/2182","targetHints":{"allow":["GET"]}}],"collection":[{"href":"https:\/\/lovelybrows.ch\/fr\/wp-json\/wp\/v2\/pages"}],"about":[{"href":"https:\/\/lovelybrows.ch\/fr\/wp-json\/wp\/v2\/types\/page"}],"author":[{"embeddable":true,"href":"https:\/\/lovelybrows.ch\/fr\/wp-json\/wp\/v2\/users\/1"}],"replies":[{"embeddable":true,"href":"https:\/\/lovelybrows.ch\/fr\/wp-json\/wp\/v2\/comments?post=2182"}],"version-history":[{"count":30,"href":"https:\/\/lovelybrows.ch\/fr\/wp-json\/wp\/v2\/pages\/2182\/revisions"}],"predecessor-version":[{"id":4911,"href":"https:\/\/lovelybrows.ch\/fr\/wp-json\/wp\/v2\/pages\/2182\/revisions\/4911"}],"wp:attachment":[{"href":"https:\/\/lovelybrows.ch\/fr\/wp-json\/wp\/v2\/media?parent=2182"}],"curies":[{"name":"wp","href":"https:\/\/api.w.org\/{rel}","templated":true}]}}