{"id":2180,"date":"2022-01-11T16:42:59","date_gmt":"2022-01-11T16:42:59","guid":{"rendered":"https:\/\/lovelybrows.ch\/bienne\/"},"modified":"2023-11-22T15:40:17","modified_gmt":"2023-11-22T15:40:17","slug":"bienne","status":"publish","type":"page","link":"https:\/\/lovelybrows.ch\/fr\/bienne\/","title":{"rendered":"Bienne"},"content":{"rendered":"<div class=\"gb-grid-wrapper gb-grid-wrapper-eccd7633\">\n<div class=\"gb-grid-column gb-grid-column-ce6f7338\"><div class=\"gb-container gb-container-ce6f7338\"><div class=\"gb-inside-container\">\n\n<h2 class=\"gb-headline gb-headline-696fb03a gb-headline-text\">Bienvenue \u00e0 Lovely Brows Bienne<\/h2>\n\n\n\n<p>Seevorstadt 66, 2502 Bienne<br\/><a href=\"mailto:welcome@lovelybrows.ch\" target=\"_blank\" rel=\"noreferrer noopener\">welcome(at)lovelybrows.ch<br\/><\/a>+41 77 447 09 90<\/p>\n\n\n\n<p>Si possible, envoie un message WhatsApp, nous te contacterons imm\u00e9diatement. Nous ne pouvons malheureusement pas toujours r\u00e9pondre aux appels t\u00e9l\u00e9phoniques.<\/p>\n\n\n\n<p>Lundi, mardi, mercredi et vendredi 9-19 h<br\/>Jeudi 9-21 h, samedi 9-17 h<br\/>Ferm\u00e9 le dimanche<\/p>\n\n\n\n<p>Voici nos heures d&rsquo;ouverture g\u00e9n\u00e9rales, avec des variations en cas de jours f\u00e9ri\u00e9s par exemple.<br\/>tu trouveras les derni\u00e8res informations sur <span style=\"text-decoration: underline;\">\n  <a href=\"https:\/\/g.page\/r\/CfM91PhGNognEBE\" target=\"_blank\" rel=\"noreferrer noopener\">Google.<\/a>\n<\/span><\/p>\n\n\n\n<p>Le Brow Bar Biel est accessible aux fauteuils roulants. Nous demandons aux utilisateurs de fauteuils roulants de nous contacter avant la premi\u00e8re<br\/>contacter le visiteur afin que nous puissions lui offrir une exp\u00e9rience optimale.<\/p>\n\n\n<div class=\"gb-button-wrapper gb-button-wrapper-0ff8e796\">\n\n<a class=\"gb-button gb-button-a58e70b7 gb-button-text\" href=\"https:\/\/goo.gl\/maps\/CyoBUHdhSELUJZBo9\" target=\"_blank\" rel=\"noopener noreferrer\">Voir sur Google Maps<\/a>\n\n<\/div>\n<\/div><\/div><\/div>\n\n<div class=\"gb-grid-column gb-grid-column-797ce70d\"><div class=\"gb-container gb-container-797ce70d\"><div class=\"gb-inside-container\">\n\n<figure class=\"wp-block-gallery has-nested-images columns-default is-cropped wp-block-gallery-1 is-layout-flex wp-block-gallery-is-layout-flex\">\n<figure class=\"wp-block-image size-large\"><img loading=\"lazy\" decoding=\"async\" width=\"2560\" height=\"1707\" data-id=\"2499\" src=\"https:\/\/lovelybrows.ch\/wp-content\/uploads\/2022\/03\/CAP_LovelyBrowsBiel-2-min-scaled.jpg\" alt=\"\" class=\"wp-image-2499\" srcset=\"https:\/\/lovelybrows.ch\/wp-content\/uploads\/2022\/03\/CAP_LovelyBrowsBiel-2-min-scaled.jpg 2560w, https:\/\/lovelybrows.ch\/wp-content\/uploads\/2022\/03\/CAP_LovelyBrowsBiel-2-min-300x200.jpg 300w, https:\/\/lovelybrows.ch\/wp-content\/uploads\/2022\/03\/CAP_LovelyBrowsBiel-2-min-1024x683.jpg 1024w, https:\/\/lovelybrows.ch\/wp-content\/uploads\/2022\/03\/CAP_LovelyBrowsBiel-2-min-768x512.jpg 768w, https:\/\/lovelybrows.ch\/wp-content\/uploads\/2022\/03\/CAP_LovelyBrowsBiel-2-min-1536x1024.jpg 1536w, https:\/\/lovelybrows.ch\/wp-content\/uploads\/2022\/03\/CAP_LovelyBrowsBiel-2-min-2048x1365.jpg 2048w, https:\/\/lovelybrows.ch\/wp-content\/uploads\/2022\/03\/CAP_LovelyBrowsBiel-2-min-600x400.jpg 600w\" sizes=\"auto, (max-width: 2560px) 100vw, 2560px\" \/><\/figure>\n\n\n\n<figure class=\"wp-block-image size-large\"><img loading=\"lazy\" decoding=\"async\" width=\"2560\" height=\"1707\" data-id=\"2493\" src=\"https:\/\/lovelybrows.ch\/wp-content\/uploads\/2022\/03\/CAP_LovelyBrowsBiel-45-min-scaled.jpg\" alt=\"\" class=\"wp-image-2493\" srcset=\"https:\/\/lovelybrows.ch\/wp-content\/uploads\/2022\/03\/CAP_LovelyBrowsBiel-45-min-scaled.jpg 2560w, https:\/\/lovelybrows.ch\/wp-content\/uploads\/2022\/03\/CAP_LovelyBrowsBiel-45-min-300x200.jpg 300w, https:\/\/lovelybrows.ch\/wp-content\/uploads\/2022\/03\/CAP_LovelyBrowsBiel-45-min-1024x683.jpg 1024w, https:\/\/lovelybrows.ch\/wp-content\/uploads\/2022\/03\/CAP_LovelyBrowsBiel-45-min-768x512.jpg 768w, https:\/\/lovelybrows.ch\/wp-content\/uploads\/2022\/03\/CAP_LovelyBrowsBiel-45-min-1536x1024.jpg 1536w, https:\/\/lovelybrows.ch\/wp-content\/uploads\/2022\/03\/CAP_LovelyBrowsBiel-45-min-2048x1365.jpg 2048w, https:\/\/lovelybrows.ch\/wp-content\/uploads\/2022\/03\/CAP_LovelyBrowsBiel-45-min-600x400.jpg 600w\" sizes=\"auto, (max-width: 2560px) 100vw, 2560px\" \/><\/figure>\n\n\n\n<figure class=\"wp-block-image size-large\"><img loading=\"lazy\" decoding=\"async\" width=\"2560\" height=\"1707\" data-id=\"2496\" src=\"https:\/\/lovelybrows.ch\/wp-content\/uploads\/2022\/03\/CAP_LovelyBrowsBiel-52-min-scaled.jpg\" alt=\"\" class=\"wp-image-2496\" srcset=\"https:\/\/lovelybrows.ch\/wp-content\/uploads\/2022\/03\/CAP_LovelyBrowsBiel-52-min-scaled.jpg 2560w, https:\/\/lovelybrows.ch\/wp-content\/uploads\/2022\/03\/CAP_LovelyBrowsBiel-52-min-300x200.jpg 300w, https:\/\/lovelybrows.ch\/wp-content\/uploads\/2022\/03\/CAP_LovelyBrowsBiel-52-min-1024x683.jpg 1024w, https:\/\/lovelybrows.ch\/wp-content\/uploads\/2022\/03\/CAP_LovelyBrowsBiel-52-min-768x512.jpg 768w, https:\/\/lovelybrows.ch\/wp-content\/uploads\/2022\/03\/CAP_LovelyBrowsBiel-52-min-1536x1024.jpg 1536w, https:\/\/lovelybrows.ch\/wp-content\/uploads\/2022\/03\/CAP_LovelyBrowsBiel-52-min-2048x1365.jpg 2048w, https:\/\/lovelybrows.ch\/wp-content\/uploads\/2022\/03\/CAP_LovelyBrowsBiel-52-min-600x400.jpg 600w\" sizes=\"auto, (max-width: 2560px) 100vw, 2560px\" \/><\/figure>\n\n\n\n<figure class=\"wp-block-image size-large\"><img loading=\"lazy\" decoding=\"async\" width=\"2560\" height=\"1707\" data-id=\"2502\" src=\"https:\/\/lovelybrows.ch\/wp-content\/uploads\/2022\/03\/CAP_LovelyBrowsBiel-35-min-scaled.jpg\" alt=\"\" class=\"wp-image-2502\" srcset=\"https:\/\/lovelybrows.ch\/wp-content\/uploads\/2022\/03\/CAP_LovelyBrowsBiel-35-min-scaled.jpg 2560w, https:\/\/lovelybrows.ch\/wp-content\/uploads\/2022\/03\/CAP_LovelyBrowsBiel-35-min-300x200.jpg 300w, https:\/\/lovelybrows.ch\/wp-content\/uploads\/2022\/03\/CAP_LovelyBrowsBiel-35-min-1024x683.jpg 1024w, https:\/\/lovelybrows.ch\/wp-content\/uploads\/2022\/03\/CAP_LovelyBrowsBiel-35-min-768x512.jpg 768w, https:\/\/lovelybrows.ch\/wp-content\/uploads\/2022\/03\/CAP_LovelyBrowsBiel-35-min-1536x1024.jpg 1536w, https:\/\/lovelybrows.ch\/wp-content\/uploads\/2022\/03\/CAP_LovelyBrowsBiel-35-min-2048x1365.jpg 2048w, https:\/\/lovelybrows.ch\/wp-content\/uploads\/2022\/03\/CAP_LovelyBrowsBiel-35-min-600x400.jpg 600w\" sizes=\"auto, (max-width: 2560px) 100vw, 2560px\" \/><\/figure>\n\n\n\n<figure class=\"wp-block-image size-large\"><img loading=\"lazy\" decoding=\"async\" width=\"2560\" height=\"1707\" data-id=\"2505\" src=\"https:\/\/lovelybrows.ch\/wp-content\/uploads\/2022\/03\/CAP_LovelyBrowsBiel-37-min-scaled.jpg\" alt=\"\" class=\"wp-image-2505\" srcset=\"https:\/\/lovelybrows.ch\/wp-content\/uploads\/2022\/03\/CAP_LovelyBrowsBiel-37-min-scaled.jpg 2560w, https:\/\/lovelybrows.ch\/wp-content\/uploads\/2022\/03\/CAP_LovelyBrowsBiel-37-min-300x200.jpg 300w, https:\/\/lovelybrows.ch\/wp-content\/uploads\/2022\/03\/CAP_LovelyBrowsBiel-37-min-1024x683.jpg 1024w, https:\/\/lovelybrows.ch\/wp-content\/uploads\/2022\/03\/CAP_LovelyBrowsBiel-37-min-768x512.jpg 768w, https:\/\/lovelybrows.ch\/wp-content\/uploads\/2022\/03\/CAP_LovelyBrowsBiel-37-min-1536x1024.jpg 1536w, https:\/\/lovelybrows.ch\/wp-content\/uploads\/2022\/03\/CAP_LovelyBrowsBiel-37-min-2048x1365.jpg 2048w, https:\/\/lovelybrows.ch\/wp-content\/uploads\/2022\/03\/CAP_LovelyBrowsBiel-37-min-600x400.jpg 600w\" sizes=\"auto, (max-width: 2560px) 100vw, 2560px\" \/><\/figure>\n<\/figure>\n\n<\/div><\/div><\/div>\n<\/div><div class=\"gb-grid-wrapper gb-grid-wrapper-cf745fc6\">\n<div class=\"gb-grid-column gb-grid-column-7b935af1\"><div class=\"gb-container gb-container-7b935af1\"><div class=\"gb-inside-container\">\n\n<h2 class=\"gb-headline gb-headline-13e2810f gb-headline-text\">Offre &amp; taux d&rsquo;occupation \u00e0 Bienne<\/h2>\n\n\n\n<hr class=\"wp-block-separator has-text-color has-contrast-color has-css-opacity has-contrast-background-color has-background\"\/>\n\n\n\n<p>Dans le Brow Bar Bienne, nous proposons tous les traitements incl. L&rsquo;\u00e9pilation.<\/p>\n\n\n\n<p>Nous avons \u00e0 chaque fois suffisamment de personnel sur place pour qu&rsquo;il n&rsquo;y ait pas ou peu de temps d&rsquo;attente. Si tu es flexible, nous te conseillons de venir le matin et\/ou le lundi ou le mardi, c&rsquo;est \u00e0 ce moment-l\u00e0 que le taux d&rsquo;occupation est le plus faible.<\/p>\n\n\n<div class=\"gb-button-wrapper gb-button-wrapper-c71ffa5a\">\n\n<a class=\"gb-button gb-button-cd09b1a4 gb-button-text\" href=\"https:\/\/lovelybrows.ch\/fr\/offrir\/\">DECOUVRIR<\/a>\n\n<\/div>\n<\/div><\/div><\/div>\n<\/div>\n<p><\/p>\n","protected":false},"excerpt":{"rendered":"","protected":false},"author":1,"featured_media":0,"parent":0,"menu_order":0,"comment_status":"closed","ping_status":"closed","template":"","meta":{"footnotes":""},"class_list":["post-2180","page","type-page","status-publish"],"yoast_head":"<!-- This site is optimized with the Yoast SEO plugin v27.4 - https:\/\/yoast.com\/product\/yoast-seo-wordpress\/ -->\n<title>Brow Bar Lovely Brows Bienne |<\/title>\n<meta name=\"description\" content=\"Bienvenue chez Lovely Brows Bienne Vous trouverez ici toutes les informations sur cet emplacement telles que les offres, les prix, les options de contact et les directions.\" \/>\n<meta name=\"robots\" content=\"index, follow, max-snippet:-1, max-image-preview:large, max-video-preview:-1\" \/>\n<link rel=\"canonical\" href=\"https:\/\/lovelybrows.ch\/fr\/bienne\/\" \/>\n<meta property=\"og:locale\" content=\"fr_FR\" \/>\n<meta property=\"og:type\" content=\"article\" \/>\n<meta property=\"og:title\" content=\"Brow Bar Lovely Brows Bienne |\" \/>\n<meta property=\"og:description\" content=\"Bienvenue chez Lovely Brows Bienne Vous trouverez ici toutes les informations sur cet emplacement telles que les offres, les prix, les options de contact et les directions.\" \/>\n<meta property=\"og:url\" content=\"https:\/\/lovelybrows.ch\/fr\/bienne\/\" \/>\n<meta property=\"og:site_name\" content=\"Lovely Brows - perfekte Augenbrauen &amp; Wimpern\" \/>\n<meta property=\"article:publisher\" content=\"https:\/\/www.facebook.com\/lovelybrows\" \/>\n<meta property=\"article:modified_time\" content=\"2023-11-22T15:40:17+00:00\" \/>\n<meta property=\"og:image\" content=\"https:\/\/lovelybrows.ch\/wp-content\/uploads\/2022\/03\/CAP_LovelyBrowsBiel-2-min-scaled.jpg\" \/>\n<meta name=\"twitter:card\" content=\"summary_large_image\" \/>\n<meta name=\"twitter:label1\" content=\"Dur\u00e9e de lecture estim\u00e9e\" \/>\n\t<meta name=\"twitter:data1\" content=\"1 minute\" \/>\n<script type=\"application\/ld+json\" class=\"yoast-schema-graph\">{\"@context\":\"https:\\\/\\\/schema.org\",\"@graph\":[{\"@type\":\"WebPage\",\"@id\":\"https:\\\/\\\/lovelybrows.ch\\\/fr\\\/bienne\\\/\",\"url\":\"https:\\\/\\\/lovelybrows.ch\\\/fr\\\/bienne\\\/\",\"name\":\"Brow Bar Lovely Brows Bienne |\",\"isPartOf\":{\"@id\":\"https:\\\/\\\/lovelybrows.ch\\\/#website\"},\"primaryImageOfPage\":{\"@id\":\"https:\\\/\\\/lovelybrows.ch\\\/fr\\\/bienne\\\/#primaryimage\"},\"image\":{\"@id\":\"https:\\\/\\\/lovelybrows.ch\\\/fr\\\/bienne\\\/#primaryimage\"},\"thumbnailUrl\":\"https:\\\/\\\/lovelybrows.ch\\\/wp-content\\\/uploads\\\/2022\\\/03\\\/CAP_LovelyBrowsBiel-2-min-scaled.jpg\",\"datePublished\":\"2022-01-11T16:42:59+00:00\",\"dateModified\":\"2023-11-22T15:40:17+00:00\",\"description\":\"Bienvenue chez Lovely Brows Bienne Vous trouverez ici toutes les informations sur cet emplacement telles que les offres, les prix, les options de contact et les directions.\",\"breadcrumb\":{\"@id\":\"https:\\\/\\\/lovelybrows.ch\\\/fr\\\/bienne\\\/#breadcrumb\"},\"inLanguage\":\"fr-FR\",\"potentialAction\":[{\"@type\":\"ReadAction\",\"target\":[\"https:\\\/\\\/lovelybrows.ch\\\/fr\\\/bienne\\\/\"]}]},{\"@type\":\"ImageObject\",\"inLanguage\":\"fr-FR\",\"@id\":\"https:\\\/\\\/lovelybrows.ch\\\/fr\\\/bienne\\\/#primaryimage\",\"url\":\"https:\\\/\\\/lovelybrows.ch\\\/wp-content\\\/uploads\\\/2022\\\/03\\\/CAP_LovelyBrowsBiel-2-min-scaled.jpg\",\"contentUrl\":\"https:\\\/\\\/lovelybrows.ch\\\/wp-content\\\/uploads\\\/2022\\\/03\\\/CAP_LovelyBrowsBiel-2-min-scaled.jpg\"},{\"@type\":\"BreadcrumbList\",\"@id\":\"https:\\\/\\\/lovelybrows.ch\\\/fr\\\/bienne\\\/#breadcrumb\",\"itemListElement\":[{\"@type\":\"ListItem\",\"position\":1,\"name\":\"Startseite\",\"item\":\"https:\\\/\\\/lovelybrows.ch\\\/fr\\\/\"},{\"@type\":\"ListItem\",\"position\":2,\"name\":\"Bienne\"}]},{\"@type\":\"WebSite\",\"@id\":\"https:\\\/\\\/lovelybrows.ch\\\/#website\",\"url\":\"https:\\\/\\\/lovelybrows.ch\\\/\",\"name\":\"Lovely Brows - perfekte Augenbrauen &amp; Wimpern\",\"description\":\"Perfekte Wimpern und Augenbrauen ohne Termin.\",\"publisher\":{\"@id\":\"https:\\\/\\\/lovelybrows.ch\\\/#organization\"},\"potentialAction\":[{\"@type\":\"SearchAction\",\"target\":{\"@type\":\"EntryPoint\",\"urlTemplate\":\"https:\\\/\\\/lovelybrows.ch\\\/?s={search_term_string}\"},\"query-input\":{\"@type\":\"PropertyValueSpecification\",\"valueRequired\":true,\"valueName\":\"search_term_string\"}}],\"inLanguage\":\"fr-FR\"},{\"@type\":\"Organization\",\"@id\":\"https:\\\/\\\/lovelybrows.ch\\\/#organization\",\"name\":\"Lovely Brows GmbH\",\"url\":\"https:\\\/\\\/lovelybrows.ch\\\/\",\"logo\":{\"@type\":\"ImageObject\",\"inLanguage\":\"fr-FR\",\"@id\":\"https:\\\/\\\/lovelybrows.ch\\\/#\\\/schema\\\/logo\\\/image\\\/\",\"url\":\"https:\\\/\\\/neu.lovelybrows.cyon.site\\\/neu\\\/wp-content\\\/uploads\\\/2021\\\/12\\\/lovely-brows-Logo_rgb-1.png\",\"contentUrl\":\"https:\\\/\\\/neu.lovelybrows.cyon.site\\\/neu\\\/wp-content\\\/uploads\\\/2021\\\/12\\\/lovely-brows-Logo_rgb-1.png\",\"width\":1576,\"height\":222,\"caption\":\"Lovely Brows GmbH\"},\"image\":{\"@id\":\"https:\\\/\\\/lovelybrows.ch\\\/#\\\/schema\\\/logo\\\/image\\\/\"},\"sameAs\":[\"https:\\\/\\\/www.facebook.com\\\/lovelybrows\",\"https:\\\/\\\/www.instagram.com\\\/lovelybrows_eyebrowdesign\\\/\",\"https:\\\/\\\/www.youtube.com\\\/channel\\\/UCDgUTnGnEDmOrZiwBZS6zOQ\"]}]}<\/script>\n<!-- \/ Yoast SEO plugin. -->","yoast_head_json":{"title":"Brow Bar Lovely Brows Bienne |","description":"Bienvenue chez Lovely Brows Bienne Vous trouverez ici toutes les informations sur cet emplacement telles que les offres, les prix, les options de contact et les directions.","robots":{"index":"index","follow":"follow","max-snippet":"max-snippet:-1","max-image-preview":"max-image-preview:large","max-video-preview":"max-video-preview:-1"},"canonical":"https:\/\/lovelybrows.ch\/fr\/bienne\/","og_locale":"fr_FR","og_type":"article","og_title":"Brow Bar Lovely Brows Bienne |","og_description":"Bienvenue chez Lovely Brows Bienne Vous trouverez ici toutes les informations sur cet emplacement telles que les offres, les prix, les options de contact et les directions.","og_url":"https:\/\/lovelybrows.ch\/fr\/bienne\/","og_site_name":"Lovely Brows - perfekte Augenbrauen &amp; Wimpern","article_publisher":"https:\/\/www.facebook.com\/lovelybrows","article_modified_time":"2023-11-22T15:40:17+00:00","og_image":[{"url":"https:\/\/lovelybrows.ch\/wp-content\/uploads\/2022\/03\/CAP_LovelyBrowsBiel-2-min-scaled.jpg","type":"","width":"","height":""}],"twitter_card":"summary_large_image","twitter_misc":{"Dur\u00e9e de lecture estim\u00e9e":"1 minute"},"schema":{"@context":"https:\/\/schema.org","@graph":[{"@type":"WebPage","@id":"https:\/\/lovelybrows.ch\/fr\/bienne\/","url":"https:\/\/lovelybrows.ch\/fr\/bienne\/","name":"Brow Bar Lovely Brows Bienne |","isPartOf":{"@id":"https:\/\/lovelybrows.ch\/#website"},"primaryImageOfPage":{"@id":"https:\/\/lovelybrows.ch\/fr\/bienne\/#primaryimage"},"image":{"@id":"https:\/\/lovelybrows.ch\/fr\/bienne\/#primaryimage"},"thumbnailUrl":"https:\/\/lovelybrows.ch\/wp-content\/uploads\/2022\/03\/CAP_LovelyBrowsBiel-2-min-scaled.jpg","datePublished":"2022-01-11T16:42:59+00:00","dateModified":"2023-11-22T15:40:17+00:00","description":"Bienvenue chez Lovely Brows Bienne Vous trouverez ici toutes les informations sur cet emplacement telles que les offres, les prix, les options de contact et les directions.","breadcrumb":{"@id":"https:\/\/lovelybrows.ch\/fr\/bienne\/#breadcrumb"},"inLanguage":"fr-FR","potentialAction":[{"@type":"ReadAction","target":["https:\/\/lovelybrows.ch\/fr\/bienne\/"]}]},{"@type":"ImageObject","inLanguage":"fr-FR","@id":"https:\/\/lovelybrows.ch\/fr\/bienne\/#primaryimage","url":"https:\/\/lovelybrows.ch\/wp-content\/uploads\/2022\/03\/CAP_LovelyBrowsBiel-2-min-scaled.jpg","contentUrl":"https:\/\/lovelybrows.ch\/wp-content\/uploads\/2022\/03\/CAP_LovelyBrowsBiel-2-min-scaled.jpg"},{"@type":"BreadcrumbList","@id":"https:\/\/lovelybrows.ch\/fr\/bienne\/#breadcrumb","itemListElement":[{"@type":"ListItem","position":1,"name":"Startseite","item":"https:\/\/lovelybrows.ch\/fr\/"},{"@type":"ListItem","position":2,"name":"Bienne"}]},{"@type":"WebSite","@id":"https:\/\/lovelybrows.ch\/#website","url":"https:\/\/lovelybrows.ch\/","name":"Lovely Brows - perfekte Augenbrauen &amp; Wimpern","description":"Perfekte Wimpern und Augenbrauen ohne Termin.","publisher":{"@id":"https:\/\/lovelybrows.ch\/#organization"},"potentialAction":[{"@type":"SearchAction","target":{"@type":"EntryPoint","urlTemplate":"https:\/\/lovelybrows.ch\/?s={search_term_string}"},"query-input":{"@type":"PropertyValueSpecification","valueRequired":true,"valueName":"search_term_string"}}],"inLanguage":"fr-FR"},{"@type":"Organization","@id":"https:\/\/lovelybrows.ch\/#organization","name":"Lovely Brows GmbH","url":"https:\/\/lovelybrows.ch\/","logo":{"@type":"ImageObject","inLanguage":"fr-FR","@id":"https:\/\/lovelybrows.ch\/#\/schema\/logo\/image\/","url":"https:\/\/neu.lovelybrows.cyon.site\/neu\/wp-content\/uploads\/2021\/12\/lovely-brows-Logo_rgb-1.png","contentUrl":"https:\/\/neu.lovelybrows.cyon.site\/neu\/wp-content\/uploads\/2021\/12\/lovely-brows-Logo_rgb-1.png","width":1576,"height":222,"caption":"Lovely Brows GmbH"},"image":{"@id":"https:\/\/lovelybrows.ch\/#\/schema\/logo\/image\/"},"sameAs":["https:\/\/www.facebook.com\/lovelybrows","https:\/\/www.instagram.com\/lovelybrows_eyebrowdesign\/","https:\/\/www.youtube.com\/channel\/UCDgUTnGnEDmOrZiwBZS6zOQ"]}]}},"jetpack_sharing_enabled":true,"_links":{"self":[{"href":"https:\/\/lovelybrows.ch\/fr\/wp-json\/wp\/v2\/pages\/2180","targetHints":{"allow":["GET"]}}],"collection":[{"href":"https:\/\/lovelybrows.ch\/fr\/wp-json\/wp\/v2\/pages"}],"about":[{"href":"https:\/\/lovelybrows.ch\/fr\/wp-json\/wp\/v2\/types\/page"}],"author":[{"embeddable":true,"href":"https:\/\/lovelybrows.ch\/fr\/wp-json\/wp\/v2\/users\/1"}],"replies":[{"embeddable":true,"href":"https:\/\/lovelybrows.ch\/fr\/wp-json\/wp\/v2\/comments?post=2180"}],"version-history":[{"count":17,"href":"https:\/\/lovelybrows.ch\/fr\/wp-json\/wp\/v2\/pages\/2180\/revisions"}],"predecessor-version":[{"id":4602,"href":"https:\/\/lovelybrows.ch\/fr\/wp-json\/wp\/v2\/pages\/2180\/revisions\/4602"}],"wp:attachment":[{"href":"https:\/\/lovelybrows.ch\/fr\/wp-json\/wp\/v2\/media?parent=2180"}],"curies":[{"name":"wp","href":"https:\/\/api.w.org\/{rel}","templated":true}]}}