{"id":2149,"date":"2022-01-11T16:42:57","date_gmt":"2022-01-11T16:42:57","guid":{"rendered":"https:\/\/lovelybrows.ch\/soleure\/"},"modified":"2023-11-24T10:26:30","modified_gmt":"2023-11-24T10:26:30","slug":"soleure","status":"publish","type":"page","link":"https:\/\/lovelybrows.ch\/fr\/soleure\/","title":{"rendered":"Soleure"},"content":{"rendered":"<div class=\"gb-grid-wrapper gb-grid-wrapper-eccd7633\">\n<div class=\"gb-grid-column gb-grid-column-ce6f7338\"><div class=\"gb-container gb-container-ce6f7338\"><div class=\"gb-inside-container\">\n\n<h2 class=\"gb-headline gb-headline-696fb03a gb-headline-text\">Bienvenue \u00e0 Lovely Brows Soleure<\/h2>\n\n\n\n<p>Schmiedengasse 17, 4500 Soleure<br\/><a href=\"mailto:welcome@lovelybrows.ch\" target=\"_blank\" rel=\"noreferrer noopener\">welcome(at)lovelybrows.ch<br\/><\/a>+41 77 447 09 90<\/p>\n\n\n\n<p>Si possible, envoie un message WhatsApp, nous te contacterons imm\u00e9diatement. Nous ne pouvons malheureusement pas toujours r\u00e9pondre aux appels t\u00e9l\u00e9phoniques.<\/p>\n\n\n\n<p>Lundi, mardi, mercredi et vendredi 9-19 h<br\/>Jeudi 9 &#8211; 20, samedi 9 &#8211; 17<br\/>Ferm\u00e9 le dimanche<\/p>\n\n\n\n<p>Voici nos heures d&rsquo;ouverture g\u00e9n\u00e9rales, avec des variations en cas de jours f\u00e9ri\u00e9s par exemple.<br\/>tu trouveras les derni\u00e8res informations sur <span style=\"text-decoration: underline;\">\n  <a href=\"https:\/\/g.page\/r\/CUMjhmUvMZzdEBE\" target=\"_blank\" rel=\"noreferrer noopener\">Google.<\/a>\n<\/span><\/p>\n\n\n\n<p>Le Brow Bar Soltothurn n&rsquo;est pas directement accessible aux fauteuils roulants, il y a une marche \u00e0 franchir, voir photo. Nous demandons aux utilisateurs de fauteuils roulants int\u00e9ress\u00e9s de nous contacter afin que nous puissions clarifier si une visite serait possible.<\/p>\n\n\n<div class=\"gb-button-wrapper gb-button-wrapper-0ff8e796\">\n\n<a class=\"gb-button gb-button-a58e70b7 gb-button-text\" href=\"https:\/\/goo.gl\/maps\/3ZbxiEASENB5DtLG8\" target=\"_blank\" rel=\"noopener noreferrer\">Voir sur Google Maps<\/a>\n\n<\/div>\n<\/div><\/div><\/div>\n\n<div class=\"gb-grid-column gb-grid-column-a293bf42\"><div class=\"gb-container gb-container-a293bf42\"><div class=\"gb-inside-container\">\n<div class=\"gb-container gb-container-7b935af1\"><div class=\"gb-inside-container\">\n\n<h2 class=\"gb-headline gb-headline-13e2810f gb-headline-text\">Offre &amp; taux d&rsquo;occupation \u00e0 Soleure<\/h2>\n\n\n\n<hr class=\"wp-block-separator has-text-color has-contrast-color has-css-opacity has-contrast-background-color has-background\"\/>\n\n\n\n<p>Dans le Brow Bar Solothurn, nous proposons tous les traitements \u00e0 l&rsquo;exception de waxing.<\/p>\n\n\n\n<p>Nous avons \u00e0 chaque fois suffisamment de personnel sur place pour qu&rsquo;il n&rsquo;y ait pas ou peu de temps d&rsquo;attente. Si tu es flexible, nous te conseillons de venir le matin et\/ou le lundi ou le mardi, c&rsquo;est \u00e0 ce moment-l\u00e0 que le taux d&rsquo;occupation est le plus faible.<\/p>\n\n\n<div class=\"gb-button-wrapper gb-button-wrapper-c71ffa5a\">\n\n<a class=\"gb-button gb-button-cd09b1a4 gb-button-text\" href=\"https:\/\/lovelybrows.ch\/fr\/offrir\/\">DECOUVRIR<\/a>\n\n<\/div>\n<\/div><\/div>\n\n\n<figure class=\"wp-block-gallery has-nested-images columns-default is-cropped wp-block-gallery-1 is-layout-flex wp-block-gallery-is-layout-flex\">\n<figure class=\"wp-block-image size-large\"><img loading=\"lazy\" decoding=\"async\" width=\"1024\" height=\"683\" data-id=\"2558\" src=\"https:\/\/lovelybrows.ch\/wp-content\/uploads\/2022\/04\/CAP_LovelyBrowsSolothurn_komp-8-Kopie-1024x683.jpg\" alt=\"\" class=\"wp-image-2558\" srcset=\"https:\/\/lovelybrows.ch\/wp-content\/uploads\/2022\/04\/CAP_LovelyBrowsSolothurn_komp-8-Kopie-1024x683.jpg 1024w, https:\/\/lovelybrows.ch\/wp-content\/uploads\/2022\/04\/CAP_LovelyBrowsSolothurn_komp-8-Kopie-300x200.jpg 300w, https:\/\/lovelybrows.ch\/wp-content\/uploads\/2022\/04\/CAP_LovelyBrowsSolothurn_komp-8-Kopie-768x512.jpg 768w, https:\/\/lovelybrows.ch\/wp-content\/uploads\/2022\/04\/CAP_LovelyBrowsSolothurn_komp-8-Kopie-1536x1024.jpg 1536w, https:\/\/lovelybrows.ch\/wp-content\/uploads\/2022\/04\/CAP_LovelyBrowsSolothurn_komp-8-Kopie-2048x1365.jpg 2048w, https:\/\/lovelybrows.ch\/wp-content\/uploads\/2022\/04\/CAP_LovelyBrowsSolothurn_komp-8-Kopie-600x400.jpg 600w\" sizes=\"auto, (max-width: 1024px) 100vw, 1024px\" \/><\/figure>\n\n\n\n<figure class=\"wp-block-image size-large\"><img loading=\"lazy\" decoding=\"async\" width=\"1024\" height=\"683\" data-id=\"2553\" src=\"https:\/\/lovelybrows.ch\/wp-content\/uploads\/2022\/04\/CAP_LovelyBrowsSolothurn_komp-5-Kopie-1024x683.jpg\" alt=\"\" class=\"wp-image-2553\" srcset=\"https:\/\/lovelybrows.ch\/wp-content\/uploads\/2022\/04\/CAP_LovelyBrowsSolothurn_komp-5-Kopie-1024x683.jpg 1024w, https:\/\/lovelybrows.ch\/wp-content\/uploads\/2022\/04\/CAP_LovelyBrowsSolothurn_komp-5-Kopie-300x200.jpg 300w, https:\/\/lovelybrows.ch\/wp-content\/uploads\/2022\/04\/CAP_LovelyBrowsSolothurn_komp-5-Kopie-768x512.jpg 768w, https:\/\/lovelybrows.ch\/wp-content\/uploads\/2022\/04\/CAP_LovelyBrowsSolothurn_komp-5-Kopie-1536x1024.jpg 1536w, https:\/\/lovelybrows.ch\/wp-content\/uploads\/2022\/04\/CAP_LovelyBrowsSolothurn_komp-5-Kopie-2048x1365.jpg 2048w, https:\/\/lovelybrows.ch\/wp-content\/uploads\/2022\/04\/CAP_LovelyBrowsSolothurn_komp-5-Kopie-600x400.jpg 600w\" sizes=\"auto, (max-width: 1024px) 100vw, 1024px\" \/><\/figure>\n\n\n\n<figure class=\"wp-block-image size-large\"><img loading=\"lazy\" decoding=\"async\" width=\"1024\" height=\"683\" data-id=\"2551\" src=\"https:\/\/lovelybrows.ch\/wp-content\/uploads\/2022\/04\/CAP_LovelyBrowsSolothurn_komp-10-Kopie-1024x683.jpg\" alt=\"\" class=\"wp-image-2551\" srcset=\"https:\/\/lovelybrows.ch\/wp-content\/uploads\/2022\/04\/CAP_LovelyBrowsSolothurn_komp-10-Kopie-1024x683.jpg 1024w, https:\/\/lovelybrows.ch\/wp-content\/uploads\/2022\/04\/CAP_LovelyBrowsSolothurn_komp-10-Kopie-300x200.jpg 300w, https:\/\/lovelybrows.ch\/wp-content\/uploads\/2022\/04\/CAP_LovelyBrowsSolothurn_komp-10-Kopie-768x512.jpg 768w, https:\/\/lovelybrows.ch\/wp-content\/uploads\/2022\/04\/CAP_LovelyBrowsSolothurn_komp-10-Kopie-1536x1024.jpg 1536w, https:\/\/lovelybrows.ch\/wp-content\/uploads\/2022\/04\/CAP_LovelyBrowsSolothurn_komp-10-Kopie-2048x1365.jpg 2048w, https:\/\/lovelybrows.ch\/wp-content\/uploads\/2022\/04\/CAP_LovelyBrowsSolothurn_komp-10-Kopie-600x400.jpg 600w\" sizes=\"auto, (max-width: 1024px) 100vw, 1024px\" \/><\/figure>\n\n\n\n<figure class=\"wp-block-image size-large\"><img loading=\"lazy\" decoding=\"async\" width=\"1024\" height=\"683\" data-id=\"2552\" src=\"https:\/\/lovelybrows.ch\/wp-content\/uploads\/2022\/04\/CAP_LovelyBrowsSolothurn_komp-1-Kopie-1024x683.jpg\" alt=\"\" class=\"wp-image-2552\" srcset=\"https:\/\/lovelybrows.ch\/wp-content\/uploads\/2022\/04\/CAP_LovelyBrowsSolothurn_komp-1-Kopie-1024x683.jpg 1024w, https:\/\/lovelybrows.ch\/wp-content\/uploads\/2022\/04\/CAP_LovelyBrowsSolothurn_komp-1-Kopie-300x200.jpg 300w, https:\/\/lovelybrows.ch\/wp-content\/uploads\/2022\/04\/CAP_LovelyBrowsSolothurn_komp-1-Kopie-768x512.jpg 768w, https:\/\/lovelybrows.ch\/wp-content\/uploads\/2022\/04\/CAP_LovelyBrowsSolothurn_komp-1-Kopie-1536x1024.jpg 1536w, https:\/\/lovelybrows.ch\/wp-content\/uploads\/2022\/04\/CAP_LovelyBrowsSolothurn_komp-1-Kopie-2048x1365.jpg 2048w, https:\/\/lovelybrows.ch\/wp-content\/uploads\/2022\/04\/CAP_LovelyBrowsSolothurn_komp-1-Kopie-600x400.jpg 600w\" sizes=\"auto, (max-width: 1024px) 100vw, 1024px\" \/><\/figure>\n<\/figure>\n\n<\/div><\/div><\/div>\n<\/div><div class=\"gb-grid-wrapper gb-grid-wrapper-cf745fc6\"><\/div>\n<p><\/p>\n","protected":false},"excerpt":{"rendered":"","protected":false},"author":1,"featured_media":0,"parent":0,"menu_order":0,"comment_status":"closed","ping_status":"closed","template":"","meta":{"footnotes":""},"class_list":["post-2149","page","type-page","status-publish"],"yoast_head":"<!-- This site is optimized with the Yoast SEO plugin v27.4 - https:\/\/yoast.com\/product\/yoast-seo-wordpress\/ -->\n<title>Brow Bar Lovely Brows Soleure |<\/title>\n<meta name=\"description\" content=\"Bienvenue chez Lovely Brows Soleure Vous trouverez ici toutes les informations sur cet emplacement telles que les offres, les prix, les options de contact et les directions.\" \/>\n<meta name=\"robots\" content=\"index, follow, max-snippet:-1, max-image-preview:large, max-video-preview:-1\" \/>\n<link rel=\"canonical\" href=\"https:\/\/lovelybrows.ch\/fr\/soleure\/\" \/>\n<meta property=\"og:locale\" content=\"fr_FR\" \/>\n<meta property=\"og:type\" content=\"article\" \/>\n<meta property=\"og:title\" content=\"Brow Bar Lovely Brows Soleure |\" \/>\n<meta property=\"og:description\" content=\"Bienvenue chez Lovely Brows Soleure Vous trouverez ici toutes les informations sur cet emplacement telles que les offres, les prix, les options de contact et les directions.\" \/>\n<meta property=\"og:url\" content=\"https:\/\/lovelybrows.ch\/fr\/soleure\/\" \/>\n<meta property=\"og:site_name\" content=\"Lovely Brows - perfekte Augenbrauen &amp; Wimpern\" \/>\n<meta property=\"article:publisher\" content=\"https:\/\/www.facebook.com\/lovelybrows\" \/>\n<meta property=\"article:modified_time\" content=\"2023-11-24T10:26:30+00:00\" \/>\n<meta property=\"og:image\" content=\"https:\/\/lovelybrows.ch\/wp-content\/uploads\/2022\/04\/CAP_LovelyBrowsSolothurn_komp-8-Kopie-1024x683.jpg\" \/>\n<meta name=\"twitter:card\" content=\"summary_large_image\" \/>\n<meta name=\"twitter:label1\" content=\"Dur\u00e9e de lecture estim\u00e9e\" \/>\n\t<meta name=\"twitter:data1\" content=\"1 minute\" \/>\n<script type=\"application\/ld+json\" class=\"yoast-schema-graph\">{\"@context\":\"https:\\\/\\\/schema.org\",\"@graph\":[{\"@type\":\"WebPage\",\"@id\":\"https:\\\/\\\/lovelybrows.ch\\\/fr\\\/soleure\\\/\",\"url\":\"https:\\\/\\\/lovelybrows.ch\\\/fr\\\/soleure\\\/\",\"name\":\"Brow Bar Lovely Brows Soleure |\",\"isPartOf\":{\"@id\":\"https:\\\/\\\/lovelybrows.ch\\\/#website\"},\"primaryImageOfPage\":{\"@id\":\"https:\\\/\\\/lovelybrows.ch\\\/fr\\\/soleure\\\/#primaryimage\"},\"image\":{\"@id\":\"https:\\\/\\\/lovelybrows.ch\\\/fr\\\/soleure\\\/#primaryimage\"},\"thumbnailUrl\":\"https:\\\/\\\/lovelybrows.ch\\\/wp-content\\\/uploads\\\/2022\\\/04\\\/CAP_LovelyBrowsSolothurn_komp-8-Kopie-1024x683.jpg\",\"datePublished\":\"2022-01-11T16:42:57+00:00\",\"dateModified\":\"2023-11-24T10:26:30+00:00\",\"description\":\"Bienvenue chez Lovely Brows Soleure Vous trouverez ici toutes les informations sur cet emplacement telles que les offres, les prix, les options de contact et les directions.\",\"breadcrumb\":{\"@id\":\"https:\\\/\\\/lovelybrows.ch\\\/fr\\\/soleure\\\/#breadcrumb\"},\"inLanguage\":\"fr-FR\",\"potentialAction\":[{\"@type\":\"ReadAction\",\"target\":[\"https:\\\/\\\/lovelybrows.ch\\\/fr\\\/soleure\\\/\"]}]},{\"@type\":\"ImageObject\",\"inLanguage\":\"fr-FR\",\"@id\":\"https:\\\/\\\/lovelybrows.ch\\\/fr\\\/soleure\\\/#primaryimage\",\"url\":\"https:\\\/\\\/lovelybrows.ch\\\/wp-content\\\/uploads\\\/2022\\\/04\\\/CAP_LovelyBrowsSolothurn_komp-8-Kopie-1024x683.jpg\",\"contentUrl\":\"https:\\\/\\\/lovelybrows.ch\\\/wp-content\\\/uploads\\\/2022\\\/04\\\/CAP_LovelyBrowsSolothurn_komp-8-Kopie-1024x683.jpg\"},{\"@type\":\"BreadcrumbList\",\"@id\":\"https:\\\/\\\/lovelybrows.ch\\\/fr\\\/soleure\\\/#breadcrumb\",\"itemListElement\":[{\"@type\":\"ListItem\",\"position\":1,\"name\":\"Startseite\",\"item\":\"https:\\\/\\\/lovelybrows.ch\\\/fr\\\/\"},{\"@type\":\"ListItem\",\"position\":2,\"name\":\"Soleure\"}]},{\"@type\":\"WebSite\",\"@id\":\"https:\\\/\\\/lovelybrows.ch\\\/#website\",\"url\":\"https:\\\/\\\/lovelybrows.ch\\\/\",\"name\":\"Lovely Brows - perfekte Augenbrauen &amp; Wimpern\",\"description\":\"Perfekte Wimpern und Augenbrauen ohne Termin.\",\"publisher\":{\"@id\":\"https:\\\/\\\/lovelybrows.ch\\\/#organization\"},\"potentialAction\":[{\"@type\":\"SearchAction\",\"target\":{\"@type\":\"EntryPoint\",\"urlTemplate\":\"https:\\\/\\\/lovelybrows.ch\\\/?s={search_term_string}\"},\"query-input\":{\"@type\":\"PropertyValueSpecification\",\"valueRequired\":true,\"valueName\":\"search_term_string\"}}],\"inLanguage\":\"fr-FR\"},{\"@type\":\"Organization\",\"@id\":\"https:\\\/\\\/lovelybrows.ch\\\/#organization\",\"name\":\"Lovely Brows GmbH\",\"url\":\"https:\\\/\\\/lovelybrows.ch\\\/\",\"logo\":{\"@type\":\"ImageObject\",\"inLanguage\":\"fr-FR\",\"@id\":\"https:\\\/\\\/lovelybrows.ch\\\/#\\\/schema\\\/logo\\\/image\\\/\",\"url\":\"https:\\\/\\\/neu.lovelybrows.cyon.site\\\/neu\\\/wp-content\\\/uploads\\\/2021\\\/12\\\/lovely-brows-Logo_rgb-1.png\",\"contentUrl\":\"https:\\\/\\\/neu.lovelybrows.cyon.site\\\/neu\\\/wp-content\\\/uploads\\\/2021\\\/12\\\/lovely-brows-Logo_rgb-1.png\",\"width\":1576,\"height\":222,\"caption\":\"Lovely Brows GmbH\"},\"image\":{\"@id\":\"https:\\\/\\\/lovelybrows.ch\\\/#\\\/schema\\\/logo\\\/image\\\/\"},\"sameAs\":[\"https:\\\/\\\/www.facebook.com\\\/lovelybrows\",\"https:\\\/\\\/www.instagram.com\\\/lovelybrows_eyebrowdesign\\\/\",\"https:\\\/\\\/www.youtube.com\\\/channel\\\/UCDgUTnGnEDmOrZiwBZS6zOQ\"]}]}<\/script>\n<!-- \/ Yoast SEO plugin. -->","yoast_head_json":{"title":"Brow Bar Lovely Brows Soleure |","description":"Bienvenue chez Lovely Brows Soleure Vous trouverez ici toutes les informations sur cet emplacement telles que les offres, les prix, les options de contact et les directions.","robots":{"index":"index","follow":"follow","max-snippet":"max-snippet:-1","max-image-preview":"max-image-preview:large","max-video-preview":"max-video-preview:-1"},"canonical":"https:\/\/lovelybrows.ch\/fr\/soleure\/","og_locale":"fr_FR","og_type":"article","og_title":"Brow Bar Lovely Brows Soleure |","og_description":"Bienvenue chez Lovely Brows Soleure Vous trouverez ici toutes les informations sur cet emplacement telles que les offres, les prix, les options de contact et les directions.","og_url":"https:\/\/lovelybrows.ch\/fr\/soleure\/","og_site_name":"Lovely Brows - perfekte Augenbrauen &amp; Wimpern","article_publisher":"https:\/\/www.facebook.com\/lovelybrows","article_modified_time":"2023-11-24T10:26:30+00:00","og_image":[{"url":"https:\/\/lovelybrows.ch\/wp-content\/uploads\/2022\/04\/CAP_LovelyBrowsSolothurn_komp-8-Kopie-1024x683.jpg","type":"","width":"","height":""}],"twitter_card":"summary_large_image","twitter_misc":{"Dur\u00e9e de lecture estim\u00e9e":"1 minute"},"schema":{"@context":"https:\/\/schema.org","@graph":[{"@type":"WebPage","@id":"https:\/\/lovelybrows.ch\/fr\/soleure\/","url":"https:\/\/lovelybrows.ch\/fr\/soleure\/","name":"Brow Bar Lovely Brows Soleure |","isPartOf":{"@id":"https:\/\/lovelybrows.ch\/#website"},"primaryImageOfPage":{"@id":"https:\/\/lovelybrows.ch\/fr\/soleure\/#primaryimage"},"image":{"@id":"https:\/\/lovelybrows.ch\/fr\/soleure\/#primaryimage"},"thumbnailUrl":"https:\/\/lovelybrows.ch\/wp-content\/uploads\/2022\/04\/CAP_LovelyBrowsSolothurn_komp-8-Kopie-1024x683.jpg","datePublished":"2022-01-11T16:42:57+00:00","dateModified":"2023-11-24T10:26:30+00:00","description":"Bienvenue chez Lovely Brows Soleure Vous trouverez ici toutes les informations sur cet emplacement telles que les offres, les prix, les options de contact et les directions.","breadcrumb":{"@id":"https:\/\/lovelybrows.ch\/fr\/soleure\/#breadcrumb"},"inLanguage":"fr-FR","potentialAction":[{"@type":"ReadAction","target":["https:\/\/lovelybrows.ch\/fr\/soleure\/"]}]},{"@type":"ImageObject","inLanguage":"fr-FR","@id":"https:\/\/lovelybrows.ch\/fr\/soleure\/#primaryimage","url":"https:\/\/lovelybrows.ch\/wp-content\/uploads\/2022\/04\/CAP_LovelyBrowsSolothurn_komp-8-Kopie-1024x683.jpg","contentUrl":"https:\/\/lovelybrows.ch\/wp-content\/uploads\/2022\/04\/CAP_LovelyBrowsSolothurn_komp-8-Kopie-1024x683.jpg"},{"@type":"BreadcrumbList","@id":"https:\/\/lovelybrows.ch\/fr\/soleure\/#breadcrumb","itemListElement":[{"@type":"ListItem","position":1,"name":"Startseite","item":"https:\/\/lovelybrows.ch\/fr\/"},{"@type":"ListItem","position":2,"name":"Soleure"}]},{"@type":"WebSite","@id":"https:\/\/lovelybrows.ch\/#website","url":"https:\/\/lovelybrows.ch\/","name":"Lovely Brows - perfekte Augenbrauen &amp; Wimpern","description":"Perfekte Wimpern und Augenbrauen ohne Termin.","publisher":{"@id":"https:\/\/lovelybrows.ch\/#organization"},"potentialAction":[{"@type":"SearchAction","target":{"@type":"EntryPoint","urlTemplate":"https:\/\/lovelybrows.ch\/?s={search_term_string}"},"query-input":{"@type":"PropertyValueSpecification","valueRequired":true,"valueName":"search_term_string"}}],"inLanguage":"fr-FR"},{"@type":"Organization","@id":"https:\/\/lovelybrows.ch\/#organization","name":"Lovely Brows GmbH","url":"https:\/\/lovelybrows.ch\/","logo":{"@type":"ImageObject","inLanguage":"fr-FR","@id":"https:\/\/lovelybrows.ch\/#\/schema\/logo\/image\/","url":"https:\/\/neu.lovelybrows.cyon.site\/neu\/wp-content\/uploads\/2021\/12\/lovely-brows-Logo_rgb-1.png","contentUrl":"https:\/\/neu.lovelybrows.cyon.site\/neu\/wp-content\/uploads\/2021\/12\/lovely-brows-Logo_rgb-1.png","width":1576,"height":222,"caption":"Lovely Brows GmbH"},"image":{"@id":"https:\/\/lovelybrows.ch\/#\/schema\/logo\/image\/"},"sameAs":["https:\/\/www.facebook.com\/lovelybrows","https:\/\/www.instagram.com\/lovelybrows_eyebrowdesign\/","https:\/\/www.youtube.com\/channel\/UCDgUTnGnEDmOrZiwBZS6zOQ"]}]}},"jetpack_sharing_enabled":true,"_links":{"self":[{"href":"https:\/\/lovelybrows.ch\/fr\/wp-json\/wp\/v2\/pages\/2149","targetHints":{"allow":["GET"]}}],"collection":[{"href":"https:\/\/lovelybrows.ch\/fr\/wp-json\/wp\/v2\/pages"}],"about":[{"href":"https:\/\/lovelybrows.ch\/fr\/wp-json\/wp\/v2\/types\/page"}],"author":[{"embeddable":true,"href":"https:\/\/lovelybrows.ch\/fr\/wp-json\/wp\/v2\/users\/1"}],"replies":[{"embeddable":true,"href":"https:\/\/lovelybrows.ch\/fr\/wp-json\/wp\/v2\/comments?post=2149"}],"version-history":[{"count":19,"href":"https:\/\/lovelybrows.ch\/fr\/wp-json\/wp\/v2\/pages\/2149\/revisions"}],"predecessor-version":[{"id":4609,"href":"https:\/\/lovelybrows.ch\/fr\/wp-json\/wp\/v2\/pages\/2149\/revisions\/4609"}],"wp:attachment":[{"href":"https:\/\/lovelybrows.ch\/fr\/wp-json\/wp\/v2\/media?parent=2149"}],"curies":[{"name":"wp","href":"https:\/\/api.w.org\/{rel}","templated":true}]}}