{"id":2134,"date":"2022-01-11T16:42:55","date_gmt":"2022-01-11T16:42:55","guid":{"rendered":"https:\/\/lovelybrows.ch\/berne\/"},"modified":"2024-05-27T15:07:32","modified_gmt":"2024-05-27T15:07:32","slug":"berne","status":"publish","type":"page","link":"https:\/\/lovelybrows.ch\/fr\/berne\/","title":{"rendered":"Berne"},"content":{"rendered":"<div class=\"gb-grid-wrapper gb-grid-wrapper-eccd7633\">\n<div class=\"gb-grid-column gb-grid-column-ce6f7338\"><div class=\"gb-container gb-container-ce6f7338\"><div class=\"gb-inside-container\">\n\n<h2 class=\"gb-headline gb-headline-696fb03a gb-headline-text\">Bienvenue \u00e0 Lovely Brows Berne<\/h2>\n\n\n\n<p>Schweizerhofpassage, 3011 Berne<br\/><a href=\"mailto:welcome@lovelybrows.ch\" target=\"_blank\" rel=\"noreferrer noopener\">welcome(at)lovelybrows.ch<br\/><\/a>+41 77 447 09 90<br\/><br\/>Si possible, envoie un message WhatsApp, nous te contacterons imm\u00e9diatement. Nous ne pouvons malheureusement pas toujours r\u00e9pondre aux appels t\u00e9l\u00e9phoniques.<\/p>\n\n\n\n<p>Lundi \u00e0 mercredi 9 &#8211; 19<br\/>Jeudi 9 &#8211; 20<br\/>Vendredi 9 &#8211; 19<br\/>Samedi 9 &#8211; 18<br\/>Ferm\u00e9 le dimanche<\/p>\n\n\n\n<p><strong>Informations importantes sur les Brow Bars \u00e0 Berne :<\/strong><\/p>\n\n\n\n<ul class=\"wp-block-list\">\n<li>Le Brow Bar se r\u00e9partit entre deux locaux, au rez-de-chauss\u00e9e du Schweizerhofpassage et au premier \u00e9tage de la Spitalgasse 38. <strong>Tu peux visiter sans rendez-vous le Brow Bar que tu souhaites, c&rsquo;est-\u00e0-dire aller directement au rez-de-chauss\u00e9e ou au premier \u00e9tage.<\/strong> Tu trouveras plus d&rsquo;informations <a href=\"https:\/\/lovelybrows.ch\/fr\/extension-lovely-brows-berne\/\">ici.<\/a><br\/><br\/><\/li>\n\n\n\n<li>Nous proposons (\u00e0 l&rsquo;exception du waxing uniquement \u00e0 l&rsquo;\u00e9tage) tous les traitements dans les deux Brow Bars.<strong> Pour les traitements courts, nous recommand<\/strong> ons plut\u00f4t <strong>le Brow Bar au rez-de-chauss\u00e9e<\/strong>, pour les <strong>traitements plus longs<\/strong> (p.ex. les liftings), nous recommandons <strong>le Brow Bar \u00e0 l&rsquo;\u00e9tage.<\/strong><br\/><br\/><\/li>\n\n\n\n<li>Ce sont nos heures d&rsquo;ouverture g\u00e9n\u00e9rales. Pour les jours f\u00e9ri\u00e9s, consultez <span style=\"text-decoration: underline;\"><a href=\"https:\/\/g.page\/r\/CW2rjVSPE9OoEBM\" target=\"_blank\" rel=\"noreferrer noopener\">Google<\/a>.<\/span><\/li>\n<\/ul>\n\n\n\n<ul class=\"wp-block-list\">\n<li>Les Brow Bars de Berne sont plac\u00e9s sous vid\u00e9osurveillance<br\/><\/li>\n\n\n\n<li><strong>Pour le waxing \u00e0 Berne, il faut prendre rendez-vous<\/strong> (WhatsApp au 077 447 09 90).<br\/><\/li>\n\n\n\n<li>Nous proposons le Lash Lifting &amp; Brow Lifting \u00e0 Berne uniquement du lundi au vendredi, pas le samedi.<\/li>\n<\/ul>\n\n\n\n<ul class=\"wp-block-list\">\n<li>Le Brow Bar Bern EG est accessible en fauteuil roulant. Nous demandons aux personnes en fauteuil roulant de nous contacter avant leur premi\u00e8re visite afin que nous puissions leur offrir la meilleure exp\u00e9rience possible.<br\/><\/li>\n<\/ul>\n\n\n<div class=\"gb-container gb-container-7b935af1\"><div class=\"gb-inside-container\">\n\n<h2 class=\"gb-headline gb-headline-13e2810f gb-headline-text\">Offre &amp; taux d&rsquo;occupation \u00e0 Berne<\/h2>\n\n\n\n<hr class=\"wp-block-separator has-text-color has-contrast-color has-css-opacity has-contrast-background-color has-background\"\/>\n\n\n\n<p>Au Brow Bar de Berne, nous proposons tous les traitements, y compris le waxing. <strong>Pour le waxing \u00e0 Berne, il faut prendre rendez-vous<\/strong> (WhatsApp au 077 447 09 90). Tous les autres traitements sont possibles sans rendez-vous.<\/p>\n\n\n\n<p>Nous avons \u00e0 chaque fois suffisamment de personnel sur place pour qu&rsquo;il n&rsquo;y ait pas ou peu de temps d&rsquo;attente. Si tu es flexible, nous te conseillons de venir le matin et\/ou le lundi ou le mardi, c&rsquo;est \u00e0 ce moment-l\u00e0 que le taux d&rsquo;occupation est le plus faible.<\/p>\n\n\n<div class=\"gb-button-wrapper gb-button-wrapper-c71ffa5a\">\n\n<a class=\"gb-button gb-button-cd09b1a4 gb-button-text\" href=\"https:\/\/lovelybrows.ch\/fr\/offrir\/\">DECOUVRIR<\/a>\n\n<\/div>\n<\/div><\/div>\n\n<div class=\"gb-button-wrapper gb-button-wrapper-0ff8e796\">\n\n<a class=\"gb-button gb-button-a58e70b7 gb-button-text\" href=\"https:\/\/goo.gl\/maps\/TK8duFmqkWob6n699\" target=\"_blank\" rel=\"noopener noreferrer\">Voir sur Google Maps<\/a>\n\n<\/div>\n<\/div><\/div><\/div>\n\n<div class=\"gb-grid-column gb-grid-column-4a58feb7\"><div class=\"gb-container gb-container-4a58feb7\"><div class=\"gb-inside-container\">\n\n<h2 class=\"gb-headline gb-headline-7c50402a gb-headline-text\">Brow Bar Berne EG<\/h2>\n\n\n\n<figure class=\"wp-block-gallery has-nested-images columns-default is-cropped wp-block-gallery-1 is-layout-flex wp-block-gallery-is-layout-flex\">\n<figure class=\"wp-block-image size-large\"><img decoding=\"async\" data-id=\"3611\" src=\"https:\/\/lovelybrows.ch\/wp-content\/uploads\/2022\/11\/CAP_LovelyBrowsBern-16-min.jpg\" alt=\"\" class=\"wp-image-3611\"\/><\/figure>\n\n\n\n<figure class=\"wp-block-image size-large\"><img decoding=\"async\" data-id=\"3602\" src=\"https:\/\/lovelybrows.ch\/wp-content\/uploads\/2022\/11\/1-2.jpg\" alt=\"\" class=\"wp-image-3602\"\/><\/figure>\n\n\n\n<figure class=\"wp-block-image size-large\"><img loading=\"lazy\" decoding=\"async\" width=\"8640\" height=\"5760\" data-id=\"3606\" src=\"https:\/\/lovelybrows.ch\/wp-content\/uploads\/2022\/11\/3-2.jpg\" alt=\"\" class=\"wp-image-3606\" srcset=\"https:\/\/lovelybrows.ch\/wp-content\/uploads\/2022\/11\/3-2.jpg 8640w, https:\/\/lovelybrows.ch\/wp-content\/uploads\/2022\/11\/3-2-300x200.jpg 300w\" sizes=\"auto, (max-width: 8640px) 100vw, 8640px\" \/><\/figure>\n\n\n\n<figure class=\"wp-block-image size-large\"><img decoding=\"async\" data-id=\"3605\" src=\"https:\/\/lovelybrows.ch\/wp-content\/uploads\/2022\/11\/2-2.jpg\" alt=\"\" class=\"wp-image-3605\"\/><\/figure>\n<\/figure>\n\n\n\n<p><\/p>\n\n\n\n<h2 class=\"gb-headline gb-headline-9df4fd81 gb-headline-text\">Brow Bar Bern OG<\/h2>\n\n\n\n<figure class=\"wp-block-gallery has-nested-images columns-default is-cropped wp-block-gallery-2 is-layout-flex wp-block-gallery-is-layout-flex\">\n<figure class=\"wp-block-image size-large\"><img loading=\"lazy\" decoding=\"async\" width=\"1000\" height=\"667\" data-id=\"3718\" src=\"https:\/\/lovelybrows.ch\/wp-content\/uploads\/2022\/12\/CAP_LovelyBrowsBern2_web-5.jpg\" alt=\"\" class=\"wp-image-3718\" srcset=\"https:\/\/lovelybrows.ch\/wp-content\/uploads\/2022\/12\/CAP_LovelyBrowsBern2_web-5.jpg 1000w, https:\/\/lovelybrows.ch\/wp-content\/uploads\/2022\/12\/CAP_LovelyBrowsBern2_web-5-300x200.jpg 300w, https:\/\/lovelybrows.ch\/wp-content\/uploads\/2022\/12\/CAP_LovelyBrowsBern2_web-5-768x512.jpg 768w, https:\/\/lovelybrows.ch\/wp-content\/uploads\/2022\/12\/CAP_LovelyBrowsBern2_web-5-600x400.jpg 600w\" sizes=\"auto, (max-width: 1000px) 100vw, 1000px\" \/><\/figure>\n\n\n\n<figure class=\"wp-block-image size-large\"><img loading=\"lazy\" decoding=\"async\" width=\"1000\" height=\"667\" data-id=\"3712\" src=\"https:\/\/lovelybrows.ch\/wp-content\/uploads\/2022\/12\/CAP_LovelyBrowsBern2_web-1.jpg\" alt=\"\" class=\"wp-image-3712\" srcset=\"https:\/\/lovelybrows.ch\/wp-content\/uploads\/2022\/12\/CAP_LovelyBrowsBern2_web-1.jpg 1000w, https:\/\/lovelybrows.ch\/wp-content\/uploads\/2022\/12\/CAP_LovelyBrowsBern2_web-1-300x200.jpg 300w, https:\/\/lovelybrows.ch\/wp-content\/uploads\/2022\/12\/CAP_LovelyBrowsBern2_web-1-768x512.jpg 768w, https:\/\/lovelybrows.ch\/wp-content\/uploads\/2022\/12\/CAP_LovelyBrowsBern2_web-1-600x400.jpg 600w\" sizes=\"auto, (max-width: 1000px) 100vw, 1000px\" \/><\/figure>\n\n\n\n<figure class=\"wp-block-image size-large\"><img loading=\"lazy\" decoding=\"async\" width=\"1000\" height=\"667\" data-id=\"3711\" src=\"https:\/\/lovelybrows.ch\/wp-content\/uploads\/2022\/12\/CAP_LovelyBrowsBern2_web-4.jpg\" alt=\"\" class=\"wp-image-3711\" srcset=\"https:\/\/lovelybrows.ch\/wp-content\/uploads\/2022\/12\/CAP_LovelyBrowsBern2_web-4.jpg 1000w, https:\/\/lovelybrows.ch\/wp-content\/uploads\/2022\/12\/CAP_LovelyBrowsBern2_web-4-300x200.jpg 300w, https:\/\/lovelybrows.ch\/wp-content\/uploads\/2022\/12\/CAP_LovelyBrowsBern2_web-4-768x512.jpg 768w, https:\/\/lovelybrows.ch\/wp-content\/uploads\/2022\/12\/CAP_LovelyBrowsBern2_web-4-600x400.jpg 600w\" sizes=\"auto, (max-width: 1000px) 100vw, 1000px\" \/><\/figure>\n\n\n\n<figure class=\"wp-block-image size-large\"><img loading=\"lazy\" decoding=\"async\" width=\"1000\" height=\"667\" data-id=\"3717\" src=\"https:\/\/lovelybrows.ch\/wp-content\/uploads\/2022\/12\/CAP_LovelyBrowsBern2_web-2.jpg\" alt=\"\" class=\"wp-image-3717\" srcset=\"https:\/\/lovelybrows.ch\/wp-content\/uploads\/2022\/12\/CAP_LovelyBrowsBern2_web-2.jpg 1000w, https:\/\/lovelybrows.ch\/wp-content\/uploads\/2022\/12\/CAP_LovelyBrowsBern2_web-2-300x200.jpg 300w, https:\/\/lovelybrows.ch\/wp-content\/uploads\/2022\/12\/CAP_LovelyBrowsBern2_web-2-768x512.jpg 768w, https:\/\/lovelybrows.ch\/wp-content\/uploads\/2022\/12\/CAP_LovelyBrowsBern2_web-2-600x400.jpg 600w\" sizes=\"auto, (max-width: 1000px) 100vw, 1000px\" \/><\/figure>\n<\/figure>\n\n<\/div><\/div><\/div>\n<\/div><div class=\"gb-grid-wrapper gb-grid-wrapper-cf745fc6\"><\/div>\n<p><\/p>\n","protected":false},"excerpt":{"rendered":"","protected":false},"author":1,"featured_media":0,"parent":0,"menu_order":0,"comment_status":"closed","ping_status":"closed","template":"","meta":{"footnotes":""},"class_list":["post-2134","page","type-page","status-publish"],"yoast_head":"<!-- This site is optimized with the Yoast SEO plugin v27.3 - https:\/\/yoast.com\/product\/yoast-seo-wordpress\/ -->\n<title>Brow Bar Lovely Brows Berne |<\/title>\n<meta name=\"description\" content=\"Bienvenue chez Lovely Brows Berne Vous trouverez ici toutes les informations sur cet emplacement telles que les offres, les prix, les options de contact et les directions.\" \/>\n<meta name=\"robots\" content=\"index, follow, max-snippet:-1, max-image-preview:large, max-video-preview:-1\" \/>\n<link rel=\"canonical\" href=\"https:\/\/lovelybrows.ch\/fr\/berne\/\" \/>\n<meta property=\"og:locale\" content=\"fr_FR\" \/>\n<meta property=\"og:type\" content=\"article\" \/>\n<meta property=\"og:title\" content=\"Brow Bar Lovely Brows Berne |\" \/>\n<meta property=\"og:description\" content=\"Bienvenue chez Lovely Brows Berne Vous trouverez ici toutes les informations sur cet emplacement telles que les offres, les prix, les options de contact et les directions.\" \/>\n<meta property=\"og:url\" content=\"https:\/\/lovelybrows.ch\/fr\/berne\/\" \/>\n<meta property=\"og:site_name\" content=\"Lovely Brows - perfekte Augenbrauen &amp; Wimpern\" \/>\n<meta property=\"article:publisher\" content=\"https:\/\/www.facebook.com\/lovelybrows\" \/>\n<meta property=\"article:modified_time\" content=\"2024-05-27T15:07:32+00:00\" \/>\n<meta property=\"og:image\" content=\"https:\/\/lovelybrows.ch\/wp-content\/uploads\/2022\/11\/CAP_LovelyBrowsBern-16-min.jpg\" \/>\n<meta name=\"twitter:card\" content=\"summary_large_image\" \/>\n<meta name=\"twitter:label1\" content=\"Dur\u00e9e de lecture estim\u00e9e\" \/>\n\t<meta name=\"twitter:data1\" content=\"2 minutes\" \/>\n<script type=\"application\/ld+json\" class=\"yoast-schema-graph\">{\"@context\":\"https:\\\/\\\/schema.org\",\"@graph\":[{\"@type\":\"WebPage\",\"@id\":\"https:\\\/\\\/lovelybrows.ch\\\/fr\\\/berne\\\/\",\"url\":\"https:\\\/\\\/lovelybrows.ch\\\/fr\\\/berne\\\/\",\"name\":\"Brow Bar Lovely Brows Berne |\",\"isPartOf\":{\"@id\":\"https:\\\/\\\/lovelybrows.ch\\\/#website\"},\"primaryImageOfPage\":{\"@id\":\"https:\\\/\\\/lovelybrows.ch\\\/fr\\\/berne\\\/#primaryimage\"},\"image\":{\"@id\":\"https:\\\/\\\/lovelybrows.ch\\\/fr\\\/berne\\\/#primaryimage\"},\"thumbnailUrl\":\"https:\\\/\\\/lovelybrows.ch\\\/wp-content\\\/uploads\\\/2022\\\/11\\\/CAP_LovelyBrowsBern-16-min.jpg\",\"datePublished\":\"2022-01-11T16:42:55+00:00\",\"dateModified\":\"2024-05-27T15:07:32+00:00\",\"description\":\"Bienvenue chez Lovely Brows Berne Vous trouverez ici toutes les informations sur cet emplacement telles que les offres, les prix, les options de contact et les directions.\",\"breadcrumb\":{\"@id\":\"https:\\\/\\\/lovelybrows.ch\\\/fr\\\/berne\\\/#breadcrumb\"},\"inLanguage\":\"fr-FR\",\"potentialAction\":[{\"@type\":\"ReadAction\",\"target\":[\"https:\\\/\\\/lovelybrows.ch\\\/fr\\\/berne\\\/\"]}]},{\"@type\":\"ImageObject\",\"inLanguage\":\"fr-FR\",\"@id\":\"https:\\\/\\\/lovelybrows.ch\\\/fr\\\/berne\\\/#primaryimage\",\"url\":\"https:\\\/\\\/lovelybrows.ch\\\/wp-content\\\/uploads\\\/2022\\\/11\\\/CAP_LovelyBrowsBern-16-min.jpg\",\"contentUrl\":\"https:\\\/\\\/lovelybrows.ch\\\/wp-content\\\/uploads\\\/2022\\\/11\\\/CAP_LovelyBrowsBern-16-min.jpg\"},{\"@type\":\"BreadcrumbList\",\"@id\":\"https:\\\/\\\/lovelybrows.ch\\\/fr\\\/berne\\\/#breadcrumb\",\"itemListElement\":[{\"@type\":\"ListItem\",\"position\":1,\"name\":\"Startseite\",\"item\":\"https:\\\/\\\/lovelybrows.ch\\\/fr\\\/\"},{\"@type\":\"ListItem\",\"position\":2,\"name\":\"Berne\"}]},{\"@type\":\"WebSite\",\"@id\":\"https:\\\/\\\/lovelybrows.ch\\\/#website\",\"url\":\"https:\\\/\\\/lovelybrows.ch\\\/\",\"name\":\"Lovely Brows - perfekte Augenbrauen &amp; Wimpern\",\"description\":\"Perfekte Wimpern und Augenbrauen ohne Termin.\",\"publisher\":{\"@id\":\"https:\\\/\\\/lovelybrows.ch\\\/#organization\"},\"potentialAction\":[{\"@type\":\"SearchAction\",\"target\":{\"@type\":\"EntryPoint\",\"urlTemplate\":\"https:\\\/\\\/lovelybrows.ch\\\/?s={search_term_string}\"},\"query-input\":{\"@type\":\"PropertyValueSpecification\",\"valueRequired\":true,\"valueName\":\"search_term_string\"}}],\"inLanguage\":\"fr-FR\"},{\"@type\":\"Organization\",\"@id\":\"https:\\\/\\\/lovelybrows.ch\\\/#organization\",\"name\":\"Lovely Brows GmbH\",\"url\":\"https:\\\/\\\/lovelybrows.ch\\\/\",\"logo\":{\"@type\":\"ImageObject\",\"inLanguage\":\"fr-FR\",\"@id\":\"https:\\\/\\\/lovelybrows.ch\\\/#\\\/schema\\\/logo\\\/image\\\/\",\"url\":\"https:\\\/\\\/neu.lovelybrows.cyon.site\\\/neu\\\/wp-content\\\/uploads\\\/2021\\\/12\\\/lovely-brows-Logo_rgb-1.png\",\"contentUrl\":\"https:\\\/\\\/neu.lovelybrows.cyon.site\\\/neu\\\/wp-content\\\/uploads\\\/2021\\\/12\\\/lovely-brows-Logo_rgb-1.png\",\"width\":1576,\"height\":222,\"caption\":\"Lovely Brows GmbH\"},\"image\":{\"@id\":\"https:\\\/\\\/lovelybrows.ch\\\/#\\\/schema\\\/logo\\\/image\\\/\"},\"sameAs\":[\"https:\\\/\\\/www.facebook.com\\\/lovelybrows\",\"https:\\\/\\\/www.instagram.com\\\/lovelybrows_eyebrowdesign\\\/\",\"https:\\\/\\\/www.youtube.com\\\/channel\\\/UCDgUTnGnEDmOrZiwBZS6zOQ\"]}]}<\/script>\n<!-- \/ Yoast SEO plugin. -->","yoast_head_json":{"title":"Brow Bar Lovely Brows Berne |","description":"Bienvenue chez Lovely Brows Berne Vous trouverez ici toutes les informations sur cet emplacement telles que les offres, les prix, les options de contact et les directions.","robots":{"index":"index","follow":"follow","max-snippet":"max-snippet:-1","max-image-preview":"max-image-preview:large","max-video-preview":"max-video-preview:-1"},"canonical":"https:\/\/lovelybrows.ch\/fr\/berne\/","og_locale":"fr_FR","og_type":"article","og_title":"Brow Bar Lovely Brows Berne |","og_description":"Bienvenue chez Lovely Brows Berne Vous trouverez ici toutes les informations sur cet emplacement telles que les offres, les prix, les options de contact et les directions.","og_url":"https:\/\/lovelybrows.ch\/fr\/berne\/","og_site_name":"Lovely Brows - perfekte Augenbrauen &amp; Wimpern","article_publisher":"https:\/\/www.facebook.com\/lovelybrows","article_modified_time":"2024-05-27T15:07:32+00:00","og_image":[{"url":"https:\/\/lovelybrows.ch\/wp-content\/uploads\/2022\/11\/CAP_LovelyBrowsBern-16-min.jpg","type":"","width":"","height":""}],"twitter_card":"summary_large_image","twitter_misc":{"Dur\u00e9e de lecture estim\u00e9e":"2 minutes"},"schema":{"@context":"https:\/\/schema.org","@graph":[{"@type":"WebPage","@id":"https:\/\/lovelybrows.ch\/fr\/berne\/","url":"https:\/\/lovelybrows.ch\/fr\/berne\/","name":"Brow Bar Lovely Brows Berne |","isPartOf":{"@id":"https:\/\/lovelybrows.ch\/#website"},"primaryImageOfPage":{"@id":"https:\/\/lovelybrows.ch\/fr\/berne\/#primaryimage"},"image":{"@id":"https:\/\/lovelybrows.ch\/fr\/berne\/#primaryimage"},"thumbnailUrl":"https:\/\/lovelybrows.ch\/wp-content\/uploads\/2022\/11\/CAP_LovelyBrowsBern-16-min.jpg","datePublished":"2022-01-11T16:42:55+00:00","dateModified":"2024-05-27T15:07:32+00:00","description":"Bienvenue chez Lovely Brows Berne Vous trouverez ici toutes les informations sur cet emplacement telles que les offres, les prix, les options de contact et les directions.","breadcrumb":{"@id":"https:\/\/lovelybrows.ch\/fr\/berne\/#breadcrumb"},"inLanguage":"fr-FR","potentialAction":[{"@type":"ReadAction","target":["https:\/\/lovelybrows.ch\/fr\/berne\/"]}]},{"@type":"ImageObject","inLanguage":"fr-FR","@id":"https:\/\/lovelybrows.ch\/fr\/berne\/#primaryimage","url":"https:\/\/lovelybrows.ch\/wp-content\/uploads\/2022\/11\/CAP_LovelyBrowsBern-16-min.jpg","contentUrl":"https:\/\/lovelybrows.ch\/wp-content\/uploads\/2022\/11\/CAP_LovelyBrowsBern-16-min.jpg"},{"@type":"BreadcrumbList","@id":"https:\/\/lovelybrows.ch\/fr\/berne\/#breadcrumb","itemListElement":[{"@type":"ListItem","position":1,"name":"Startseite","item":"https:\/\/lovelybrows.ch\/fr\/"},{"@type":"ListItem","position":2,"name":"Berne"}]},{"@type":"WebSite","@id":"https:\/\/lovelybrows.ch\/#website","url":"https:\/\/lovelybrows.ch\/","name":"Lovely Brows - perfekte Augenbrauen &amp; Wimpern","description":"Perfekte Wimpern und Augenbrauen ohne Termin.","publisher":{"@id":"https:\/\/lovelybrows.ch\/#organization"},"potentialAction":[{"@type":"SearchAction","target":{"@type":"EntryPoint","urlTemplate":"https:\/\/lovelybrows.ch\/?s={search_term_string}"},"query-input":{"@type":"PropertyValueSpecification","valueRequired":true,"valueName":"search_term_string"}}],"inLanguage":"fr-FR"},{"@type":"Organization","@id":"https:\/\/lovelybrows.ch\/#organization","name":"Lovely Brows GmbH","url":"https:\/\/lovelybrows.ch\/","logo":{"@type":"ImageObject","inLanguage":"fr-FR","@id":"https:\/\/lovelybrows.ch\/#\/schema\/logo\/image\/","url":"https:\/\/neu.lovelybrows.cyon.site\/neu\/wp-content\/uploads\/2021\/12\/lovely-brows-Logo_rgb-1.png","contentUrl":"https:\/\/neu.lovelybrows.cyon.site\/neu\/wp-content\/uploads\/2021\/12\/lovely-brows-Logo_rgb-1.png","width":1576,"height":222,"caption":"Lovely Brows GmbH"},"image":{"@id":"https:\/\/lovelybrows.ch\/#\/schema\/logo\/image\/"},"sameAs":["https:\/\/www.facebook.com\/lovelybrows","https:\/\/www.instagram.com\/lovelybrows_eyebrowdesign\/","https:\/\/www.youtube.com\/channel\/UCDgUTnGnEDmOrZiwBZS6zOQ"]}]}},"jetpack_sharing_enabled":true,"_links":{"self":[{"href":"https:\/\/lovelybrows.ch\/fr\/wp-json\/wp\/v2\/pages\/2134","targetHints":{"allow":["GET"]}}],"collection":[{"href":"https:\/\/lovelybrows.ch\/fr\/wp-json\/wp\/v2\/pages"}],"about":[{"href":"https:\/\/lovelybrows.ch\/fr\/wp-json\/wp\/v2\/types\/page"}],"author":[{"embeddable":true,"href":"https:\/\/lovelybrows.ch\/fr\/wp-json\/wp\/v2\/users\/1"}],"replies":[{"embeddable":true,"href":"https:\/\/lovelybrows.ch\/fr\/wp-json\/wp\/v2\/comments?post=2134"}],"version-history":[{"count":66,"href":"https:\/\/lovelybrows.ch\/fr\/wp-json\/wp\/v2\/pages\/2134\/revisions"}],"predecessor-version":[{"id":4961,"href":"https:\/\/lovelybrows.ch\/fr\/wp-json\/wp\/v2\/pages\/2134\/revisions\/4961"}],"wp:attachment":[{"href":"https:\/\/lovelybrows.ch\/fr\/wp-json\/wp\/v2\/media?parent=2134"}],"curies":[{"name":"wp","href":"https:\/\/api.w.org\/{rel}","templated":true}]}}