{"id":2056,"date":"2022-01-11T15:39:30","date_gmt":"2022-01-11T15:39:30","guid":{"rendered":"https:\/\/lovelybrows.ch\/emplacements\/"},"modified":"2024-05-20T13:14:10","modified_gmt":"2024-05-20T13:14:10","slug":"emplacements","status":"publish","type":"page","link":"https:\/\/lovelybrows.ch\/fr\/emplacements\/","title":{"rendered":"Emplacements"},"content":{"rendered":"<div class=\"gb-container gb-container-134f4244\"><div class=\"gb-inside-container\">\n<div class=\"gb-grid-wrapper gb-grid-wrapper-770ea943\">\n<div class=\"gb-grid-column gb-grid-column-9bf944cc\"><div class=\"gb-container gb-container-9bf944cc\"><div class=\"gb-inside-container\">\n\n<h2 class=\"gb-headline gb-headline-ab82fada gb-headline-text\">Nous faisons tout pour des sourcils et des cils parfaitement coiff\u00e9s.<\/h2>\n\n\n\n<p>\u00c9piler et teindre vos sourcils n&rsquo;est pas un sous-produit pour nous, c&rsquo;est notre passion. Des sourcils parfaitement coiff\u00e9s n\u00e9cessitent une grande expertise et un grand soin. Nous combinons notre exp\u00e9rience cosm\u00e9tique avec la technique des fils, que nous ma\u00eetrisons tous depuis des ann\u00e9es.<\/p>\n\n\n\n<p>La technique des fils est particuli\u00e8rement adapt\u00e9e \u00e0 l&rsquo;\u00e9limination des poils g\u00eanants sur le visage. Nous enlevons m\u00eame les poils les plus fins avec le fil avec pr\u00e9cision et en profondeur. Un seul fil est n\u00e9cessaire pour le traitement, la technique est donc une excellente alternative pour tous ceux qui valorisent la beaut\u00e9 naturelle.<\/p>\n\n\n\n<h3 class=\"gb-headline gb-headline-07023119 gb-headline-text\">\u00c9crivez-nous un message!<\/h3>\n\n\n<div class=\"gb-button-wrapper gb-button-wrapper-a9ecfcf8\">\n\n<a class=\"gb-button gb-button-388980d5\" href=\"https:\/\/lovelybrows.ch\/fr\/contacter\/\"><span class=\"gb-button-text\">Envoyer le message<\/span><span class=\"gb-icon\"><svg xmlns=\"http:\/\/www.w3.org\/2000\/svg\" viewbox=\"0 0 16 16\" class=\"bi bi-arrow-right-short\" fill=\"currentColor\" height=\"16\" width=\"16\">   <path d=\"M4 8a.5.5 0 0 1 .5-.5h5.793L8.146 5.354a.5.5 0 1 1 .708-.708l3 3a.5.5 0 0 1 0 .708l-3 3a.5.5 0 0 1-.708-.708L10.293 8.5H4.5A.5.5 0 0 1 4 8z\" fill-rule=\"evenodd\"><\/path> <\/svg><\/span><\/a>\n\n<\/div>\n<\/div><\/div><\/div>\n\n<div class=\"gb-grid-column gb-grid-column-8a25941b\"><div class=\"gb-container gb-container-8a25941b\"><div class=\"gb-inside-container\">\n\n<h2 class=\"gb-headline gb-headline-09b1704c gb-headline-text\">D\u00e9couvrez nos succursales!<\/h2>\n\n\n<div class=\"gb-button-wrapper gb-button-wrapper-4be1ae69\">\n\n<a class=\"gb-button gb-button-a789d6a4 gb-button-text\" href=\"https:\/\/lovelybrows.ch\/fr\/zurich\/\">ZURICH<\/a>\n\n<\/div>\n\n<div class=\"gb-button-wrapper gb-button-wrapper-b7241a3f\">\n\n<a class=\"gb-button gb-button-969905c6 gb-button-text\" href=\"https:\/\/lovelybrows.ch\/fr\/browbar-winterthur\/\">WINTERTHUR<\/a>\n\n<\/div>\n\n<div class=\"gb-button-wrapper gb-button-wrapper-b3ef3701\">\n\n<a class=\"gb-button gb-button-ee9de59b gb-button-text\" href=\"https:\/\/lovelybrows.ch\/fr\/berne\/\">BERNE<\/a>\n\n<\/div>\n\n<div class=\"gb-button-wrapper gb-button-wrapper-777352df\">\n\n<a class=\"gb-button gb-button-f9e71de9 gb-button-text\" href=\"https:\/\/lovelybrows.ch\/fr\/luzerne\/\">LUCERNE<\/a>\n\n<\/div>\n\n<div class=\"gb-button-wrapper gb-button-wrapper-90e41ba0\">\n\n<a class=\"gb-button gb-button-9e61b9f6 gb-button-text\" href=\"https:\/\/lovelybrows.ch\/fr\/bienne\/\">BIENNE<\/a>\n\n<\/div>\n\n<div class=\"gb-button-wrapper gb-button-wrapper-56ee3f13\">\n\n<a class=\"gb-button gb-button-9cf23659 gb-button-text\" href=\"https:\/\/lovelybrows.ch\/fr\/thon\/\">THUN<\/a>\n\n<\/div>\n\n<div class=\"gb-button-wrapper gb-button-wrapper-3e7413f8\">\n\n<a class=\"gb-button gb-button-ab42d69c gb-button-text\" href=\"https:\/\/lovelybrows.ch\/fr\/soleure\/\">SOLEURE<\/a>\n\n<\/div>\n<\/div><\/div><\/div>\n<\/div>\n<\/div><\/div>\n<p><\/p>\n","protected":false},"excerpt":{"rendered":"","protected":false},"author":1,"featured_media":0,"parent":0,"menu_order":0,"comment_status":"closed","ping_status":"closed","template":"","meta":{"footnotes":""},"class_list":["post-2056","page","type-page","status-publish"],"yoast_head":"<!-- This site is optimized with the Yoast SEO plugin v27.3 - https:\/\/yoast.com\/product\/yoast-seo-wordpress\/ -->\n<title>Emplacements | Lovely Brows<\/title>\n<meta name=\"description\" content=\"Vous trouverez ici un aper\u00e7u de nos cinq Brow Bars dans les villes de Lucerne, Berne, Bienne, Thoune et Soleure.\" \/>\n<meta name=\"robots\" content=\"index, follow, max-snippet:-1, max-image-preview:large, max-video-preview:-1\" \/>\n<link rel=\"canonical\" href=\"https:\/\/lovelybrows.ch\/fr\/emplacements\/\" \/>\n<meta property=\"og:locale\" content=\"fr_FR\" \/>\n<meta property=\"og:type\" content=\"article\" \/>\n<meta property=\"og:title\" content=\"Emplacements | Lovely Brows\" \/>\n<meta property=\"og:description\" content=\"Vous trouverez ici un aper\u00e7u de nos cinq Brow Bars dans les villes de Lucerne, Berne, Bienne, Thoune et Soleure.\" \/>\n<meta property=\"og:url\" content=\"https:\/\/lovelybrows.ch\/fr\/emplacements\/\" \/>\n<meta property=\"og:site_name\" content=\"Lovely Brows - perfekte Augenbrauen &amp; Wimpern\" \/>\n<meta property=\"article:publisher\" content=\"https:\/\/www.facebook.com\/lovelybrows\" \/>\n<meta property=\"article:modified_time\" content=\"2024-05-20T13:14:10+00:00\" \/>\n<meta name=\"twitter:card\" content=\"summary_large_image\" \/>\n<meta name=\"twitter:label1\" content=\"Dur\u00e9e de lecture estim\u00e9e\" \/>\n\t<meta name=\"twitter:data1\" content=\"1 minute\" \/>\n<script type=\"application\/ld+json\" class=\"yoast-schema-graph\">{\"@context\":\"https:\\\/\\\/schema.org\",\"@graph\":[{\"@type\":\"WebPage\",\"@id\":\"https:\\\/\\\/lovelybrows.ch\\\/fr\\\/emplacements\\\/\",\"url\":\"https:\\\/\\\/lovelybrows.ch\\\/fr\\\/emplacements\\\/\",\"name\":\"Emplacements | Lovely Brows\",\"isPartOf\":{\"@id\":\"https:\\\/\\\/lovelybrows.ch\\\/#website\"},\"datePublished\":\"2022-01-11T15:39:30+00:00\",\"dateModified\":\"2024-05-20T13:14:10+00:00\",\"description\":\"Vous trouverez ici un aper\u00e7u de nos cinq Brow Bars dans les villes de Lucerne, Berne, Bienne, Thoune et Soleure.\",\"breadcrumb\":{\"@id\":\"https:\\\/\\\/lovelybrows.ch\\\/fr\\\/emplacements\\\/#breadcrumb\"},\"inLanguage\":\"fr-FR\",\"potentialAction\":[{\"@type\":\"ReadAction\",\"target\":[\"https:\\\/\\\/lovelybrows.ch\\\/fr\\\/emplacements\\\/\"]}]},{\"@type\":\"BreadcrumbList\",\"@id\":\"https:\\\/\\\/lovelybrows.ch\\\/fr\\\/emplacements\\\/#breadcrumb\",\"itemListElement\":[{\"@type\":\"ListItem\",\"position\":1,\"name\":\"Startseite\",\"item\":\"https:\\\/\\\/lovelybrows.ch\\\/fr\\\/\"},{\"@type\":\"ListItem\",\"position\":2,\"name\":\"Emplacements\"}]},{\"@type\":\"WebSite\",\"@id\":\"https:\\\/\\\/lovelybrows.ch\\\/#website\",\"url\":\"https:\\\/\\\/lovelybrows.ch\\\/\",\"name\":\"Lovely Brows - perfekte Augenbrauen &amp; Wimpern\",\"description\":\"Perfekte Wimpern und Augenbrauen ohne Termin.\",\"publisher\":{\"@id\":\"https:\\\/\\\/lovelybrows.ch\\\/#organization\"},\"potentialAction\":[{\"@type\":\"SearchAction\",\"target\":{\"@type\":\"EntryPoint\",\"urlTemplate\":\"https:\\\/\\\/lovelybrows.ch\\\/?s={search_term_string}\"},\"query-input\":{\"@type\":\"PropertyValueSpecification\",\"valueRequired\":true,\"valueName\":\"search_term_string\"}}],\"inLanguage\":\"fr-FR\"},{\"@type\":\"Organization\",\"@id\":\"https:\\\/\\\/lovelybrows.ch\\\/#organization\",\"name\":\"Lovely Brows GmbH\",\"url\":\"https:\\\/\\\/lovelybrows.ch\\\/\",\"logo\":{\"@type\":\"ImageObject\",\"inLanguage\":\"fr-FR\",\"@id\":\"https:\\\/\\\/lovelybrows.ch\\\/#\\\/schema\\\/logo\\\/image\\\/\",\"url\":\"https:\\\/\\\/neu.lovelybrows.cyon.site\\\/neu\\\/wp-content\\\/uploads\\\/2021\\\/12\\\/lovely-brows-Logo_rgb-1.png\",\"contentUrl\":\"https:\\\/\\\/neu.lovelybrows.cyon.site\\\/neu\\\/wp-content\\\/uploads\\\/2021\\\/12\\\/lovely-brows-Logo_rgb-1.png\",\"width\":1576,\"height\":222,\"caption\":\"Lovely Brows GmbH\"},\"image\":{\"@id\":\"https:\\\/\\\/lovelybrows.ch\\\/#\\\/schema\\\/logo\\\/image\\\/\"},\"sameAs\":[\"https:\\\/\\\/www.facebook.com\\\/lovelybrows\",\"https:\\\/\\\/www.instagram.com\\\/lovelybrows_eyebrowdesign\\\/\",\"https:\\\/\\\/www.youtube.com\\\/channel\\\/UCDgUTnGnEDmOrZiwBZS6zOQ\"]}]}<\/script>\n<!-- \/ Yoast SEO plugin. -->","yoast_head_json":{"title":"Emplacements | Lovely Brows","description":"Vous trouverez ici un aper\u00e7u de nos cinq Brow Bars dans les villes de Lucerne, Berne, Bienne, Thoune et Soleure.","robots":{"index":"index","follow":"follow","max-snippet":"max-snippet:-1","max-image-preview":"max-image-preview:large","max-video-preview":"max-video-preview:-1"},"canonical":"https:\/\/lovelybrows.ch\/fr\/emplacements\/","og_locale":"fr_FR","og_type":"article","og_title":"Emplacements | Lovely Brows","og_description":"Vous trouverez ici un aper\u00e7u de nos cinq Brow Bars dans les villes de Lucerne, Berne, Bienne, Thoune et Soleure.","og_url":"https:\/\/lovelybrows.ch\/fr\/emplacements\/","og_site_name":"Lovely Brows - perfekte Augenbrauen &amp; Wimpern","article_publisher":"https:\/\/www.facebook.com\/lovelybrows","article_modified_time":"2024-05-20T13:14:10+00:00","twitter_card":"summary_large_image","twitter_misc":{"Dur\u00e9e de lecture estim\u00e9e":"1 minute"},"schema":{"@context":"https:\/\/schema.org","@graph":[{"@type":"WebPage","@id":"https:\/\/lovelybrows.ch\/fr\/emplacements\/","url":"https:\/\/lovelybrows.ch\/fr\/emplacements\/","name":"Emplacements | Lovely Brows","isPartOf":{"@id":"https:\/\/lovelybrows.ch\/#website"},"datePublished":"2022-01-11T15:39:30+00:00","dateModified":"2024-05-20T13:14:10+00:00","description":"Vous trouverez ici un aper\u00e7u de nos cinq Brow Bars dans les villes de Lucerne, Berne, Bienne, Thoune et Soleure.","breadcrumb":{"@id":"https:\/\/lovelybrows.ch\/fr\/emplacements\/#breadcrumb"},"inLanguage":"fr-FR","potentialAction":[{"@type":"ReadAction","target":["https:\/\/lovelybrows.ch\/fr\/emplacements\/"]}]},{"@type":"BreadcrumbList","@id":"https:\/\/lovelybrows.ch\/fr\/emplacements\/#breadcrumb","itemListElement":[{"@type":"ListItem","position":1,"name":"Startseite","item":"https:\/\/lovelybrows.ch\/fr\/"},{"@type":"ListItem","position":2,"name":"Emplacements"}]},{"@type":"WebSite","@id":"https:\/\/lovelybrows.ch\/#website","url":"https:\/\/lovelybrows.ch\/","name":"Lovely Brows - perfekte Augenbrauen &amp; Wimpern","description":"Perfekte Wimpern und Augenbrauen ohne Termin.","publisher":{"@id":"https:\/\/lovelybrows.ch\/#organization"},"potentialAction":[{"@type":"SearchAction","target":{"@type":"EntryPoint","urlTemplate":"https:\/\/lovelybrows.ch\/?s={search_term_string}"},"query-input":{"@type":"PropertyValueSpecification","valueRequired":true,"valueName":"search_term_string"}}],"inLanguage":"fr-FR"},{"@type":"Organization","@id":"https:\/\/lovelybrows.ch\/#organization","name":"Lovely Brows GmbH","url":"https:\/\/lovelybrows.ch\/","logo":{"@type":"ImageObject","inLanguage":"fr-FR","@id":"https:\/\/lovelybrows.ch\/#\/schema\/logo\/image\/","url":"https:\/\/neu.lovelybrows.cyon.site\/neu\/wp-content\/uploads\/2021\/12\/lovely-brows-Logo_rgb-1.png","contentUrl":"https:\/\/neu.lovelybrows.cyon.site\/neu\/wp-content\/uploads\/2021\/12\/lovely-brows-Logo_rgb-1.png","width":1576,"height":222,"caption":"Lovely Brows GmbH"},"image":{"@id":"https:\/\/lovelybrows.ch\/#\/schema\/logo\/image\/"},"sameAs":["https:\/\/www.facebook.com\/lovelybrows","https:\/\/www.instagram.com\/lovelybrows_eyebrowdesign\/","https:\/\/www.youtube.com\/channel\/UCDgUTnGnEDmOrZiwBZS6zOQ"]}]}},"jetpack_sharing_enabled":true,"_links":{"self":[{"href":"https:\/\/lovelybrows.ch\/fr\/wp-json\/wp\/v2\/pages\/2056","targetHints":{"allow":["GET"]}}],"collection":[{"href":"https:\/\/lovelybrows.ch\/fr\/wp-json\/wp\/v2\/pages"}],"about":[{"href":"https:\/\/lovelybrows.ch\/fr\/wp-json\/wp\/v2\/types\/page"}],"author":[{"embeddable":true,"href":"https:\/\/lovelybrows.ch\/fr\/wp-json\/wp\/v2\/users\/1"}],"replies":[{"embeddable":true,"href":"https:\/\/lovelybrows.ch\/fr\/wp-json\/wp\/v2\/comments?post=2056"}],"version-history":[{"count":11,"href":"https:\/\/lovelybrows.ch\/fr\/wp-json\/wp\/v2\/pages\/2056\/revisions"}],"predecessor-version":[{"id":4947,"href":"https:\/\/lovelybrows.ch\/fr\/wp-json\/wp\/v2\/pages\/2056\/revisions\/4947"}],"wp:attachment":[{"href":"https:\/\/lovelybrows.ch\/fr\/wp-json\/wp\/v2\/media?parent=2056"}],"curies":[{"name":"wp","href":"https:\/\/api.w.org\/{rel}","templated":true}]}}